{"id":757817,"date":"2025-08-28T07:46:16","date_gmt":"2025-08-28T04:46:16","guid":{"rendered":"https:\/\/roveyayinevi.com.tr\/index.php\/urun\/dogal-ve-beseri-bilimler-acisindan-igdir-iii\/"},"modified":"2026-04-16T03:10:49","modified_gmt":"2026-04-16T00:10:49","slug":"dogal-ve-beseri-bilimler-acisindan-igdir-iii","status":"publish","type":"product","link":"https:\/\/roveyayinevi.com.tr\/index.php\/urun\/dogal-ve-beseri-bilimler-acisindan-igdir-iii\/","title":{"rendered":"Do\u011fal ve Be\u015feri Bilimler A\u00e7\u0131s\u0131ndan I\u011fd\u0131r &#8211; III"},"content":{"rendered":"<p>Do\u011funun \u00c7ukurovas\u0131 olarak bilinen I\u011fd\u0131r, verimli tar\u0131m alanlar\u0131, uygun iklim ko\u015fullar\u0131 ve Aras Nehri ile kollar\u0131n\u0131n sa\u011flad\u0131\u011f\u0131 sulama olanaklar\u0131 ile b\u00fcy\u00fck bir tar\u0131msal potansiyele sahiptir. \u00dc\u00e7 farkl\u0131 \u00fclkeye (Azerbaycan, Ermenistan, \u0130ran) s\u0131n\u0131r\u0131n\u0131n olmas\u0131 ilin ticaret ve turizm imkanlar\u0131n\u0131 da artt\u0131rmaktad\u0131r. I\u011fd\u0131r \u0130li, Modern \u0130pekyolu olarak tan\u0131mlanan g\u00fczerg\u00e2h \u00fczerinde yer al\u0131r. \u0130l, Ermenistan ile normalle\u015fmenin sa\u011flanmas\u0131yla birlikte a\u00e7\u0131lacak olan Alican S\u0131n\u0131r Kap\u0131s\u0131 ve Zengezur Koridoru arac\u0131l\u0131\u011f\u0131 ile Modern \u0130pekyoluna entegre olabilecek ve mevcut tar\u0131m, sanayi, ticaret ve turizm potansiyelini de ekonomik bir \u015fekilde kullan\u0131labilecektir. 2022 y\u0131l\u0131ndan itibaren her alt\u0131 ayda bir \u00e7\u0131kar\u0131lan Do\u011fal ve Be\u015feri Bilimler A\u00e7\u0131s\u0131ndan I\u011fd\u0131r kitaplar\u0131, ba\u015fta co\u011frafya olmak \u00fczere I\u011fd\u0131r iline dair \u00e7e\u015fitli konular\u0131, birbirinden de\u011ferli akademisyenler taraf\u0131ndan i\u015flemekte ve I\u011fd\u0131r ilinin geli\u015fmesine bilimsel katk\u0131 sa\u011flamay\u0131 ama\u00e7lamaktad\u0131r.<\/p>\n","protected":false},"excerpt":{"rendered":"<p>Do\u011funun \u00c7ukurovas\u0131 olarak bilinen I\u011fd\u0131r, verimli tar\u0131m alanlar\u0131, uygun iklim ko\u015fullar\u0131 ve Aras Nehri ile kollar\u0131n\u0131n sa\u011flad\u0131\u011f\u0131 sulama olanaklar\u0131 ile b\u00fcy\u00fck bir tar\u0131msal potansiyele sahiptir. \u00dc\u00e7<span class=\"excerpt-hellip\"> [\u2026]<\/span><\/p>\n","protected":false},"featured_media":0,"template":"","meta":{"_monsterinsights_skip_tracking":false,"_monsterinsights_sitenote_active":false,"_monsterinsights_sitenote_note":"","_monsterinsights_sitenote_category":0},"product_brand":[],"product_cat":[12573,12566],"product_tag":[],"class_list":{"0":"post-757817","1":"product","2":"type-product","3":"status-publish","5":"product_cat-akademik-kitaplar","6":"product_cat-egitim","7":"pa_cilt-ciltsiz","8":"pa_tur-kitap","9":"pa_yayinevi-aktif-yayinevi","10":"pa_yazar-aktif-kolektif","12":"first","13":"instock","14":"sale","15":"shipping-taxable","16":"purchasable","17":"product-type-simple"},"_links":{"self":[{"href":"https:\/\/roveyayinevi.com.tr\/index.php\/wp-json\/wp\/v2\/product\/757817","targetHints":{"allow":["GET"]}}],"collection":[{"href":"https:\/\/roveyayinevi.com.tr\/index.php\/wp-json\/wp\/v2\/product"}],"about":[{"href":"https:\/\/roveyayinevi.com.tr\/index.php\/wp-json\/wp\/v2\/types\/product"}],"wp:attachment":[{"href":"https:\/\/roveyayinevi.com.tr\/index.php\/wp-json\/wp\/v2\/media?parent=757817"}],"wp:term":[{"taxonomy":"product_brand","embeddable":true,"href":"https:\/\/roveyayinevi.com.tr\/index.php\/wp-json\/wp\/v2\/product_brand?post=757817"},{"taxonomy":"product_cat","embeddable":true,"href":"https:\/\/roveyayinevi.com.tr\/index.php\/wp-json\/wp\/v2\/product_cat?post=757817"},{"taxonomy":"product_tag","embeddable":true,"href":"https:\/\/roveyayinevi.com.tr\/index.php\/wp-json\/wp\/v2\/product_tag?post=757817"}],"curies":[{"name":"wp","href":"https:\/\/api.w.org\/{rel}","templated":true}]}}