{"id":757815,"date":"2025-08-28T07:46:13","date_gmt":"2025-08-28T04:46:13","guid":{"rendered":"https:\/\/roveyayinevi.com.tr\/index.php\/urun\/guncel-turkce-sozlukte-sozluksel-bosluk-turkmen-turkcesi-temelinde\/"},"modified":"2026-04-16T03:10:49","modified_gmt":"2026-04-16T00:10:49","slug":"guncel-turkce-sozlukte-sozluksel-bosluk-turkmen-turkcesi-temelinde","status":"publish","type":"product","link":"https:\/\/roveyayinevi.com.tr\/index.php\/urun\/guncel-turkce-sozlukte-sozluksel-bosluk-turkmen-turkcesi-temelinde\/","title":{"rendered":"G\u00fcncel T\u00fcrk\u00e7e S\u00f6zl\u00fck\u2019te S\u00f6zl\u00fcksel Bo\u015fluk (T\u00fcrkmen T\u00fcrk\u00e7esi Temelinde)"},"content":{"rendered":"<p>Gerek bir dil i\u00e7inde gerekse kar\u015f\u0131la\u015ft\u0131rmal\u0131 diller aras\u0131nda s\u00f6zvarl\u0131\u011f\u0131 ile ilgili \u00e7al\u0131\u015fmalar \u201cleksikoloji\u201d dal\u0131 alt\u0131nda uzun y\u0131llardanbu yana yap\u0131lmaktad\u0131r. Geleneksel dilbilgisi anlay\u0131\u015f\u0131na dayanan\u00e7al\u0131\u015fmalardan farkl\u0131 olarak G\u00fcncel T\u00fcrk\u00e7e S\u00f6zl\u00fck\u2019te S\u00f6zl\u00fckselBo\u015fluk (T\u00fcrkmen T\u00fcrk\u00e7esi Temelinde) adl\u0131 eser dilbilimsel biryakla\u015f\u0131mla haz\u0131rlanmaya \u00e7al\u0131\u015f\u0131lm\u0131\u015ft\u0131r.Bu \u00e7al\u0131\u015fmada, G\u00fcney-Bat\u0131 (O\u011fuz) grubu dillerinden T\u00fcrkiyeT\u00fcrk\u00e7esi ve T\u00fcrkmen T\u00fcrk\u00e7esinin s\u00f6z varl\u0131\u011f\u0131 kar\u015f\u0131la\u015ft\u0131r\u0131lmas\u0131yap\u0131lm\u0131\u015ft\u0131r. Bu ba\u011flamda kaynak dilin s\u00f6zl\u00fc\u011f\u00fc olan \u201cT\u00fcrkmenDilini\u0148 D\u00fc\u015f\u00fcndiri\u015fli S\u00f6zl\u00fcgi\u201dnden hareketle hedef dilin s\u00f6zl\u00fc\u011f\u00fcolan \u201cG\u00fcncel T\u00fcrk\u00e7e Elektronik S\u00f6zl\u00fck\u201dte tespit edilen s\u00f6zl\u00fckselbo\u015fluk i\u015faretleyicileri belirlenmeye \u00e7al\u0131\u015f\u0131lm\u0131\u015ft\u0131r.<\/p>\n","protected":false},"excerpt":{"rendered":"<p>Gerek bir dil i\u00e7inde gerekse kar\u015f\u0131la\u015ft\u0131rmal\u0131 diller aras\u0131nda s\u00f6zvarl\u0131\u011f\u0131 ile ilgili \u00e7al\u0131\u015fmalar \u201cleksikoloji\u201d dal\u0131 alt\u0131nda uzun y\u0131llardanbu yana yap\u0131lmaktad\u0131r. Geleneksel dilbilgisi anlay\u0131\u015f\u0131na dayanan\u00e7al\u0131\u015fmalardan farkl\u0131 olarak G\u00fcncel<span class=\"excerpt-hellip\"> [\u2026]<\/span><\/p>\n","protected":false},"featured_media":0,"template":"","meta":{"_monsterinsights_skip_tracking":false,"_monsterinsights_sitenote_active":false,"_monsterinsights_sitenote_note":"","_monsterinsights_sitenote_category":0},"product_brand":[],"product_cat":[12566,13611],"product_tag":[],"class_list":{"0":"post-757815","1":"product","2":"type-product","3":"status-publish","5":"product_cat-egitim","6":"product_cat-sozlukler-ve-konusma-kilavuzlari","7":"pa_cilt-ciltsiz","8":"pa_tur-kitap","9":"pa_yayinevi-aktif-yayinevi","10":"pa_yazar-oguz-kisa","12":"first","13":"instock","14":"sale","15":"shipping-taxable","16":"purchasable","17":"product-type-simple"},"_links":{"self":[{"href":"https:\/\/roveyayinevi.com.tr\/index.php\/wp-json\/wp\/v2\/product\/757815","targetHints":{"allow":["GET"]}}],"collection":[{"href":"https:\/\/roveyayinevi.com.tr\/index.php\/wp-json\/wp\/v2\/product"}],"about":[{"href":"https:\/\/roveyayinevi.com.tr\/index.php\/wp-json\/wp\/v2\/types\/product"}],"wp:attachment":[{"href":"https:\/\/roveyayinevi.com.tr\/index.php\/wp-json\/wp\/v2\/media?parent=757815"}],"wp:term":[{"taxonomy":"product_brand","embeddable":true,"href":"https:\/\/roveyayinevi.com.tr\/index.php\/wp-json\/wp\/v2\/product_brand?post=757815"},{"taxonomy":"product_cat","embeddable":true,"href":"https:\/\/roveyayinevi.com.tr\/index.php\/wp-json\/wp\/v2\/product_cat?post=757815"},{"taxonomy":"product_tag","embeddable":true,"href":"https:\/\/roveyayinevi.com.tr\/index.php\/wp-json\/wp\/v2\/product_tag?post=757815"}],"curies":[{"name":"wp","href":"https:\/\/api.w.org\/{rel}","templated":true}]}}