{"id":757810,"date":"2025-08-28T07:46:07","date_gmt":"2025-08-28T04:46:07","guid":{"rendered":"https:\/\/roveyayinevi.com.tr\/index.php\/urun\/cankirinin-geleneksel-kent-dokusu-ve-konutlari\/"},"modified":"2026-04-16T03:10:48","modified_gmt":"2026-04-16T00:10:48","slug":"cankirinin-geleneksel-kent-dokusu-ve-konutlari","status":"publish","type":"product","link":"https:\/\/roveyayinevi.com.tr\/index.php\/urun\/cankirinin-geleneksel-kent-dokusu-ve-konutlari\/","title":{"rendered":"\u00c7ank\u0131r\u0131&#8217;n\u0131n Geleneksel Kent Dokusu ve Konutlar\u0131"},"content":{"rendered":"<p>Tarihten g\u00fcn\u00fcm\u00fcze kadar insanlar bar\u0131nma, beslenme gibi temel ihtiya\u00e7lar\u0131n\u0131 kar\u015f\u0131lamak i\u00e7in ya\u015fam alanlar\u0131 olu\u015fturmu\u015ftur. Bu ya\u015fam alanlar\u0131 \u00f6nceden do\u011fan\u0131n sa\u011flad\u0131\u011f\u0131 imkanlar dahilinde ma\u011fara gibi do\u011fal alanlar iken, insan\u0131n \u00fcretme, in\u015fa etme yeteneklerine ula\u015fmas\u0131 ve yerle\u015fik hayata ge\u00e7mesiyle birlikte kendi in\u015fa etti\u011fi yap\u0131lara d\u00f6n\u00fc\u015fmeye ba\u015flam\u0131\u015ft\u0131r. Zaman i\u00e7erisinde bu ya\u015fam birimlerinin belli d\u00fczende bir araya gelmesiyle de geleneksel sokak dokular\u0131, meydan ve mahalle gibi daha b\u00fcy\u00fck yerle\u015fim birimleri ortaya \u00e7\u0131km\u0131\u015ft\u0131r.Geleneksel T\u00fcrk konutlar\u0131n\u0131n genel \u00f6zelliklerinin, tarihi s\u00fcre\u00e7 i\u00e7erisinde s\u00fcregelen bir k\u00fclt\u00fcr birikimiyle meydana geldi\u011fi anla\u015f\u0131lmaktad\u0131r. Anadolu\u2019nun co\u011frafi ve iklimsel \u00f6zellikleri de konut yap\u0131m\u0131nda her d\u00f6nemde etkili fakt\u00f6rler olmu\u015ftur. Yap\u0131m tekni\u011fi, uygulama y\u00f6ntemleri, kullan\u0131lan malzeme ve cephe \u015fekilleni\u015finde b\u00f6lgenin co\u011frafi ve iklim \u00f6zelliklerinin etkisi g\u00f6r\u00fclmektedir.Geleneksel T\u00fcrk konut mimarisinin \u00f6zelliklerini yans\u0131tan \u00c7ank\u0131r\u0131 kenti, tarih boyunca bir\u00e7ok medeniyete ev sahipli\u011fi yapm\u0131\u015f, tarihi, k\u00fclt\u00fcr\u00fc ve sanat\u0131yla \u00f6nemli bir yerle\u015fim yeridir. \u00c7ank\u0131r\u0131\u2019n\u0131n Geleneksel Kent Dokusu ve Konutlar\u0131 isimli bu eserde, \u00c7ank\u0131r\u0131 ili i\u00e7erisinde yer alan konutlar\u0131n mimari ve bezeme \u00f6zellikleri incelenerek, geleneksel T\u00fcrk konut mimarisindeki yerini ve \u00f6zg\u00fcn de\u011feri ortaya \u00e7\u0131kart\u0131lmaktad\u0131r.<\/p>\n","protected":false},"excerpt":{"rendered":"<p>Tarihten g\u00fcn\u00fcm\u00fcze kadar insanlar bar\u0131nma, beslenme gibi temel ihtiya\u00e7lar\u0131n\u0131 kar\u015f\u0131lamak i\u00e7in ya\u015fam alanlar\u0131 olu\u015fturmu\u015ftur. Bu ya\u015fam alanlar\u0131 \u00f6nceden do\u011fan\u0131n sa\u011flad\u0131\u011f\u0131 imkanlar dahilinde ma\u011fara gibi do\u011fal alanlar<span class=\"excerpt-hellip\"> [\u2026]<\/span><\/p>\n","protected":false},"featured_media":0,"template":"","meta":{"_monsterinsights_skip_tracking":false,"_monsterinsights_sitenote_active":false,"_monsterinsights_sitenote_note":"","_monsterinsights_sitenote_category":0},"product_brand":[],"product_cat":[12324],"product_tag":[],"class_list":{"0":"post-757810","1":"product","2":"type-product","3":"status-publish","5":"product_cat-sosyoloji","6":"pa_cilt-ciltsiz","7":"pa_tur-kitap","8":"pa_yayinevi-aktif-yayinevi","9":"pa_yazar-ugur-demirbag","11":"first","12":"instock","13":"sale","14":"shipping-taxable","15":"purchasable","16":"product-type-simple"},"_links":{"self":[{"href":"https:\/\/roveyayinevi.com.tr\/index.php\/wp-json\/wp\/v2\/product\/757810","targetHints":{"allow":["GET"]}}],"collection":[{"href":"https:\/\/roveyayinevi.com.tr\/index.php\/wp-json\/wp\/v2\/product"}],"about":[{"href":"https:\/\/roveyayinevi.com.tr\/index.php\/wp-json\/wp\/v2\/types\/product"}],"wp:attachment":[{"href":"https:\/\/roveyayinevi.com.tr\/index.php\/wp-json\/wp\/v2\/media?parent=757810"}],"wp:term":[{"taxonomy":"product_brand","embeddable":true,"href":"https:\/\/roveyayinevi.com.tr\/index.php\/wp-json\/wp\/v2\/product_brand?post=757810"},{"taxonomy":"product_cat","embeddable":true,"href":"https:\/\/roveyayinevi.com.tr\/index.php\/wp-json\/wp\/v2\/product_cat?post=757810"},{"taxonomy":"product_tag","embeddable":true,"href":"https:\/\/roveyayinevi.com.tr\/index.php\/wp-json\/wp\/v2\/product_tag?post=757810"}],"curies":[{"name":"wp","href":"https:\/\/api.w.org\/{rel}","templated":true}]}}