{"id":757809,"date":"2025-08-28T07:46:06","date_gmt":"2025-08-28T04:46:06","guid":{"rendered":"https:\/\/roveyayinevi.com.tr\/index.php\/urun\/yabanci-dil-ogretimi-gelistirme-ve-yenilemeye-yonelik-anlayislar\/"},"modified":"2026-04-16T03:10:48","modified_gmt":"2026-04-16T00:10:48","slug":"yabanci-dil-ogretimi-gelistirme-ve-yenilemeye-yonelik-anlayislar","status":"publish","type":"product","link":"https:\/\/roveyayinevi.com.tr\/index.php\/urun\/yabanci-dil-ogretimi-gelistirme-ve-yenilemeye-yonelik-anlayislar\/","title":{"rendered":"Yabanc\u0131 Dil \u00d6\u011fretimi &#8211; Geli\u015ftirme ve Yenilemeye Y\u00f6nelik Anlay\u0131\u015flar"},"content":{"rendered":"<p>\u0634\u0643\u0644 \u062a\u0639\u0644\u064a\u0645\u064a\u0629 \u0627\u0644\u0644\u063a\u0627\u062a \u0627\u0644\u0623\u062c\u0646\u0628\u064a\u0629 \u062d\u0644\u0642\u0629 \u0645\u0647\u0645\u0629 \u0641\u064a \u0628\u0646\u064a\u0629 \u0627\u0644\u0645\u062c\u062a\u0645\u0639\u0627\u062a \u0627\u0644\u0645\u0639\u0627\u0635\u0631\u0629 \u0644\u0645\u0627 \u062a\u062c\u0645\u0651\u0639 \u0639\u0646\u062f\u0647\u0627 \u0645\u0646 \u062b\u0642\u0627\u0641\u0627\u062a \u0648\u0648\u0633\u0627\u0626\u0644 \u0627\u062a\u0635\u0627\u0644 \u062a\u0641\u0631\u0636 \u0647\u0630\u0627 \u0627\u0644\u062a\u0646\u0648\u0639 \u0627\u0644\u062a\u0639\u0644\u064a\u0645\u064a\u061b \u0625\u0630 \u062a\u062a\u0645\u064a\u0632 \u0627\u0644\u0645\u062c\u062a\u0645\u0639\u0627\u062a \u0627\u0644\u062d\u0627\u0644\u064a\u0629 \u0628\u0627\u0633\u062a\u0639\u0645\u0627\u0644 \u0644\u063a\u0627\u062a \u0645\u062a\u0639\u062f\u062f\u0629\u060c \u0648\u0644\u0627 \u062a\u0634\u0643\u0644 \u0627\u0644\u0645\u0624\u0633\u0633\u0627\u062a \u0627\u0644\u062a\u0639\u0644\u064a\u0645\u064a\u0629 \u0627\u0633\u062a\u062b\u0646\u0627\u0621 \u0645\u0646 \u0647\u0630\u0647 \u0627\u0644\u0642\u0627\u0639\u062f\u0629\u061b \u062d\u064a\u062b \u0623\u0635\u0628\u062d\u062a \u0642\u0636\u064a\u0629 \u0627\u0644\u062a\u0639\u062f\u062f \u0627\u0644\u0644\u063a\u0648\u064a \u0645\u0631\u0643\u0632\u064a\u0629 \u0641\u064a \u0627\u0644\u0627\u0647\u062a\u0645\u0627\u0645\u0627\u062a \u0627\u0644\u062d\u0627\u0644\u064a\u0629 \u0644\u0644\u0628\u0627\u062d\u062b\u064a\u0646 \u0648\u0627\u0644\u0645\u062f\u0631\u0651\u0633\u064a\u0646 \u0645\u0646 \u0645\u062c\u0627\u0644\u0627\u062a \u0648\u062d\u0642\u0648\u0644 \u0645\u0639\u0631\u0641\u064a\u0629 \u0645\u062a\u0639\u062f\u062f\u0629 \u0643\u0627\u0644\u0644\u0633\u0627\u0646\u064a\u0627\u062a \u0648\u0627\u0644\u0644\u0633\u0627\u0646\u064a\u0627\u062a \u0627\u0644\u0627\u062c\u062a\u0645\u0627\u0639\u064a\u0629 \u0648\u062a\u0639\u0644\u064a\u0645\u064a\u0629 \u0627\u0644\u0644\u063a\u0627\u062a. \u0643\u0645\u0627 \u0644\u0627 \u064a\u0645\u0643\u0646 \u0644\u0623\u062d\u062f \u0623\u0646 \u064a\u0646\u0643\u0631 \u0623\u0648 \u064a\u062a\u062c\u0627\u0647\u0644 \u0623\u0647\u0645\u064a\u0629 \u062a\u0639\u0644\u064a\u0645 \u0627\u0644\u0644\u063a\u0627\u062a \u0641\u064a \u0647\u0630\u0627 \u0627\u0644\u0639\u0635\u0631\u060c \u0641\u0644\u0642\u062f \u0639\u0631\u0641\u062a \u062a\u0639\u0644\u064a\u0645\u064a\u0629 \u0627\u0644\u0644\u063a\u0627\u062a \u062a\u0637\u0648\u0631\u0627 \u0648\u0627\u0633\u0639\u0627\u060c \u0648\u0627\u0633\u062a\u0637\u0627\u0639\u062a \u0623\u0646 \u062a\u0634\u0643\u0644 \u0645\u062f\u0648\u0646\u0629 \u0645\u0639\u0631\u0641\u064a\u0629 \u0648\u0645\u0646\u0647\u062c\u064a\u0629 \u0645\u0631\u062a\u0628\u0637\u0629 \u0628\u062e\u0635\u0648\u0635\u064a\u0629 \u0627\u0644\u0644\u063a\u0627\u062a \u0648\u062a\u0639\u0644\u064a\u0645\u0647\u0627\u060c \u062d\u064a\u062b \u0623\u0642\u0628\u0644\u062a \u0623\u0639\u062f\u0627\u062f \u0643\u0628\u064a\u0631\u0629 \u0645\u0646 \u0627\u0644\u0623\u0641\u0631\u0627\u062f \u0641\u064a \u0645\u062e\u062a\u0644\u0641 \u062f\u0648\u0644 \u0627\u0644\u0639\u0627\u0644\u0645 \u0639\u0644\u0649 \u062a\u0639\u0644\u0645 \u0627\u0644\u0644\u063a\u0627\u062a.\u0625\u0646\u0651 \u0623\u0639\u0645\u0627\u0644 \u0627\u0644\u0645\u0624\u062a\u0645\u0631 \u0627\u0644\u062f\u0651\u0648\u0644\u064a\u0651 \u0627\u0644\u062b\u0651\u0627\u0644\u062b: \u062a\u0639\u0644\u064a\u0645 \u0627\u0644\u0644\u063a\u0627\u062a \u0627\u0644\u0623\u062c\u0646\u0628\u064a\u0651\u0629: \u0622\u0641\u0627\u0642 \u0627\u0644\u062a\u0637\u0648\u064a\u0631 \u0648\u0627\u0644\u062a\u062c\u062f\u064a\u062f \u062a\u0628\u0633\u0637 \u0627\u0644\u0646\u0642\u0627\u0634 \u0641\u064a\u0645\u0627 \u062a\u0642\u062f\u0651\u0645 \u0643\u0644\u0651\u0647\u060c \u0641\u064a \u0633\u064a\u0627\u0642 \u0645\u062f\u0631\u0648\u0633 \u064a\u062c\u0645\u0639 \u0628\u064a\u0646 \u0627\u0644\u062a\u0646\u0638\u064a\u0631 \u0648\u0627\u0644\u062a\u0637\u0628\u064a\u0642.\u0628\u0645\u0634\u0627\u0631\u0643\u0629 35 \u0639\u0627\u0644\u0645\u0627 \u0645\u0646 14 \u062f\u0648\u0644\u0629\u060c \u062a\u0645 \u0646\u0634\u0631 \u0623\u0639\u0645\u0627\u0644 \u0627\u0644\u0645\u0624\u062a\u0645\u0631 \u0628\u0639\u062f \u0645\u0631\u0627\u062c\u0639\u062a\u0647\u0627 \u0645\u0646 \u0642\u0628\u0644 \u0627\u0644\u062d\u0643\u0627\u0645 \u0648\u0627\u0644\u0645\u062d\u0631\u0631\u064a\u0646 \u0643\u0643\u062a\u0627\u0628 \u0641\u064a \u062f\u0627\u0631 \u0646\u0634\u0631 Aktif \u0627\u0644\u062f\u0648\u0644\u064a\u0629. Yabanc\u0131 dil e\u011fitimi, bu e\u011fitimi \u00e7e\u015fitlili\u011fini zorunlu k\u0131lan bir\u00e7ok k\u00fclt\u00fcr ve ileti\u015fim arac\u0131 nedeniyle \u00e7a\u011fda\u015f toplumlar\u0131n yap\u0131s\u0131nda \u00f6nemli bir halka olu\u015fturmaktad\u0131r; Zira g\u00fcn\u00fcm\u00fcz toplumlar\u0131 birden \u00e7ok dilin kullan\u0131lmas\u0131yla \u00f6ne \u00e7\u0131kmaktad\u0131r ve e\u011fitim kurumlar\u0131 da bu kural\u0131n istisnas\u0131 de\u011fildir. \u00c7ok dillilik konusu, dilbilim, toplum dilbilim ve dil e\u011fitimi gibi birden \u00e7ok alan ve bilgi alan\u0131ndan ara\u015ft\u0131rmac\u0131lar\u0131n ve \u00f6\u011fretmenlerin g\u00fcncel ilgilerinin merkezi haline gelmi\u015ftir. Bu \u00e7a\u011fda hi\u00e7 kimse dil e\u011fitiminin \u00f6nemini inkar edemeyece\u011fi veya g\u00f6rmezden gelemeyece\u011fi gibi, dil e\u011fitimi b\u00fcy\u00fck bir geli\u015fme kaydetmi\u015f, dillerin \u00f6zellikleri ve e\u011fitimi ile ilgili bir bilgi ve metodoloji blog\u2019u olu\u015fturmu\u015ftur.  D\u00fcnyan\u0131n \u00e7e\u015fitli \u00fclkelerinde \u00e7ok say\u0131da insan dillerin \u00f6\u011frenimine y\u00f6nelmi\u015ftir.\u00dc\u00e7\u00fcnc\u00fc Uluslararas\u0131 Konferans Bildirileri: Yabanc\u0131 dil e\u011fitimi: Geli\u015ftirme ve yenilik g\u00f6r\u00fc\u015fleri teori ve prati\u011fi birle\u015ftiren \u00e7al\u0131\u015f\u0131lm\u0131\u015f bir ba\u011flamda yukar\u0131dakilerin tamam\u0131ndaki tart\u0131\u015fmay\u0131 a\u00e7\u0131klamaktad\u0131r.14 \u00fclkeden 35 bilim insan\u0131n\u0131n kat\u0131l\u0131m\u0131yla ger\u00e7ekle\u015fen konferans\u0131n bildirileri, hakemler ve edit\u00f6rler taraf\u0131ndan incelendikten sonra uluslararas\u0131 Aktif Yay\u0131nevi taraf\u0131ndan kitap olarak yay\u0131nland\u0131.<\/p>\n","protected":false},"excerpt":{"rendered":"<p>\u0634\u0643\u0644 \u062a\u0639\u0644\u064a\u0645\u064a\u0629 \u0627\u0644\u0644\u063a\u0627\u062a \u0627\u0644\u0623\u062c\u0646\u0628\u064a\u0629 \u062d\u0644\u0642\u0629 \u0645\u0647\u0645\u0629 \u0641\u064a \u0628\u0646\u064a\u0629 \u0627\u0644\u0645\u062c\u062a\u0645\u0639\u0627\u062a \u0627\u0644\u0645\u0639\u0627\u0635\u0631\u0629 \u0644\u0645\u0627 \u062a\u062c\u0645\u0651\u0639 \u0639\u0646\u062f\u0647\u0627 \u0645\u0646 \u062b\u0642\u0627\u0641\u0627\u062a \u0648\u0648\u0633\u0627\u0626\u0644 \u0627\u062a\u0635\u0627\u0644 \u062a\u0641\u0631\u0636 \u0647\u0630\u0627 \u0627\u0644\u062a\u0646\u0648\u0639 \u0627\u0644\u062a\u0639\u0644\u064a\u0645\u064a\u061b \u0625\u0630 \u062a\u062a\u0645\u064a\u0632 \u0627\u0644\u0645\u062c\u062a\u0645\u0639\u0627\u062a \u0627\u0644\u062d\u0627\u0644\u064a\u0629 \u0628\u0627\u0633\u062a\u0639\u0645\u0627\u0644<span class=\"excerpt-hellip\"> [\u2026]<\/span><\/p>\n","protected":false},"featured_media":0,"template":"","meta":{"_monsterinsights_skip_tracking":false,"_monsterinsights_sitenote_active":false,"_monsterinsights_sitenote_note":"","_monsterinsights_sitenote_category":0},"product_brand":[],"product_cat":[14597,12566],"product_tag":[],"class_list":{"0":"post-757809","1":"product","2":"type-product","3":"status-publish","5":"product_cat-dil-ogrenimi","6":"product_cat-egitim","7":"pa_cilt-ciltsiz","8":"pa_tur-kitap","9":"pa_yayinevi-aktif-yayinevi","10":"pa_yazar-aktif-kolektif","12":"first","13":"instock","14":"sale","15":"shipping-taxable","16":"purchasable","17":"product-type-simple"},"_links":{"self":[{"href":"https:\/\/roveyayinevi.com.tr\/index.php\/wp-json\/wp\/v2\/product\/757809","targetHints":{"allow":["GET"]}}],"collection":[{"href":"https:\/\/roveyayinevi.com.tr\/index.php\/wp-json\/wp\/v2\/product"}],"about":[{"href":"https:\/\/roveyayinevi.com.tr\/index.php\/wp-json\/wp\/v2\/types\/product"}],"wp:attachment":[{"href":"https:\/\/roveyayinevi.com.tr\/index.php\/wp-json\/wp\/v2\/media?parent=757809"}],"wp:term":[{"taxonomy":"product_brand","embeddable":true,"href":"https:\/\/roveyayinevi.com.tr\/index.php\/wp-json\/wp\/v2\/product_brand?post=757809"},{"taxonomy":"product_cat","embeddable":true,"href":"https:\/\/roveyayinevi.com.tr\/index.php\/wp-json\/wp\/v2\/product_cat?post=757809"},{"taxonomy":"product_tag","embeddable":true,"href":"https:\/\/roveyayinevi.com.tr\/index.php\/wp-json\/wp\/v2\/product_tag?post=757809"}],"curies":[{"name":"wp","href":"https:\/\/api.w.org\/{rel}","templated":true}]}}