{"id":757807,"date":"2025-08-28T07:46:03","date_gmt":"2025-08-28T04:46:03","guid":{"rendered":"https:\/\/roveyayinevi.com.tr\/index.php\/urun\/zoographia-rosso-asiatica-turk-ve-mogol-dillerine-ait-hayvan-adlarinin-incelenmesi\/"},"modified":"2026-04-16T03:10:48","modified_gmt":"2026-04-16T00:10:48","slug":"zoographia-rosso-asiatica-turk-ve-mogol-dillerine-ait-hayvan-adlarinin-incelenmesi","status":"publish","type":"product","link":"https:\/\/roveyayinevi.com.tr\/index.php\/urun\/zoographia-rosso-asiatica-turk-ve-mogol-dillerine-ait-hayvan-adlarinin-incelenmesi\/","title":{"rendered":"Zoographia Rosso-Asiatica &#8211; T\u00fcrk ve Mo\u011fol Dillerine Ait Hayvan Adlar\u0131n\u0131n \u0130ncelenmesi"},"content":{"rendered":"<p>18. y\u00fczy\u0131lda Rus co\u011frafyas\u0131n\u0131 ke\u015ffetmek \u00fczere yola \u00e7\u0131kan bat\u0131l\u0131 ara\u015ft\u0131rmac\u0131lardan biri olan Alman as\u0131ll\u0131 zoolog ve bitki bilimci Peter Simon Pallas gezileri s\u0131ras\u0131nda kar\u015f\u0131la\u015ft\u0131\u011f\u0131 hayvan t\u00fcrlerini Zoographia Rosso-Asiatica isimli eserinde bir araya getirerek incelemi\u015ftir. Pallas\u2019\u0131n 875 farkl\u0131 hayvan t\u00fcr\u00fcne yer verdi\u011fi bu eser, zooloji bilimine \u00f6nemli katk\u0131lar sa\u011flamaktad\u0131r. Eserde ayn\u0131 zamanda hayvan t\u00fcrlerinin o d\u00f6nem Rus co\u011frafyas\u0131nda konu\u015fulan pek \u00e7ok dildeki kar\u015f\u0131l\u0131\u011f\u0131na yer verilmi\u015ftir. Bu diller i\u00e7erisinde Altay dil ara\u015ft\u0131rmalar\u0131 a\u00e7\u0131s\u0131ndan \u00f6nem arz eden T\u00fcrk, Mo\u011fol, Tunguz, Kore, Japon dillerinin yan\u0131 s\u0131ra Hint-Avrupa, Ural, \u00c7in, Samoyed gibi daha pek \u00e7ok dil yer almaktad\u0131r.Bu \u00e7al\u0131\u015fmada ise Zoographia Rosso-Asiatica isimli eserde yer alan T\u00fcrk ve Mo\u011fol dillerine ait hayvan adlar\u0131 tespit edilerek dilbilimsel a\u00e7\u0131dan incelenmi\u015ftir. T\u00fcm hayvan t\u00fcrleri T\u00fcrkiye T\u00fcrk\u00e7esindeki bi\u00e7imleri ile Latince kar\u015f\u0131l\u0131klar\u0131 belirtilmek suretiyle s\u0131ralanm\u0131\u015ft\u0131r. Daha sonra T\u00fcrk dillerinde tespit edilen adlar\u0131n, tarihi ve modern dillerdeki bi\u00e7imleri ile T\u00fcrkiye T\u00fcrk\u00e7esi a\u011f\u0131zlar\u0131ndaki bi\u00e7imleri belirtilmi\u015f, ayr\u0131ca etimolojik a\u00e7\u0131klamalar\u0131na da yer verilmi\u015ftir. Mo\u011folca hayvan adlar\u0131 ise Mo\u011fol dillerinde mevcut kar\u015f\u0131l\u0131klar\u0131 belirtilmek suretiyle T\u00fcrk dilleri ile kar\u015f\u0131la\u015ft\u0131rmal\u0131 olarak incelenmi\u015ftir.<\/p>\n","protected":false},"excerpt":{"rendered":"<p>18. y\u00fczy\u0131lda Rus co\u011frafyas\u0131n\u0131 ke\u015ffetmek \u00fczere yola \u00e7\u0131kan bat\u0131l\u0131 ara\u015ft\u0131rmac\u0131lardan biri olan Alman as\u0131ll\u0131 zoolog ve bitki bilimci Peter Simon Pallas gezileri s\u0131ras\u0131nda kar\u015f\u0131la\u015ft\u0131\u011f\u0131 hayvan t\u00fcrlerini<span class=\"excerpt-hellip\"> [\u2026]<\/span><\/p>\n","protected":false},"featured_media":0,"template":"","meta":{"_monsterinsights_skip_tracking":false,"_monsterinsights_sitenote_active":false,"_monsterinsights_sitenote_note":"","_monsterinsights_sitenote_category":0},"product_brand":[],"product_cat":[20225,12291],"product_tag":[],"class_list":{"0":"post-757807","1":"product","2":"type-product","3":"status-publish","5":"product_cat-dil-bilim","6":"product_cat-edebiyat","7":"pa_cilt-ciltsiz","8":"pa_tur-kitap","9":"pa_yayinevi-aktif-yayinevi","10":"pa_yazar-basak-percin-bostan","12":"first","13":"instock","14":"sale","15":"shipping-taxable","16":"purchasable","17":"product-type-simple"},"_links":{"self":[{"href":"https:\/\/roveyayinevi.com.tr\/index.php\/wp-json\/wp\/v2\/product\/757807","targetHints":{"allow":["GET"]}}],"collection":[{"href":"https:\/\/roveyayinevi.com.tr\/index.php\/wp-json\/wp\/v2\/product"}],"about":[{"href":"https:\/\/roveyayinevi.com.tr\/index.php\/wp-json\/wp\/v2\/types\/product"}],"wp:attachment":[{"href":"https:\/\/roveyayinevi.com.tr\/index.php\/wp-json\/wp\/v2\/media?parent=757807"}],"wp:term":[{"taxonomy":"product_brand","embeddable":true,"href":"https:\/\/roveyayinevi.com.tr\/index.php\/wp-json\/wp\/v2\/product_brand?post=757807"},{"taxonomy":"product_cat","embeddable":true,"href":"https:\/\/roveyayinevi.com.tr\/index.php\/wp-json\/wp\/v2\/product_cat?post=757807"},{"taxonomy":"product_tag","embeddable":true,"href":"https:\/\/roveyayinevi.com.tr\/index.php\/wp-json\/wp\/v2\/product_tag?post=757807"}],"curies":[{"name":"wp","href":"https:\/\/api.w.org\/{rel}","templated":true}]}}