{"id":757806,"date":"2025-08-28T07:46:02","date_gmt":"2025-08-28T04:46:02","guid":{"rendered":"https:\/\/roveyayinevi.com.tr\/index.php\/urun\/ceviri-teknigi\/"},"modified":"2026-04-16T03:10:48","modified_gmt":"2026-04-16T00:10:48","slug":"ceviri-teknigi","status":"publish","type":"product","link":"https:\/\/roveyayinevi.com.tr\/index.php\/urun\/ceviri-teknigi\/","title":{"rendered":"\u00c7eviri Tekni\u011fi"},"content":{"rendered":"<p>Yabanc\u0131 dil s\u0131navlar\u0131, g\u00fcn\u00fcm\u00fczde sadece sorularla de\u011fil cevap \u015f\u0131klar\u0131nda dahi aday\u0131n bir\u00e7ok karma\u015f\u0131k dil yetene\u011fini s\u0131namaktad\u0131r. \u00c7eviri Tekni\u011fi isimli bu eserde, \u0130ngilizce\u2019den T\u00fcrk\u00e7e\u2019ye ve T\u00fcrk\u00e7e\u2019den \u0130ngilizce\u2019ye terc\u00fcme yapmak isteyen \u00fcniversite \u00f6\u011frencilerinin ve \u00f6\u011fretim elemanlar\u0131n\u0131n KPDS, YDS, Y\u00d6KD\u0130L gibi merkezi dil s\u0131navlar\u0131na haz\u0131rlanmalar\u0131 i\u00e7in ihtiya\u00e7lar\u0131n\u0131 kar\u015f\u0131layacak temel bir \u0130ngilizce dilbilgisi \u00f6zeti verilmektedir. Ayr\u0131ca, dilbilgisi konular\u0131n\u0131n sunulu\u015fu ve terc\u00fcmeye y\u00f6nelik bir tarzda ele al\u0131n\u0131\u015f\u0131 itibariyle benimsenen \u00f6zel anlat\u0131m stili ile kolaydan zora farkl\u0131 seviyelerde soru \u00f6rnekleri de sunulmaktad\u0131r. Her soruda en az bir \u0130ngilizce dilbilgisi kural\u0131n\u0131n g\u00f6sterilmesine \u00f6zen g\u00f6sterilen \u00e7eviri \u00e7al\u0131\u015fmalar\u0131, farkl\u0131 konularda se\u00e7ilmi\u015f ve analiz edilerek a\u00e7\u0131klamal\u0131 terc\u00fcmeleri yap\u0131lm\u0131\u015ft\u0131r.<\/p>\n","protected":false},"excerpt":{"rendered":"<p>Yabanc\u0131 dil s\u0131navlar\u0131, g\u00fcn\u00fcm\u00fczde sadece sorularla de\u011fil cevap \u015f\u0131klar\u0131nda dahi aday\u0131n bir\u00e7ok karma\u015f\u0131k dil yetene\u011fini s\u0131namaktad\u0131r. \u00c7eviri Tekni\u011fi isimli bu eserde, \u0130ngilizce\u2019den T\u00fcrk\u00e7e\u2019ye ve T\u00fcrk\u00e7e\u2019den \u0130ngilizce\u2019ye<span class=\"excerpt-hellip\"> [\u2026]<\/span><\/p>\n","protected":false},"featured_media":0,"template":"","meta":{"_monsterinsights_skip_tracking":false,"_monsterinsights_sitenote_active":false,"_monsterinsights_sitenote_note":"","_monsterinsights_sitenote_category":0},"product_brand":[],"product_cat":[14597,12566],"product_tag":[],"class_list":{"0":"post-757806","1":"product","2":"type-product","3":"status-publish","5":"product_cat-dil-ogrenimi","6":"product_cat-egitim","7":"pa_cilt-ciltsiz","8":"pa_tur-kitap","9":"pa_yayinevi-aktif-yayinevi","10":"pa_yazar-ebubekir-bakan","12":"first","13":"instock","14":"sale","15":"shipping-taxable","16":"purchasable","17":"product-type-simple"},"_links":{"self":[{"href":"https:\/\/roveyayinevi.com.tr\/index.php\/wp-json\/wp\/v2\/product\/757806","targetHints":{"allow":["GET"]}}],"collection":[{"href":"https:\/\/roveyayinevi.com.tr\/index.php\/wp-json\/wp\/v2\/product"}],"about":[{"href":"https:\/\/roveyayinevi.com.tr\/index.php\/wp-json\/wp\/v2\/types\/product"}],"wp:attachment":[{"href":"https:\/\/roveyayinevi.com.tr\/index.php\/wp-json\/wp\/v2\/media?parent=757806"}],"wp:term":[{"taxonomy":"product_brand","embeddable":true,"href":"https:\/\/roveyayinevi.com.tr\/index.php\/wp-json\/wp\/v2\/product_brand?post=757806"},{"taxonomy":"product_cat","embeddable":true,"href":"https:\/\/roveyayinevi.com.tr\/index.php\/wp-json\/wp\/v2\/product_cat?post=757806"},{"taxonomy":"product_tag","embeddable":true,"href":"https:\/\/roveyayinevi.com.tr\/index.php\/wp-json\/wp\/v2\/product_tag?post=757806"}],"curies":[{"name":"wp","href":"https:\/\/api.w.org\/{rel}","templated":true}]}}