{"id":757802,"date":"2025-08-28T07:45:58","date_gmt":"2025-08-28T04:45:58","guid":{"rendered":"https:\/\/roveyayinevi.com.tr\/index.php\/urun\/yoksullukla-mucadelede-mikro-kredi-elazig-ornegi\/"},"modified":"2026-04-16T03:10:48","modified_gmt":"2026-04-16T00:10:48","slug":"yoksullukla-mucadelede-mikro-kredi-elazig-ornegi","status":"publish","type":"product","link":"https:\/\/roveyayinevi.com.tr\/index.php\/urun\/yoksullukla-mucadelede-mikro-kredi-elazig-ornegi\/","title":{"rendered":"Yoksullukla M\u00fccadelede Mikro Kredi: Elaz\u0131\u011f \u00d6rne\u011fi"},"content":{"rendered":"<p>Yoksulluk ge\u00e7mi\u015ften g\u00fcn\u00fcm\u00fcze kadar t\u00fcm topluluklar\u0131 ilgilendiren k\u00fcresel bir sorundur. Yoksulluk; insanlar\u0131n ya\u015fam\u0131n\u0131 idame ettirecek gelirden yoksun olma durumudur. Sadece geli\u015fmemi\u015f \u00fclkeleri ilgilendiren bir sorun olmay\u0131p geli\u015fmi\u015f \u00fclkeleri de etkileyen bir sorundur. Yoksulluk ele al\u0131n\u0131rken \u00e7ok boyutlu olarak de\u011ferlendirilip \u00f6nlemek i\u00e7in politikalar geli\u015ftirilmelidir.Yoksullukla m\u00fccadele kapsam\u0131nda bir\u00e7ok uygulama faaliyete ge\u00e7irilmi\u015ftir. Bu uygulamalardan biri de mikro kredidir. Elinizdeki eserde Elaz\u0131\u011f ilinde bu alanda yap\u0131lan \u00e7al\u0131\u015fman\u0131n detayl\u0131 incelemesi sunulmaktad\u0131r.<\/p>\n","protected":false},"excerpt":{"rendered":"<p>Yoksulluk ge\u00e7mi\u015ften g\u00fcn\u00fcm\u00fcze kadar t\u00fcm topluluklar\u0131 ilgilendiren k\u00fcresel bir sorundur. Yoksulluk; insanlar\u0131n ya\u015fam\u0131n\u0131 idame ettirecek gelirden yoksun olma durumudur. Sadece geli\u015fmemi\u015f \u00fclkeleri ilgilendiren bir sorun olmay\u0131p<span class=\"excerpt-hellip\"> [\u2026]<\/span><\/p>\n","protected":false},"featured_media":0,"template":"","meta":{"_monsterinsights_skip_tracking":false,"_monsterinsights_sitenote_active":false,"_monsterinsights_sitenote_note":"","_monsterinsights_sitenote_category":0},"product_brand":[],"product_cat":[14841,13043],"product_tag":[],"class_list":{"0":"post-757802","1":"product","2":"type-product","3":"status-publish","5":"product_cat-arastirma-inceleme-kuram","6":"product_cat-ekonomi","7":"pa_cilt-ciltsiz","8":"pa_tur-kitap","9":"pa_yayinevi-aktif-yayinevi","10":"pa_yazar-tuba-umar","12":"first","13":"instock","14":"sale","15":"shipping-taxable","16":"purchasable","17":"product-type-simple"},"_links":{"self":[{"href":"https:\/\/roveyayinevi.com.tr\/index.php\/wp-json\/wp\/v2\/product\/757802","targetHints":{"allow":["GET"]}}],"collection":[{"href":"https:\/\/roveyayinevi.com.tr\/index.php\/wp-json\/wp\/v2\/product"}],"about":[{"href":"https:\/\/roveyayinevi.com.tr\/index.php\/wp-json\/wp\/v2\/types\/product"}],"wp:attachment":[{"href":"https:\/\/roveyayinevi.com.tr\/index.php\/wp-json\/wp\/v2\/media?parent=757802"}],"wp:term":[{"taxonomy":"product_brand","embeddable":true,"href":"https:\/\/roveyayinevi.com.tr\/index.php\/wp-json\/wp\/v2\/product_brand?post=757802"},{"taxonomy":"product_cat","embeddable":true,"href":"https:\/\/roveyayinevi.com.tr\/index.php\/wp-json\/wp\/v2\/product_cat?post=757802"},{"taxonomy":"product_tag","embeddable":true,"href":"https:\/\/roveyayinevi.com.tr\/index.php\/wp-json\/wp\/v2\/product_tag?post=757802"}],"curies":[{"name":"wp","href":"https:\/\/api.w.org\/{rel}","templated":true}]}}