{"id":757798,"date":"2025-08-28T07:45:53","date_gmt":"2025-08-28T04:45:53","guid":{"rendered":"https:\/\/roveyayinevi.com.tr\/index.php\/urun\/kbrn-tehdidi-ve-yonetimi\/"},"modified":"2026-04-16T03:10:48","modified_gmt":"2026-04-16T00:10:48","slug":"kbrn-tehdidi-ve-yonetimi","status":"publish","type":"product","link":"https:\/\/roveyayinevi.com.tr\/index.php\/urun\/kbrn-tehdidi-ve-yonetimi\/","title":{"rendered":"KBRN Tehdidi ve Y\u00f6netimi"},"content":{"rendered":"<p>KBRN, Kimyasal, Biyolojik, Radyolojik ve N\u00fckleer kelimelerinin k\u0131saltmas\u0131d\u0131r. Bu t\u00fcr ajanlar\u0131n herhangi birinin varl\u0131\u011f\u0131 veya kullan\u0131m\u0131 ile bir tehdidin ortaya \u00e7\u0131kt\u0131\u011f\u0131 durumlar\u0131 ifade etmek i\u00e7in kullan\u0131l\u0131r. Afetler; ani, \u00e7o\u011funlukla nerede ve ne zaman olaca\u011f\u0131 tahmin edilemeyen, \u00e7ok say\u0131da insan\u0131n etkilendi\u011fi, ekonomik ve \u00e7evresel kay\u0131plara, y\u0131k\u0131c\u0131 etkilere sebep olan olaylar olarak tan\u0131mlanabilir. KBRN s\u00fcre\u00e7leri de bir afet olarak de\u011ferlendirilece\u011finden bu t\u00fcr durumlar kar\u015f\u0131s\u0131nda en temel yakla\u015f\u0131m; bu s\u00fcre\u00e7leri tan\u0131mak, anlamak ve \u00f6nlem alma yakla\u015f\u0131mlar\u0131n\u0131 hayata ge\u00e7irmektir.Afetlere ve KBRN tehditlerine haz\u0131rl\u0131kl\u0131 olman\u0131n en temel yolu hayat\u0131m\u0131z\u0131n her alan\u0131nda oldu\u011fu gibi e\u011fitimdir. KBRN ajanlar\u0131 dikkate al\u0131nd\u0131\u011f\u0131nda di\u011fer afetlere g\u00f6re daha az bilinir olmalar\u0131 nedeniyle bu ajanlar\u0131n yak\u0131ndan tan\u0131nmas\u0131 daha da fazla \u00f6nem ta\u015f\u0131maktad\u0131r. Bu ama\u00e7la bu kitapta KBRN ajanlar\u0131 konusu 5N1K sorular\u0131n\u0131n cevaplar\u0131 \u015feklinde ortaya konulmaya \u00e7al\u0131\u015f\u0131lacakt\u0131r.<\/p>\n","protected":false},"excerpt":{"rendered":"<p>KBRN, Kimyasal, Biyolojik, Radyolojik ve N\u00fckleer kelimelerinin k\u0131saltmas\u0131d\u0131r. Bu t\u00fcr ajanlar\u0131n herhangi birinin varl\u0131\u011f\u0131 veya kullan\u0131m\u0131 ile bir tehdidin ortaya \u00e7\u0131kt\u0131\u011f\u0131 durumlar\u0131 ifade etmek i\u00e7in kullan\u0131l\u0131r.<span class=\"excerpt-hellip\"> [\u2026]<\/span><\/p>\n","protected":false},"featured_media":0,"template":"","meta":{"_monsterinsights_skip_tracking":false,"_monsterinsights_sitenote_active":false,"_monsterinsights_sitenote_note":"","_monsterinsights_sitenote_category":0},"product_brand":[],"product_cat":[13005],"product_tag":[],"class_list":{"0":"post-757798","1":"product","2":"type-product","3":"status-publish","5":"product_cat-bilim-muhendislik","6":"pa_cilt-ciltsiz","7":"pa_tur-kitap","8":"pa_yayinevi-aktif-yayinevi","9":"pa_yazar-aytunc-ates","11":"first","12":"instock","13":"sale","14":"shipping-taxable","15":"purchasable","16":"product-type-simple"},"_links":{"self":[{"href":"https:\/\/roveyayinevi.com.tr\/index.php\/wp-json\/wp\/v2\/product\/757798","targetHints":{"allow":["GET"]}}],"collection":[{"href":"https:\/\/roveyayinevi.com.tr\/index.php\/wp-json\/wp\/v2\/product"}],"about":[{"href":"https:\/\/roveyayinevi.com.tr\/index.php\/wp-json\/wp\/v2\/types\/product"}],"wp:attachment":[{"href":"https:\/\/roveyayinevi.com.tr\/index.php\/wp-json\/wp\/v2\/media?parent=757798"}],"wp:term":[{"taxonomy":"product_brand","embeddable":true,"href":"https:\/\/roveyayinevi.com.tr\/index.php\/wp-json\/wp\/v2\/product_brand?post=757798"},{"taxonomy":"product_cat","embeddable":true,"href":"https:\/\/roveyayinevi.com.tr\/index.php\/wp-json\/wp\/v2\/product_cat?post=757798"},{"taxonomy":"product_tag","embeddable":true,"href":"https:\/\/roveyayinevi.com.tr\/index.php\/wp-json\/wp\/v2\/product_tag?post=757798"}],"curies":[{"name":"wp","href":"https:\/\/api.w.org\/{rel}","templated":true}]}}