{"id":757796,"date":"2025-08-28T07:45:50","date_gmt":"2025-08-28T04:45:50","guid":{"rendered":"https:\/\/roveyayinevi.com.tr\/index.php\/urun\/secim-kilavuzu\/"},"modified":"2026-04-16T03:10:48","modified_gmt":"2026-04-16T00:10:48","slug":"secim-kilavuzu","status":"publish","type":"product","link":"https:\/\/roveyayinevi.com.tr\/index.php\/urun\/secim-kilavuzu\/","title":{"rendered":"Se\u00e7im K\u0131lavuzu"},"content":{"rendered":"<p>Bir alg\u0131 y\u00f6netimi olarak \u00f6rnek projelerle siyaset\u00e7ilere \u201cHizmet K\u0131lavuzu\u201d niteli\u011findeki bu \u00e7al\u0131\u015fmay\u0131 \u201cSe\u00e7im K\u0131lavuzu\u201d ba\u015fl\u0131\u011f\u0131yla sunduk. \u0130\u00e7erik itibar\u0131yla \u00f6zelde \u2018iyi bir belediyecilik\u2019 \u00f6rne\u011fi sergilemesi gereken belediye ba\u015fkan adaylar\u0131 ve ba\u015fkanlar\u0131, genelde ise herkesin istifade edebilece\u011fi m\u00fctevaz\u0131 bir \u00e7al\u0131\u015fmad\u0131r.Her ne kadar bu \u00e7al\u0131\u015fma, milletvekili adaylar\u0131 ve milletvekilleri \u00fczerinden kurgulanmasa dahi onlar da bu \u00e7al\u0131\u015fmadan azami derecede istifade edebileceklerdir.\u00c7al\u0131\u015fmam\u0131zda yer alan \u00f6rneklemelerde herhangi bir kurum veya ki\u015fiyi zemmetmek gibi bir hedef g\u00f6zetilmemi\u015ftir.<\/p>\n","protected":false},"excerpt":{"rendered":"<p>Bir alg\u0131 y\u00f6netimi olarak \u00f6rnek projelerle siyaset\u00e7ilere \u201cHizmet K\u0131lavuzu\u201d niteli\u011findeki bu \u00e7al\u0131\u015fmay\u0131 \u201cSe\u00e7im K\u0131lavuzu\u201d ba\u015fl\u0131\u011f\u0131yla sunduk. \u0130\u00e7erik itibar\u0131yla \u00f6zelde \u2018iyi bir belediyecilik\u2019 \u00f6rne\u011fi sergilemesi gereken belediye<span class=\"excerpt-hellip\"> [\u2026]<\/span><\/p>\n","protected":false},"featured_media":0,"template":"","meta":{"_monsterinsights_skip_tracking":false,"_monsterinsights_sitenote_active":false,"_monsterinsights_sitenote_note":"","_monsterinsights_sitenote_category":0},"product_brand":[],"product_cat":[12337],"product_tag":[],"class_list":{"0":"post-757796","1":"product","2":"type-product","3":"status-publish","5":"product_cat-politika-siyaset","6":"pa_cilt-ciltsiz","7":"pa_tur-kitap","8":"pa_yayinevi-aktif-yayinevi","9":"pa_yazar-burhan-okutan","11":"first","12":"instock","13":"sale","14":"shipping-taxable","15":"purchasable","16":"product-type-simple"},"_links":{"self":[{"href":"https:\/\/roveyayinevi.com.tr\/index.php\/wp-json\/wp\/v2\/product\/757796","targetHints":{"allow":["GET"]}}],"collection":[{"href":"https:\/\/roveyayinevi.com.tr\/index.php\/wp-json\/wp\/v2\/product"}],"about":[{"href":"https:\/\/roveyayinevi.com.tr\/index.php\/wp-json\/wp\/v2\/types\/product"}],"wp:attachment":[{"href":"https:\/\/roveyayinevi.com.tr\/index.php\/wp-json\/wp\/v2\/media?parent=757796"}],"wp:term":[{"taxonomy":"product_brand","embeddable":true,"href":"https:\/\/roveyayinevi.com.tr\/index.php\/wp-json\/wp\/v2\/product_brand?post=757796"},{"taxonomy":"product_cat","embeddable":true,"href":"https:\/\/roveyayinevi.com.tr\/index.php\/wp-json\/wp\/v2\/product_cat?post=757796"},{"taxonomy":"product_tag","embeddable":true,"href":"https:\/\/roveyayinevi.com.tr\/index.php\/wp-json\/wp\/v2\/product_tag?post=757796"}],"curies":[{"name":"wp","href":"https:\/\/api.w.org\/{rel}","templated":true}]}}