{"id":757794,"date":"2025-08-28T07:45:48","date_gmt":"2025-08-28T04:45:48","guid":{"rendered":"https:\/\/roveyayinevi.com.tr\/index.php\/urun\/farmakognozi-ve-fitoterapinin-temelleri\/"},"modified":"2026-04-16T03:10:48","modified_gmt":"2026-04-16T00:10:48","slug":"farmakognozi-ve-fitoterapinin-temelleri","status":"publish","type":"product","link":"https:\/\/roveyayinevi.com.tr\/index.php\/urun\/farmakognozi-ve-fitoterapinin-temelleri\/","title":{"rendered":"Farmakognozi ve Fitoterapinin Temelleri"},"content":{"rendered":"<p>Farmakognozi, bitkilerden elde edilen farmas\u00f6tiklerin ila\u00e7 kayna\u011f\u0131 olarak kullan\u0131lmas\u0131n\u0131 inceleyen bilimdir. \u0130ki y\u00fczy\u0131l\u0131 a\u015fk\u0131n s\u00fcredir \u2018farmas\u00f6tik ismiyle bilim d\u00fcnyas\u0131n\u0131n ara\u015ft\u0131rma alanlar\u0131ndan biri olarak kabul edilmekte olan bu bilim dal\u0131 asl\u0131nda hayat\u0131m\u0131z\u0131 do\u011frudan etkilemektedir. Teknolojik geli\u015fmeler sayesinde, bitkilerin kimyasal yap\u0131lar\u0131n\u0131n daha iyi anla\u015f\u0131lmas\u0131 sa\u011fl\u0131k alan\u0131na yeni ila\u00e7lar, bitkisel droglar (bitkisel ila\u00e7lar), nutras\u00f6tikler ve diyet takviyeleri \u00e7e\u015fitlerinin b\u00fcy\u00fck oranda artmas\u0131 ile yans\u0131m\u0131\u015ft\u0131r ki bu de\u011fi\u015fim de farmakognozinin son 20 y\u0131lda giderek daha fazla \u00f6nem kazanmas\u0131na neden olmu\u015ftur.Farmakognozi ve Fitoterapinin Temelleri isimli bu kitap, ilk kez T\u00fcrk ara\u015ft\u0131rmac\u0131lar ve okuyucular ile bulu\u015fuyor. Orijinal versiyonunda g\u00f6zden ge\u00e7irilmi\u015f ve yeni konular ilave edilmi\u015f \u00fc\u00e7\u00fcnc\u00fc bask\u0131s\u0131n\u0131n \u00e7evirisinin sunuldu\u011fu bu \u00e7al\u0131\u015fma fitoterapi hakk\u0131nda detayl\u0131 bilgi i\u00e7eri\u011fine sahiptir: Bitki bazl\u0131 ila\u00e7lar\u0131n tarihi, biyolojisi ve kimyas\u0131; bitkilerden elde edilen farmas\u00f6tikler ve nutras\u00f6tikler; t\u0131bbi bitkilerin d\u00fcnya \u00e7ap\u0131ndaki sa\u011fl\u0131k sistemlerindeki rol\u00fc, bitki bazl\u0131 ila\u00e7lar\u0131n tedavi edici \u00f6zelliklerinin v\u00fccut sistemlerine g\u00f6re etkisi, t\u0131bbi olmayan takviyeler vb ba\u015fl\u0131klarla bu alandaki en g\u00fcncel bilgileri kapsaml\u0131 bir \u015fekilde sunmaktad\u0131r.Farmakognozi alan\u0131nda zengin deneyim ve bilgi birikimine sahip ara\u015ft\u0131rmac\u0131lar taraf\u0131ndan haz\u0131rlanan Farmakognozi ve Fitoterapinin Temelleri, sa\u011fl\u0131k sekt\u00f6r\u00fcn\u00fcn b\u00fct\u00fcn konumlar\u0131na hitap eden bir referans kitab\u0131 niteli\u011findedir.<\/p>\n","protected":false},"excerpt":{"rendered":"<p>Farmakognozi, bitkilerden elde edilen farmas\u00f6tiklerin ila\u00e7 kayna\u011f\u0131 olarak kullan\u0131lmas\u0131n\u0131 inceleyen bilimdir. \u0130ki y\u00fczy\u0131l\u0131 a\u015fk\u0131n s\u00fcredir \u2018farmas\u00f6tik ismiyle bilim d\u00fcnyas\u0131n\u0131n ara\u015ft\u0131rma alanlar\u0131ndan biri olarak kabul edilmekte olan<span class=\"excerpt-hellip\"> [\u2026]<\/span><\/p>\n","protected":false},"featured_media":0,"template":"","meta":{"_monsterinsights_skip_tracking":false,"_monsterinsights_sitenote_active":false,"_monsterinsights_sitenote_note":"","_monsterinsights_sitenote_category":0},"product_brand":[],"product_cat":[13365],"product_tag":[],"class_list":{"0":"post-757794","1":"product","2":"type-product","3":"status-publish","5":"product_cat-saglik","6":"pa_cilt-ciltsiz","7":"pa_tur-kitap","8":"pa_yayinevi-aktif-yayinevi","9":"pa_yazar-elizabeth-m-williamson","10":"pa_yazar-joanne-barnes","11":"pa_yazar-jose-m-prieto-garcia","12":"pa_yazar-michael-heinrich","13":"pa_yazar-simon-gibbons","15":"first","16":"instock","17":"sale","18":"shipping-taxable","19":"purchasable","20":"product-type-simple"},"_links":{"self":[{"href":"https:\/\/roveyayinevi.com.tr\/index.php\/wp-json\/wp\/v2\/product\/757794","targetHints":{"allow":["GET"]}}],"collection":[{"href":"https:\/\/roveyayinevi.com.tr\/index.php\/wp-json\/wp\/v2\/product"}],"about":[{"href":"https:\/\/roveyayinevi.com.tr\/index.php\/wp-json\/wp\/v2\/types\/product"}],"wp:attachment":[{"href":"https:\/\/roveyayinevi.com.tr\/index.php\/wp-json\/wp\/v2\/media?parent=757794"}],"wp:term":[{"taxonomy":"product_brand","embeddable":true,"href":"https:\/\/roveyayinevi.com.tr\/index.php\/wp-json\/wp\/v2\/product_brand?post=757794"},{"taxonomy":"product_cat","embeddable":true,"href":"https:\/\/roveyayinevi.com.tr\/index.php\/wp-json\/wp\/v2\/product_cat?post=757794"},{"taxonomy":"product_tag","embeddable":true,"href":"https:\/\/roveyayinevi.com.tr\/index.php\/wp-json\/wp\/v2\/product_tag?post=757794"}],"curies":[{"name":"wp","href":"https:\/\/api.w.org\/{rel}","templated":true}]}}