{"id":757793,"date":"2025-08-28T07:45:47","date_gmt":"2025-08-28T04:45:47","guid":{"rendered":"https:\/\/roveyayinevi.com.tr\/index.php\/urun\/kizil-konsoloshane\/"},"modified":"2026-04-16T03:10:48","modified_gmt":"2026-04-16T00:10:48","slug":"kizil-konsoloshane","status":"publish","type":"product","link":"https:\/\/roveyayinevi.com.tr\/index.php\/urun\/kizil-konsoloshane\/","title":{"rendered":"K\u0131z\u0131l Konsoloshane"},"content":{"rendered":"<p>Tarih\u00e7i i\u00e7in kimi zaman bir ara\u015ft\u0131rman\u0131n ba\u015flama hikayesi, t\u0131pk\u0131 bu eserde oldu\u011fu gibi kar\u015f\u0131la\u015f\u0131lan bir sat\u0131rl\u0131k c\u00fcmle de olabilir. K\u0131z\u0131l Konsoloshane, TBMM ile Sovyet Rusya\u2019n\u0131n geli\u015fen ili\u015fkilerine binaen 1921 y\u0131l\u0131nda Kars\u2019ta a\u00e7\u0131lan Sovyet Rusya Konsoloslu\u011funun faaliyetlerini aktarmaktad\u0131r. \u0130kinci D\u00fcnya Sava\u015f\u0131 \u00f6ncesinde 1938 y\u0131l\u0131nda kapat\u0131lan konsolosluk yerine faaliyetlerine 1970\u2019li y\u0131llara kadar devam eden Sovyet Ticaret Temsilcili\u011fi kurulmu\u015ftur.K\u0131z\u0131l Konsoloshane, 1921-1938 y\u0131llar\u0131 aras\u0131nda Sovyet Rusya Kars Konsoloslu\u011fu\u2019nun kurulu\u015fu, \u00e7al\u0131\u015fmalar\u0131 ve daha sonra ticaret temsilcili\u011fi olarak verdi\u011fi hizmetleri ele alarak iki \u00fclkenin o y\u0131llardaki diplomatik ili\u015fkilerine \u0131\u015f\u0131k tutmaktad\u0131r.<\/p>\n","protected":false},"excerpt":{"rendered":"<p>Tarih\u00e7i i\u00e7in kimi zaman bir ara\u015ft\u0131rman\u0131n ba\u015flama hikayesi, t\u0131pk\u0131 bu eserde oldu\u011fu gibi kar\u015f\u0131la\u015f\u0131lan bir sat\u0131rl\u0131k c\u00fcmle de olabilir. K\u0131z\u0131l Konsoloshane, TBMM ile Sovyet Rusya\u2019n\u0131n geli\u015fen<span class=\"excerpt-hellip\"> [\u2026]<\/span><\/p>\n","protected":false},"featured_media":0,"template":"","meta":{"_monsterinsights_skip_tracking":false,"_monsterinsights_sitenote_active":false,"_monsterinsights_sitenote_note":"","_monsterinsights_sitenote_category":0},"product_brand":[],"product_cat":[12370,12304],"product_tag":[],"class_list":{"0":"post-757793","1":"product","2":"type-product","3":"status-publish","5":"product_cat-arastirma-inceleme","6":"product_cat-tarih","7":"pa_cilt-ciltsiz","8":"pa_tur-kitap","9":"pa_yayinevi-aktif-yayinevi","10":"pa_yazar-nebahat-arslan","12":"first","13":"instock","14":"sale","15":"shipping-taxable","16":"purchasable","17":"product-type-simple"},"_links":{"self":[{"href":"https:\/\/roveyayinevi.com.tr\/index.php\/wp-json\/wp\/v2\/product\/757793","targetHints":{"allow":["GET"]}}],"collection":[{"href":"https:\/\/roveyayinevi.com.tr\/index.php\/wp-json\/wp\/v2\/product"}],"about":[{"href":"https:\/\/roveyayinevi.com.tr\/index.php\/wp-json\/wp\/v2\/types\/product"}],"wp:attachment":[{"href":"https:\/\/roveyayinevi.com.tr\/index.php\/wp-json\/wp\/v2\/media?parent=757793"}],"wp:term":[{"taxonomy":"product_brand","embeddable":true,"href":"https:\/\/roveyayinevi.com.tr\/index.php\/wp-json\/wp\/v2\/product_brand?post=757793"},{"taxonomy":"product_cat","embeddable":true,"href":"https:\/\/roveyayinevi.com.tr\/index.php\/wp-json\/wp\/v2\/product_cat?post=757793"},{"taxonomy":"product_tag","embeddable":true,"href":"https:\/\/roveyayinevi.com.tr\/index.php\/wp-json\/wp\/v2\/product_tag?post=757793"}],"curies":[{"name":"wp","href":"https:\/\/api.w.org\/{rel}","templated":true}]}}