{"id":757791,"date":"2025-08-28T07:45:45","date_gmt":"2025-08-28T04:45:45","guid":{"rendered":"https:\/\/roveyayinevi.com.tr\/index.php\/urun\/ukrayna-halaskar-cemiyyet-i-ittihadiyyesi-nesriyatindan-ukrayna-rusya-ve-turkiye\/"},"modified":"2026-04-16T03:10:48","modified_gmt":"2026-04-16T00:10:48","slug":"ukrayna-halaskar-cemiyyet-i-ittihadiyyesi-nesriyatindan-ukrayna-rusya-ve-turkiye","status":"publish","type":"product","link":"https:\/\/roveyayinevi.com.tr\/index.php\/urun\/ukrayna-halaskar-cemiyyet-i-ittihadiyyesi-nesriyatindan-ukrayna-rusya-ve-turkiye\/","title":{"rendered":"Ukrayna Halaskar Cemiyyet-i \u0130ttihadiyyesi Ne\u015friyat\u0131ndan Ukrayna, Rusya Ve T\u00fcrkiye"},"content":{"rendered":"<p>Sovyet Sosyalist Cumhuriyetler Birli\u011fi (SSCB)\u2019nin 1991 tarihinde da\u011f\u0131lmas\u0131n\u0131 m\u00fcteakip kurulan devletlerden biri de Ukrayna\u2019d\u0131r. 1986 y\u0131l\u0131nda ger\u00e7ekle\u015fen \u00c7ernobil facias\u0131yla ad\u0131n\u0131 b\u00fct\u00fcn d\u00fcnyaya duyuran Ukrayna, muhtelif vesilelerle d\u00fcnya g\u00fcndeminde yer almaya devam etmi\u015ftir.Eser, Ukrayna, Rusya ve T\u00fcrkiye (Makaleler Mecm\u00fbas\u0131) ad\u0131yla yay\u0131nlan \u00e7al\u0131\u015fman\u0131n g\u00fcn\u00fcm\u00fcz harflerine aktar\u0131lmas\u0131ndan ibarettir. Do\u011fu Avrupa co\u011frafyas\u0131n\u0131n ge\u00e7i\u015f g\u00fczerg\u00e2h\u0131nda bulunan ve geni\u015f verimli ovalara sahip olan Ukrayna\u2019n\u0131n tarihi co\u011frafyas\u0131n\u0131 ve kom\u015fu \u00fclkeleriyle olan tarihi m\u00fcnasebetlerini kavramadan bug\u00fcn\u00fc do\u011fru de\u011ferlendirmek g\u00fc\u00e7 olacakt\u0131r. Bilhassa Ukrayna &#8211; Rusya ve T\u00fcrkiye \u00fc\u00e7genindeki tarihi ba\u011flar\u0131 iyi bilmek ve iyi anlamak gereklidir. Bu eser de bu amaca hizmet etmektedir.<\/p>\n","protected":false},"excerpt":{"rendered":"<p>Sovyet Sosyalist Cumhuriyetler Birli\u011fi (SSCB)\u2019nin 1991 tarihinde da\u011f\u0131lmas\u0131n\u0131 m\u00fcteakip kurulan devletlerden biri de Ukrayna\u2019d\u0131r. 1986 y\u0131l\u0131nda ger\u00e7ekle\u015fen \u00c7ernobil facias\u0131yla ad\u0131n\u0131 b\u00fct\u00fcn d\u00fcnyaya duyuran Ukrayna, muhtelif vesilelerle<span class=\"excerpt-hellip\"> [\u2026]<\/span><\/p>\n","protected":false},"featured_media":0,"template":"","meta":{"_monsterinsights_skip_tracking":false,"_monsterinsights_sitenote_active":false,"_monsterinsights_sitenote_note":"","_monsterinsights_sitenote_category":0},"product_brand":[],"product_cat":[12337],"product_tag":[],"class_list":{"0":"post-757791","1":"product","2":"type-product","3":"status-publish","5":"product_cat-politika-siyaset","6":"pa_cilt-ciltsiz","7":"pa_tur-kitap","8":"pa_yayinevi-aktif-yayinevi","9":"pa_yazar-ebul-faruk-onal","10":"pa_yazar-rasit-gundogdu","12":"first","13":"instock","14":"sale","15":"shipping-taxable","16":"purchasable","17":"product-type-simple"},"_links":{"self":[{"href":"https:\/\/roveyayinevi.com.tr\/index.php\/wp-json\/wp\/v2\/product\/757791","targetHints":{"allow":["GET"]}}],"collection":[{"href":"https:\/\/roveyayinevi.com.tr\/index.php\/wp-json\/wp\/v2\/product"}],"about":[{"href":"https:\/\/roveyayinevi.com.tr\/index.php\/wp-json\/wp\/v2\/types\/product"}],"wp:attachment":[{"href":"https:\/\/roveyayinevi.com.tr\/index.php\/wp-json\/wp\/v2\/media?parent=757791"}],"wp:term":[{"taxonomy":"product_brand","embeddable":true,"href":"https:\/\/roveyayinevi.com.tr\/index.php\/wp-json\/wp\/v2\/product_brand?post=757791"},{"taxonomy":"product_cat","embeddable":true,"href":"https:\/\/roveyayinevi.com.tr\/index.php\/wp-json\/wp\/v2\/product_cat?post=757791"},{"taxonomy":"product_tag","embeddable":true,"href":"https:\/\/roveyayinevi.com.tr\/index.php\/wp-json\/wp\/v2\/product_tag?post=757791"}],"curies":[{"name":"wp","href":"https:\/\/api.w.org\/{rel}","templated":true}]}}