{"id":757790,"date":"2025-08-28T07:45:43","date_gmt":"2025-08-28T04:45:43","guid":{"rendered":"https:\/\/roveyayinevi.com.tr\/index.php\/urun\/londra-merkezli-ermeni-osmanli-ve-yahudi-kuruluslari-1871-1913\/"},"modified":"2026-04-16T03:10:48","modified_gmt":"2026-04-16T00:10:48","slug":"londra-merkezli-ermeni-osmanli-ve-yahudi-kuruluslari-1871-1913","status":"publish","type":"product","link":"https:\/\/roveyayinevi.com.tr\/index.php\/urun\/londra-merkezli-ermeni-osmanli-ve-yahudi-kuruluslari-1871-1913\/","title":{"rendered":"Londra Merkezli Ermeni, Osmanl\u0131 ve Yahudi Kurulu\u015flar\u0131 (1871-1913)"},"content":{"rendered":"<p>Londra Merkezli Ermeni, Osmanl\u0131 ve Yahudi Kurulu\u015flar\u0131 (1871-1913) isimli bu eser, 19. y\u00fczy\u0131l\u0131n son \u00e7eyre\u011finde d\u00f6nemin s\u00fcper g\u00fcc\u00fc ve sermayenin merkezi konumunda olan \u0130ngilterede kurulmu\u015f olan \u00fc\u00e7 farkl\u0131 cemiyeti ele al\u0131yor. Yahudi, Ermeni ve Osmanl\u0131 taraftar\u0131 olan bu cemiyetler her ne kadar yap\u0131sal olarak farkl\u0131 olsalar da her birinin d\u00fcnya siyasetinin nabz\u0131n\u0131n att\u0131\u011f\u0131 Londrada kurulmu\u015f olmas\u0131 en \u00f6nemli benzer niteli\u011fidir. Yahudiler daha \u00e7ok dinda\u015flar\u0131n\u0131 Rus bask\u0131s\u0131ndan kurtar\u0131p yeni yerle\u015fim sahas\u0131 ararken, Ermeniler d\u00f6nemin kar\u0131\u015f\u0131k havas\u0131ndan yararlan\u0131p Osmanl\u0131 topraklar\u0131ndan pay istemi\u015flerdir. Osmanl\u0131 cemiyeti ise aks\u00fclamel olarak mevcut topraklar\u0131n\u0131n korunmas\u0131 y\u00f6n\u00fcnde \u00e7al\u0131\u015fmalar y\u00fcr\u00fctm\u00fc\u015flerdir. \u0130\u015fte bu kitapta \u00fc\u00e7 farkl\u0131 cemiyetin farkl\u0131 sahalarda Londray\u0131 merkez almak suretiyle y\u00fcr\u00fctt\u00fckleri faaliyetler, \u0130ngiliz ve Osmanl\u0131 ar\u015fivleri ile birlikte pek \u00e7ok yerli ve yabanc\u0131 kaynaklardan yararlanmak suretiyle anlat\u0131lmaktad\u0131r.<\/p>\n","protected":false},"excerpt":{"rendered":"<p>Londra Merkezli Ermeni, Osmanl\u0131 ve Yahudi Kurulu\u015flar\u0131 (1871-1913) isimli bu eser, 19. y\u00fczy\u0131l\u0131n son \u00e7eyre\u011finde d\u00f6nemin s\u00fcper g\u00fcc\u00fc ve sermayenin merkezi konumunda olan \u0130ngilterede kurulmu\u015f olan<span class=\"excerpt-hellip\"> [\u2026]<\/span><\/p>\n","protected":false},"featured_media":0,"template":"","meta":{"_monsterinsights_skip_tracking":false,"_monsterinsights_sitenote_active":false,"_monsterinsights_sitenote_note":"","_monsterinsights_sitenote_category":0},"product_brand":[],"product_cat":[12370,12304],"product_tag":[],"class_list":{"0":"post-757790","1":"product","2":"type-product","3":"status-publish","5":"product_cat-arastirma-inceleme","6":"product_cat-tarih","7":"pa_cilt-ciltsiz","8":"pa_tur-kitap","9":"pa_yayinevi-aktif-yayinevi","10":"pa_yazar-muhammed-sari","12":"first","13":"instock","14":"sale","15":"shipping-taxable","16":"purchasable","17":"product-type-simple"},"_links":{"self":[{"href":"https:\/\/roveyayinevi.com.tr\/index.php\/wp-json\/wp\/v2\/product\/757790","targetHints":{"allow":["GET"]}}],"collection":[{"href":"https:\/\/roveyayinevi.com.tr\/index.php\/wp-json\/wp\/v2\/product"}],"about":[{"href":"https:\/\/roveyayinevi.com.tr\/index.php\/wp-json\/wp\/v2\/types\/product"}],"wp:attachment":[{"href":"https:\/\/roveyayinevi.com.tr\/index.php\/wp-json\/wp\/v2\/media?parent=757790"}],"wp:term":[{"taxonomy":"product_brand","embeddable":true,"href":"https:\/\/roveyayinevi.com.tr\/index.php\/wp-json\/wp\/v2\/product_brand?post=757790"},{"taxonomy":"product_cat","embeddable":true,"href":"https:\/\/roveyayinevi.com.tr\/index.php\/wp-json\/wp\/v2\/product_cat?post=757790"},{"taxonomy":"product_tag","embeddable":true,"href":"https:\/\/roveyayinevi.com.tr\/index.php\/wp-json\/wp\/v2\/product_tag?post=757790"}],"curies":[{"name":"wp","href":"https:\/\/api.w.org\/{rel}","templated":true}]}}