{"id":757789,"date":"2025-08-28T07:45:42","date_gmt":"2025-08-28T04:45:42","guid":{"rendered":"https:\/\/roveyayinevi.com.tr\/index.php\/urun\/osmanli-memleketleri-cografyasi-2\/"},"modified":"2026-04-16T03:10:48","modified_gmt":"2026-04-16T00:10:48","slug":"osmanli-memleketleri-cografyasi-2","status":"publish","type":"product","link":"https:\/\/roveyayinevi.com.tr\/index.php\/urun\/osmanli-memleketleri-cografyasi-2\/","title":{"rendered":"Osmanl\u0131 Memleketleri Co\u011frafyas\u0131 &#8211; 2"},"content":{"rendered":"<p>\u201cBu konulardan anla\u015f\u0131ld\u0131\u011f\u0131 \u00fczere Co\u011frafya; t\u00fcccarl\u0131k, gemicilik, m\u00fchendislik ve askeri i\u00e7in k\u0131ymetli ve \u00e7e\u015fitli insano\u011flu i\u00e7in dahi gayet faydal\u0131 bir ilimdir. Tarih ilminin de malzemesi ve neticesidir.\u201dAli TevfikMufassal Memalik-i Osmaniye Co\u011frafyas\u0131 ismi ile bas\u0131lan bu eser, 1910\u2019lu y\u0131llardaki Osmanl\u0131 Memleketlerinin Co\u011frafyas\u0131n\u0131 g\u00fcn\u00fcm\u00fcze ta\u015f\u0131yan bilgiler ta\u015f\u0131maktad\u0131r. Orijinal n\u00fcshas\u0131 607 sayfal\u0131k tek bir kitap olan eser, g\u00fcn\u00fcm\u00fcz T\u00fcrk\u00e7esine 3 cilt halinde aktar\u0131lm\u0131\u015ft\u0131r. 1900 y\u0131llar\u0131ndaki \u0130stanbul, Edirne, \u0130\u015fkodra, Kosova gibi Osmanl\u0131 Avrupa\u2019s\u0131ndaki topraklar\u0131, \u00f6zellikle Rodos, Girit, Sak\u0131z ve K\u0131br\u0131s gibi Akdeniz adalar\u0131n\u0131; M\u0131s\u0131r, Sudan, Trablusgarp ve Tunus gibi Osmanl\u0131 Afrika\u2019s\u0131n\u0131; Suriye, Ba\u011fdat, Basra, Kud\u00fcs, Musul ve Arap yar\u0131madas\u0131n\u0131 i\u00e7ine alan Ortado\u011fu b\u00f6lgesini ayr\u0131nt\u0131l\u0131 olarak ele alan bu ciltte bu topraklara ait s\u0131n\u0131rlar, ula\u015f\u0131m yollar\u0131, tar\u0131m \u00fcr\u00fcnleri, sanayi, n\u00fcfus \u00f6zellikleri gibi bir\u00e7ok \u00f6zelli\u011fi bulacaks\u0131n\u0131z.<\/p>\n","protected":false},"excerpt":{"rendered":"<p>\u201cBu konulardan anla\u015f\u0131ld\u0131\u011f\u0131 \u00fczere Co\u011frafya; t\u00fcccarl\u0131k, gemicilik, m\u00fchendislik ve askeri i\u00e7in k\u0131ymetli ve \u00e7e\u015fitli insano\u011flu i\u00e7in dahi gayet faydal\u0131 bir ilimdir. Tarih ilminin de malzemesi ve<span class=\"excerpt-hellip\"> [\u2026]<\/span><\/p>\n","protected":false},"featured_media":0,"template":"","meta":{"_monsterinsights_skip_tracking":false,"_monsterinsights_sitenote_active":false,"_monsterinsights_sitenote_note":"","_monsterinsights_sitenote_category":0},"product_brand":[],"product_cat":[13517,12304],"product_tag":[],"class_list":{"0":"post-757789","1":"product","2":"type-product","3":"status-publish","5":"product_cat-osmanli-tarihi","6":"product_cat-tarih","7":"pa_cilt-ciltsiz","8":"pa_tur-kitap","9":"pa_yayinevi-aktif-yayinevi","10":"pa_yazar-ali-osman-kocalar","11":"pa_yazar-ramazan-ozey","13":"first","14":"instock","15":"sale","16":"shipping-taxable","17":"purchasable","18":"product-type-simple"},"_links":{"self":[{"href":"https:\/\/roveyayinevi.com.tr\/index.php\/wp-json\/wp\/v2\/product\/757789","targetHints":{"allow":["GET"]}}],"collection":[{"href":"https:\/\/roveyayinevi.com.tr\/index.php\/wp-json\/wp\/v2\/product"}],"about":[{"href":"https:\/\/roveyayinevi.com.tr\/index.php\/wp-json\/wp\/v2\/types\/product"}],"wp:attachment":[{"href":"https:\/\/roveyayinevi.com.tr\/index.php\/wp-json\/wp\/v2\/media?parent=757789"}],"wp:term":[{"taxonomy":"product_brand","embeddable":true,"href":"https:\/\/roveyayinevi.com.tr\/index.php\/wp-json\/wp\/v2\/product_brand?post=757789"},{"taxonomy":"product_cat","embeddable":true,"href":"https:\/\/roveyayinevi.com.tr\/index.php\/wp-json\/wp\/v2\/product_cat?post=757789"},{"taxonomy":"product_tag","embeddable":true,"href":"https:\/\/roveyayinevi.com.tr\/index.php\/wp-json\/wp\/v2\/product_tag?post=757789"}],"curies":[{"name":"wp","href":"https:\/\/api.w.org\/{rel}","templated":true}]}}