{"id":757788,"date":"2025-08-28T07:45:41","date_gmt":"2025-08-28T04:45:41","guid":{"rendered":"https:\/\/roveyayinevi.com.tr\/index.php\/urun\/hipnoz\/"},"modified":"2026-04-16T03:10:48","modified_gmt":"2026-04-16T00:10:48","slug":"hipnoz","status":"publish","type":"product","link":"https:\/\/roveyayinevi.com.tr\/index.php\/urun\/hipnoz\/","title":{"rendered":"Hipnoz"},"content":{"rendered":"<p>XIX. y\u00fczy\u0131l, g\u00fcn\u00fcm\u00fcz modern t\u0131bb\u0131n\u0131n temellerini olu\u015fturan bir\u00e7ok bilimsel geli\u015fmenin ya\u015fand\u0131\u011f\u0131 bir d\u00f6nemdir. Bu d\u00f6nemde Osmanl\u0131 Devleti de klasik t\u0131ptan modern t\u0131bba ge\u00e7mek \u00fczere yeni ad\u0131mlar atm\u0131\u015ft\u0131r. Osmanl\u0131 t\u0131bb\u0131n\u0131n modernle\u015fmesinde \u00f6zellikle 1827 y\u0131l\u0131nda a\u00e7\u0131lan T\u0131bh\u00e2ne-i \u00c2mire\u2019nin rol\u00fc b\u00fcy\u00fckt\u00fcr. Daha sonra ad\u0131 Mekteb-i T\u0131bbiye olan bu kurumun hocalar\u0131 ve \u00f6\u011frencileri yapt\u0131klar\u0131 yay\u0131nlarla modern t\u0131p bilgisinin yayg\u0131nla\u015fmas\u0131na \u00f6nemli katk\u0131lar sa\u011flam\u0131\u015flard\u0131r. Bu hususta, T\u0131bbiye\u2019nin kad\u0131n hastal\u0131klar\u0131 ve do\u011fum hocas\u0131 olarak g\u00f6rev yapan Dr. Besim \u00d6mer, yapt\u0131\u011f\u0131 \u00e7ok say\u0131daki yay\u0131n dolay\u0131s\u0131yla ayr\u0131 bir yere sahiptir.Eser, bir tedavi y\u00f6ntemi olarak XIX. y\u00fczy\u0131lda sistemle\u015fen hipnoz uygulamalar\u0131n\u0131 Osmanl\u0131 hekimlerine tan\u0131tmak \u00fczere Dr. Besim \u00d6mer taraf\u0131ndan kaleme al\u0131nan hipnoz risalesini g\u00fcn\u00fcm\u00fcz T\u00fcrk\u00e7esine kazand\u0131rmaktad\u0131r. Gerek Besim \u00d6mer gibi bir Osmanl\u0131 ayd\u0131n\u0131n\u0131n tammrl\u0131\u011f\u0131na katk\u0131 sa\u011flamas\u0131, gerekse hipnoz hakk\u0131nda tarihsel bir perspektif sunmas\u0131 bak\u0131m\u0131ndan, bu \u00e7al\u0131\u015fma t\u0131p tarihine katk\u0131da bulunmaktad\u0131r.<\/p>\n","protected":false},"excerpt":{"rendered":"<p>XIX. y\u00fczy\u0131l, g\u00fcn\u00fcm\u00fcz modern t\u0131bb\u0131n\u0131n temellerini olu\u015fturan bir\u00e7ok bilimsel geli\u015fmenin ya\u015fand\u0131\u011f\u0131 bir d\u00f6nemdir. Bu d\u00f6nemde Osmanl\u0131 Devleti de klasik t\u0131ptan modern t\u0131bba ge\u00e7mek \u00fczere yeni ad\u0131mlar<span class=\"excerpt-hellip\"> [\u2026]<\/span><\/p>\n","protected":false},"featured_media":0,"template":"","meta":{"_monsterinsights_skip_tracking":false,"_monsterinsights_sitenote_active":false,"_monsterinsights_sitenote_note":"","_monsterinsights_sitenote_category":0},"product_brand":[],"product_cat":[13365,19822],"product_tag":[],"class_list":{"0":"post-757788","1":"product","2":"type-product","3":"status-publish","5":"product_cat-saglik","6":"product_cat-yoga-meditasyon","7":"pa_cilt-ciltsiz","8":"pa_tur-kitap","9":"pa_yayinevi-aktif-yayinevi","10":"pa_yazar-elif-gultekin","11":"pa_yazar-rasit-gundogdu","13":"first","14":"instock","15":"sale","16":"shipping-taxable","17":"purchasable","18":"product-type-simple"},"_links":{"self":[{"href":"https:\/\/roveyayinevi.com.tr\/index.php\/wp-json\/wp\/v2\/product\/757788","targetHints":{"allow":["GET"]}}],"collection":[{"href":"https:\/\/roveyayinevi.com.tr\/index.php\/wp-json\/wp\/v2\/product"}],"about":[{"href":"https:\/\/roveyayinevi.com.tr\/index.php\/wp-json\/wp\/v2\/types\/product"}],"wp:attachment":[{"href":"https:\/\/roveyayinevi.com.tr\/index.php\/wp-json\/wp\/v2\/media?parent=757788"}],"wp:term":[{"taxonomy":"product_brand","embeddable":true,"href":"https:\/\/roveyayinevi.com.tr\/index.php\/wp-json\/wp\/v2\/product_brand?post=757788"},{"taxonomy":"product_cat","embeddable":true,"href":"https:\/\/roveyayinevi.com.tr\/index.php\/wp-json\/wp\/v2\/product_cat?post=757788"},{"taxonomy":"product_tag","embeddable":true,"href":"https:\/\/roveyayinevi.com.tr\/index.php\/wp-json\/wp\/v2\/product_tag?post=757788"}],"curies":[{"name":"wp","href":"https:\/\/api.w.org\/{rel}","templated":true}]}}