{"id":757787,"date":"2025-08-28T07:45:40","date_gmt":"2025-08-28T04:45:40","guid":{"rendered":"https:\/\/roveyayinevi.com.tr\/index.php\/urun\/osmanli-memleketleri-cografyasi-3\/"},"modified":"2026-04-16T03:10:48","modified_gmt":"2026-04-16T00:10:48","slug":"osmanli-memleketleri-cografyasi-3","status":"publish","type":"product","link":"https:\/\/roveyayinevi.com.tr\/index.php\/urun\/osmanli-memleketleri-cografyasi-3\/","title":{"rendered":"Osmanl\u0131 Memleketleri Co\u011frafyas\u0131 &#8211; 3"},"content":{"rendered":"<p>;\u201cBu konulardan anla\u015f\u0131ld\u0131\u011f\u0131 \u00fczere Co\u011frafya; t\u00fcccarl\u0131k, gemicilik, m\u00fchendislik ve askeri i\u00e7in k\u0131ymetli ve \u00e7e\u015fitli insano\u011flu i\u00e7in dahi gayet faydal\u0131 bir ilimdir. Tarih ilminin de malzemesi ve neticesidir.\u201dAli TevfikMufassal Memalik-i Osmaniye Co\u011frafyas\u0131 ismi ile bas\u0131lan bu eser, 1910\u2019lu y\u0131llardaki Osmanl\u0131 Memleketlerinin Co\u011frafyas\u0131n\u0131 g\u00fcn\u00fcm\u00fcze ta\u015f\u0131yan bilgiler ta\u015f\u0131maktad\u0131r. Orijinal n\u00fcshas\u0131 607 sayfal\u0131k tek bir kitap olan eser, g\u00fcn\u00fcm\u00fcz T\u00fcrk\u00e7esine 3 cilt halinde aktar\u0131lm\u0131\u015ft\u0131r. Bu ciltte \u201c1910\u2019larda Anadolu\u2019nun Co\u011frafyas\u0131\u201d ba\u015fl\u0131\u011f\u0131 ile Karadeniz\u2019e k\u0131y\u0131s\u0131 olan Trabzon Vilayeti, Canik Mutasarr\u0131fl\u0131\u011f\u0131, Kastamonu Vilayeti, Bolu Mutasarr\u0131fl\u0131\u011f\u0131, \u0130zmit Mutasarr\u0131fl\u0131\u011f\u0131, H\u00fcd\u00e2vendig\u00e2r Vilayeti, Karesi ve Biga Mutasarr\u0131fl\u0131klar\u0131, Ayd\u0131n Vilayeti, Akdeniz\u2019e sahil olan vilayetler ba\u015fl\u0131\u011f\u0131 alt\u0131nda; Konya Vilayeti ve Adana Vilayeti ile Halep Vilayeti, Urfa ve Zor Mutasarr\u0131fl\u0131klar\u0131, Do\u011fu Anadolu\u2019da yer alan Van Vilayeti ve Erzurum Vilayeti ile ortada yer alan vilayetler ba\u015fl\u0131\u011f\u0131 alt\u0131nda Bitlis Vilayeti, Diyarbak\u0131r Vilayeti, Ma\u2019m\u00fcrat\u00fc\u2019l-Aziz (Elaz\u0131\u011f) Vilayeti, Sivas Vilayeti ve Ankara Vilayetlerinin 1900\u2019l\u00fc y\u0131llardaki durumlar\u0131 s\u0131ras\u0131yla y\u00fcz\u00f6l\u00e7\u00fcmleri ve n\u00fcfus bilgileri, do\u011fal \u015fartlar\u0131, tar\u0131m \u00fcr\u00fcnleri ve sanayi, idari yap\u0131lar\u0131, me\u015fhur beldelerinin durumlar\u0131 incelenmi\u015ftir.<\/p>\n","protected":false},"excerpt":{"rendered":"<p>;\u201cBu konulardan anla\u015f\u0131ld\u0131\u011f\u0131 \u00fczere Co\u011frafya; t\u00fcccarl\u0131k, gemicilik, m\u00fchendislik ve askeri i\u00e7in k\u0131ymetli ve \u00e7e\u015fitli insano\u011flu i\u00e7in dahi gayet faydal\u0131 bir ilimdir. Tarih ilminin de malzemesi ve<span class=\"excerpt-hellip\"> [\u2026]<\/span><\/p>\n","protected":false},"featured_media":0,"template":"","meta":{"_monsterinsights_skip_tracking":false,"_monsterinsights_sitenote_active":false,"_monsterinsights_sitenote_note":"","_monsterinsights_sitenote_category":0},"product_brand":[],"product_cat":[13517,12304],"product_tag":[],"class_list":{"0":"post-757787","1":"product","2":"type-product","3":"status-publish","5":"product_cat-osmanli-tarihi","6":"product_cat-tarih","7":"pa_cilt-ciltsiz","8":"pa_tur-kitap","9":"pa_yayinevi-aktif-yayinevi","10":"pa_yazar-ali-osman-kocalar","11":"pa_yazar-ramazan-ozey","13":"first","14":"instock","15":"sale","16":"shipping-taxable","17":"purchasable","18":"product-type-simple"},"_links":{"self":[{"href":"https:\/\/roveyayinevi.com.tr\/index.php\/wp-json\/wp\/v2\/product\/757787","targetHints":{"allow":["GET"]}}],"collection":[{"href":"https:\/\/roveyayinevi.com.tr\/index.php\/wp-json\/wp\/v2\/product"}],"about":[{"href":"https:\/\/roveyayinevi.com.tr\/index.php\/wp-json\/wp\/v2\/types\/product"}],"wp:attachment":[{"href":"https:\/\/roveyayinevi.com.tr\/index.php\/wp-json\/wp\/v2\/media?parent=757787"}],"wp:term":[{"taxonomy":"product_brand","embeddable":true,"href":"https:\/\/roveyayinevi.com.tr\/index.php\/wp-json\/wp\/v2\/product_brand?post=757787"},{"taxonomy":"product_cat","embeddable":true,"href":"https:\/\/roveyayinevi.com.tr\/index.php\/wp-json\/wp\/v2\/product_cat?post=757787"},{"taxonomy":"product_tag","embeddable":true,"href":"https:\/\/roveyayinevi.com.tr\/index.php\/wp-json\/wp\/v2\/product_tag?post=757787"}],"curies":[{"name":"wp","href":"https:\/\/api.w.org\/{rel}","templated":true}]}}