{"id":757786,"date":"2025-08-28T07:45:38","date_gmt":"2025-08-28T04:45:38","guid":{"rendered":"https:\/\/roveyayinevi.com.tr\/index.php\/urun\/kalemin-ahi\/"},"modified":"2026-04-16T03:10:48","modified_gmt":"2026-04-16T00:10:48","slug":"kalemin-ahi","status":"publish","type":"product","link":"https:\/\/roveyayinevi.com.tr\/index.php\/urun\/kalemin-ahi\/","title":{"rendered":"Kalemin Ah\u0131"},"content":{"rendered":"<p>\u0130deal insan, \u015fiirle tamam olur.Kalem sadece hat ve hattatlar i\u00e7in olmazsa olmazlardan de\u011fildi elbette. Yazabilen, yazan, d\u00fc\u015f\u00fcnen, m\u00fctefekkir, m\u00fcnevver, muallim ve daha eli kalem tutan her insan, her bilgin, her ressam i\u00e7in de bir elzem olan bir nesneydi kalem.Kuran nas\u0131l Mushaf olurdu kalemsiz?\u015eair, g\u00f6n\u00fcl dilini nas\u0131l d\u00f6kerdi \u00e7a\u011flara?Devirden devire nas\u0131l gelirdi m\u0131sralar?Sultanlar, nas\u0131l ferman buyururdu uzaklara?Kad\u0131lar, h\u00fck\u00fcmlerini ne ile yazard\u0131 kader denilen \u00f6m\u00fcr defterine?H\u00e2kimler, idam karar\u0131ndan sonra neyi k\u0131rard\u0131, kalem olmasayd\u0131?Bilginler, form\u00fcllerini nas\u0131l ula\u015ft\u0131r\u0131rd\u0131 bu g\u00fcnlere?\u00c2\u015f\u0131klar sevdalar\u0131n\u0131 mektuplarla ulvile\u015ftirebilirler miydi ya da gurbet, s\u0131lada anla\u015f\u0131labilir miydi kalemsiz?Kalem, g\u00f6nle, kalbe terc\u00fcmand\u0131.Kalem, duygulara terc\u00fcmand\u0131.Kalem, maziye, h\u00e2le tan\u0131kt\u0131.Kalem, gelece\u011fe at\u0131ft\u0131.<\/p>\n","protected":false},"excerpt":{"rendered":"<p>\u0130deal insan, \u015fiirle tamam olur.Kalem sadece hat ve hattatlar i\u00e7in olmazsa olmazlardan de\u011fildi elbette. Yazabilen, yazan, d\u00fc\u015f\u00fcnen, m\u00fctefekkir, m\u00fcnevver, muallim ve daha eli kalem tutan her<span class=\"excerpt-hellip\"> [\u2026]<\/span><\/p>\n","protected":false},"featured_media":0,"template":"","meta":{"_monsterinsights_skip_tracking":false,"_monsterinsights_sitenote_active":false,"_monsterinsights_sitenote_note":"","_monsterinsights_sitenote_category":0},"product_brand":[],"product_cat":[12777,12291],"product_tag":[],"class_list":{"0":"post-757786","1":"product","2":"type-product","3":"status-publish","5":"product_cat-deneme","6":"product_cat-edebiyat","7":"pa_cilt-ciltsiz","8":"pa_tur-kitap","9":"pa_yayinevi-aktif-yayinevi","10":"pa_yazar-adem-keven","12":"first","13":"instock","14":"sale","15":"shipping-taxable","16":"purchasable","17":"product-type-simple"},"_links":{"self":[{"href":"https:\/\/roveyayinevi.com.tr\/index.php\/wp-json\/wp\/v2\/product\/757786","targetHints":{"allow":["GET"]}}],"collection":[{"href":"https:\/\/roveyayinevi.com.tr\/index.php\/wp-json\/wp\/v2\/product"}],"about":[{"href":"https:\/\/roveyayinevi.com.tr\/index.php\/wp-json\/wp\/v2\/types\/product"}],"wp:attachment":[{"href":"https:\/\/roveyayinevi.com.tr\/index.php\/wp-json\/wp\/v2\/media?parent=757786"}],"wp:term":[{"taxonomy":"product_brand","embeddable":true,"href":"https:\/\/roveyayinevi.com.tr\/index.php\/wp-json\/wp\/v2\/product_brand?post=757786"},{"taxonomy":"product_cat","embeddable":true,"href":"https:\/\/roveyayinevi.com.tr\/index.php\/wp-json\/wp\/v2\/product_cat?post=757786"},{"taxonomy":"product_tag","embeddable":true,"href":"https:\/\/roveyayinevi.com.tr\/index.php\/wp-json\/wp\/v2\/product_tag?post=757786"}],"curies":[{"name":"wp","href":"https:\/\/api.w.org\/{rel}","templated":true}]}}