{"id":757783,"date":"2025-08-28T07:45:34","date_gmt":"2025-08-28T04:45:34","guid":{"rendered":"https:\/\/roveyayinevi.com.tr\/index.php\/urun\/turk-dunyasi-cografyasi\/"},"modified":"2026-04-16T03:10:48","modified_gmt":"2026-04-16T00:10:48","slug":"turk-dunyasi-cografyasi","status":"publish","type":"product","link":"https:\/\/roveyayinevi.com.tr\/index.php\/urun\/turk-dunyasi-cografyasi\/","title":{"rendered":"T\u00fcrk D\u00fcnyas\u0131 Co\u011frafyas\u0131"},"content":{"rendered":"<p>Yery\u00fcz\u00fcnde geni\u015f bir alana yay\u0131lm\u0131\u015f olan insanlar farkl\u0131 dil, din ve k\u00fclt\u00fcre sahiptirler. Ayn\u0131 dil, din ve k\u00fclt\u00fcr\u00fc payla\u015fan insanlara millet denir. Milletlerin \u00fczerinde ya\u015fad\u0131klar\u0131 co\u011frafya ile kurulan \u00fclkenin ve medeniyetlerin \u00f6mr\u00fc aras\u0131nda s\u0131k\u0131 bir ili\u015fki vard\u0131r.D\u00fcnyadaki s\u0131ral\u0131 milletlerden olan T\u00fcrkler, tarihin \u00e7e\u015fitli devirlerinde \u00e7ok say\u0131da hanl\u0131klar, beylikler, devletler ve y\u00fcce devletler kurmu\u015flar ve kurmaya da devam etmektedirler. Baz\u0131 b\u00f6lgelerde ise devlet olmayan, s\u00f6m\u00fcrge ve az\u0131nl\u0131k durumunda olan T\u00fcrkler de bulunmaktad\u0131r.Eldeki eser \u00fcniversitelerimizin co\u011frafya, sosyal bilgiler, s\u0131n\u0131f \u00f6\u011fretmenli\u011fi ve di\u011fer b\u00f6l\u00fcmlerinde okutulan \u201cT\u00fcrk D\u00fcnyas\u0131 Co\u011frafyas\u0131, \u201cT\u00fcrk K\u00fclt\u00fcr Co\u011frafyas\u0131 ba\u015fta olmak \u00fczere \u00f6\u011frencilerimize yard\u0131mc\u0131 olmak \u00fczere haz\u0131rlanm\u0131\u015ft\u0131r. Ayr\u0131ca \u00e7al\u0131\u015fmada T\u00fcrk D\u00fcnyas\u0131na y\u00f6nelik son bilimsel veriler sistematik ve b\u00fct\u00fcnc\u00fcl olarak de\u011ferlendirmeler \u015feklinde verilerek, konuya ilgi duyan, merak edenlerin ihtiya\u00e7lar\u0131n\u0131n kar\u015f\u0131lanmas\u0131 ve akademik \u00e7al\u0131\u015fmalarda bilimsel kaynak niteli\u011fi ta\u015f\u0131mas\u0131na \u00f6zen g\u00f6sterilmi\u015ftir.<\/p>\n","protected":false},"excerpt":{"rendered":"<p>Yery\u00fcz\u00fcnde geni\u015f bir alana yay\u0131lm\u0131\u015f olan insanlar farkl\u0131 dil, din ve k\u00fclt\u00fcre sahiptirler. Ayn\u0131 dil, din ve k\u00fclt\u00fcr\u00fc payla\u015fan insanlara millet denir. Milletlerin \u00fczerinde ya\u015fad\u0131klar\u0131 co\u011frafya<span class=\"excerpt-hellip\"> [\u2026]<\/span><\/p>\n","protected":false},"featured_media":0,"template":"","meta":{"_monsterinsights_skip_tracking":false,"_monsterinsights_sitenote_active":false,"_monsterinsights_sitenote_note":"","_monsterinsights_sitenote_category":0},"product_brand":[],"product_cat":[13005,40995],"product_tag":[],"class_list":{"0":"post-757783","1":"product","2":"type-product","3":"status-publish","5":"product_cat-bilim-muhendislik","6":"product_cat-sosyal-bilimler","7":"pa_cilt-ciltsiz","8":"pa_tur-kitap","9":"pa_yayinevi-aktif-yayinevi","10":"pa_yazar-mehmet-unlu","11":"pa_yazar-ramazan-ozey","13":"first","14":"instock","15":"sale","16":"shipping-taxable","17":"purchasable","18":"product-type-simple"},"_links":{"self":[{"href":"https:\/\/roveyayinevi.com.tr\/index.php\/wp-json\/wp\/v2\/product\/757783","targetHints":{"allow":["GET"]}}],"collection":[{"href":"https:\/\/roveyayinevi.com.tr\/index.php\/wp-json\/wp\/v2\/product"}],"about":[{"href":"https:\/\/roveyayinevi.com.tr\/index.php\/wp-json\/wp\/v2\/types\/product"}],"wp:attachment":[{"href":"https:\/\/roveyayinevi.com.tr\/index.php\/wp-json\/wp\/v2\/media?parent=757783"}],"wp:term":[{"taxonomy":"product_brand","embeddable":true,"href":"https:\/\/roveyayinevi.com.tr\/index.php\/wp-json\/wp\/v2\/product_brand?post=757783"},{"taxonomy":"product_cat","embeddable":true,"href":"https:\/\/roveyayinevi.com.tr\/index.php\/wp-json\/wp\/v2\/product_cat?post=757783"},{"taxonomy":"product_tag","embeddable":true,"href":"https:\/\/roveyayinevi.com.tr\/index.php\/wp-json\/wp\/v2\/product_tag?post=757783"}],"curies":[{"name":"wp","href":"https:\/\/api.w.org\/{rel}","templated":true}]}}