{"id":757777,"date":"2025-08-28T07:45:26","date_gmt":"2025-08-28T04:45:26","guid":{"rendered":"https:\/\/roveyayinevi.com.tr\/index.php\/urun\/ataturk-donemi-turk-siirinde-gurbet-1923-1938\/"},"modified":"2026-02-27T03:12:05","modified_gmt":"2026-02-27T00:12:05","slug":"ataturk-donemi-turk-siirinde-gurbet-1923-1938","status":"publish","type":"product","link":"https:\/\/roveyayinevi.com.tr\/index.php\/urun\/ataturk-donemi-turk-siirinde-gurbet-1923-1938\/","title":{"rendered":"Atat\u00fcrk D\u00f6nemi T\u00fcrk \u015eiirinde Gurbet (1923-1938)"},"content":{"rendered":"<p>Maddi anlamda insan\u0131n bir yerden ba\u015fka bir yere gidi\u015fi; memleketini, \u015fehrini, sevdiklerini, kendine ait her \u015feyi geride b\u0131rak\u0131\u015f\u0131, ayr\u0131l\u0131\u015f\u0131d\u0131r gurbet. Ancak gurbetin bir de manevi y\u00f6n\u00fc bulunmaktad\u0131r ki bu s\u00fcre\u00e7 insan\u0131n varolu\u015funa denk d\u00fc\u015fer. \u0130nsano\u011flu tarih boyunca gurbetlere sebep olmu\u015f, gurbet \u00e7ekmi\u015ftir. Hayat\u0131n dinamikleri i\u00e7inde irili ufakl\u0131 pek \u00e7ok olayla gurbete \u00e7\u0131kan insan\u0131n gurbeti m\u0131sralara d\u00f6kmesi de yine hayat\u0131n ola\u011fan ak\u0131\u015f\u0131nda yer al\u0131r.\u00d6te yandan gurbet ve gurbetin yaratt\u0131\u011f\u0131 duygular, baz\u0131 d\u00f6nemlerde devrin \u015fartlar\u0131n\u0131n da etkisiyle edebi eserlere daha \u00e7ok yans\u0131r. 1923-1938 y\u0131llar\u0131n\u0131n Atat\u00fcrk D\u00f6nemi olarak adland\u0131r\u0131ld\u0131\u011f\u0131 bu devirde gurbet\u201d T\u00fcrk \u015fiirinde \u00f6ne \u00e7\u0131kan temalardan biri olmu\u015ftur. ;Atat\u00fcrk D\u00f6nemi T\u00fcrk \u015eiirinde Gurbet adl\u0131 bu eserde yazar, on be\u015f y\u0131ll\u0131k periyotta yay\u0131n hayat\u0131nda olan dergiler ve \u015fiir kitaplar\u0131nda gurbetin izlerini aramakta ve sanat\u00e7\u0131lar\u0131n ruhundan m\u0131sralara s\u00fcz\u00fclen gurbeti okuyuculara sunmaktad\u0131r.<\/p>\n","protected":false},"excerpt":{"rendered":"<p>Maddi anlamda insan\u0131n bir yerden ba\u015fka bir yere gidi\u015fi; memleketini, \u015fehrini, sevdiklerini, kendine ait her \u015feyi geride b\u0131rak\u0131\u015f\u0131, ayr\u0131l\u0131\u015f\u0131d\u0131r gurbet. Ancak gurbetin bir de manevi y\u00f6n\u00fc<span class=\"excerpt-hellip\"> [\u2026]<\/span><\/p>\n","protected":false},"featured_media":0,"template":"","meta":{"_monsterinsights_skip_tracking":false,"_monsterinsights_sitenote_active":false,"_monsterinsights_sitenote_note":"","_monsterinsights_sitenote_category":0},"product_brand":[],"product_cat":[12304],"product_tag":[],"class_list":{"0":"post-757777","1":"product","2":"type-product","3":"status-publish","5":"product_cat-tarih","6":"pa_cilt-ciltsiz","7":"pa_tur-kitap","8":"pa_yayinevi-aktif-yayinevi","9":"pa_yazar-asuman-gurman-sahin","11":"first","12":"instock","13":"sale","14":"shipping-taxable","15":"purchasable","16":"product-type-simple"},"_links":{"self":[{"href":"https:\/\/roveyayinevi.com.tr\/index.php\/wp-json\/wp\/v2\/product\/757777","targetHints":{"allow":["GET"]}}],"collection":[{"href":"https:\/\/roveyayinevi.com.tr\/index.php\/wp-json\/wp\/v2\/product"}],"about":[{"href":"https:\/\/roveyayinevi.com.tr\/index.php\/wp-json\/wp\/v2\/types\/product"}],"wp:attachment":[{"href":"https:\/\/roveyayinevi.com.tr\/index.php\/wp-json\/wp\/v2\/media?parent=757777"}],"wp:term":[{"taxonomy":"product_brand","embeddable":true,"href":"https:\/\/roveyayinevi.com.tr\/index.php\/wp-json\/wp\/v2\/product_brand?post=757777"},{"taxonomy":"product_cat","embeddable":true,"href":"https:\/\/roveyayinevi.com.tr\/index.php\/wp-json\/wp\/v2\/product_cat?post=757777"},{"taxonomy":"product_tag","embeddable":true,"href":"https:\/\/roveyayinevi.com.tr\/index.php\/wp-json\/wp\/v2\/product_tag?post=757777"}],"curies":[{"name":"wp","href":"https:\/\/api.w.org\/{rel}","templated":true}]}}