{"id":757776,"date":"2025-08-28T07:45:25","date_gmt":"2025-08-28T04:45:25","guid":{"rendered":"https:\/\/roveyayinevi.com.tr\/index.php\/urun\/hikayeleriyle-gaziantep-yer-adlari\/"},"modified":"2026-04-16T03:10:48","modified_gmt":"2026-04-16T00:10:48","slug":"hikayeleriyle-gaziantep-yer-adlari","status":"publish","type":"product","link":"https:\/\/roveyayinevi.com.tr\/index.php\/urun\/hikayeleriyle-gaziantep-yer-adlari\/","title":{"rendered":"Hikayeleriyle Gaziantep Yer Adlar\u0131"},"content":{"rendered":"<p>Mek\u00e2n-dil-bellek aras\u0131nda aranacak herhangi bir ili\u015fki i\u00e7in yer adlar\u0131n\u0131n k\u00fclt\u00fcrel altyap\u0131s\u0131n\u0131 incelemek, toplumlar\u0131n bellek olu\u015fumunda mek\u00e2na verilen isimler ile temellendirilebilir. Toplumsal belle\u011fin ya\u015fayan ve her g\u00fcn ve her g\u00fcn birey ve topluma kendisini, y\u00f6renin k\u00fclt\u00fcr\u00fc i\u00e7erisindeki de\u011ferini hat\u0131rlatan yer adlar\u0131; hik\u00e2yeleri, efsaneleri, m\u00fcnhas\u0131r \u00f6zellikleriyle soyut birer an\u0131ttan farks\u0131zd\u0131r.Gaziantepin yer adlar\u0131n\u0131n tarih\u00ee ve k\u00fclt\u00fcrel arka plan\u0131yla incelendi\u011finde bu \u00e7al\u0131\u015fmada farkl\u0131 yer ad\u0131 tasnifleri derlenmi\u015f, Gaziantepin kendine has yer adlar\u0131na en uygun tasnif tespit edilmi\u015f ve kentin ismiyle m\u00fcsemma mek\u00e2nlar\u0131nda \u00e2deta zaman yolculu\u011funa \u00e7\u0131k\u0131l\u0131p hat\u0131rlanan mek\u00e2nda yap\u0131lan toplumsal bellek arkeolojisi \u00e7al\u0131\u015fmalar\u0131yla yer adlar\u0131 katman katman g\u00fcn y\u00fcz\u00fcne \u00e7\u0131kar\u0131lm\u0131\u015ft\u0131r.Yakla\u015f\u0131m\u0131yla gelecekteki yer adlar\u0131 \u00e7al\u0131\u015fmalar\u0131na \u00f6nc\u00fcl\u00fck edecek bu eser, hem ara\u015ft\u0131rmac\u0131lara hem de mek\u00e2n-dil-bellek merakl\u0131s\u0131 amat\u00f6rlere hitap ederek Anadolu\u2019da ke\u015ffedilmeyi bekleyen yer adlar\u0131 hik\u00e2yelerinin ortaya \u00e7\u0131kar\u0131lmas\u0131na \u00f6nayak niteli\u011findedir.<\/p>\n","protected":false},"excerpt":{"rendered":"<p>Mek\u00e2n-dil-bellek aras\u0131nda aranacak herhangi bir ili\u015fki i\u00e7in yer adlar\u0131n\u0131n k\u00fclt\u00fcrel altyap\u0131s\u0131n\u0131 incelemek, toplumlar\u0131n bellek olu\u015fumunda mek\u00e2na verilen isimler ile temellendirilebilir. Toplumsal belle\u011fin ya\u015fayan ve her g\u00fcn<span class=\"excerpt-hellip\"> [\u2026]<\/span><\/p>\n","protected":false},"featured_media":0,"template":"","meta":{"_monsterinsights_skip_tracking":false,"_monsterinsights_sitenote_active":false,"_monsterinsights_sitenote_note":"","_monsterinsights_sitenote_category":0},"product_brand":[],"product_cat":[12304],"product_tag":[],"class_list":{"0":"post-757776","1":"product","2":"type-product","3":"status-publish","5":"product_cat-tarih","6":"pa_cilt-ciltsiz","7":"pa_tur-kitap","8":"pa_yayinevi-aktif-yayinevi","9":"pa_yazar-tugce-erdal","11":"first","12":"instock","13":"sale","14":"shipping-taxable","15":"purchasable","16":"product-type-simple"},"_links":{"self":[{"href":"https:\/\/roveyayinevi.com.tr\/index.php\/wp-json\/wp\/v2\/product\/757776","targetHints":{"allow":["GET"]}}],"collection":[{"href":"https:\/\/roveyayinevi.com.tr\/index.php\/wp-json\/wp\/v2\/product"}],"about":[{"href":"https:\/\/roveyayinevi.com.tr\/index.php\/wp-json\/wp\/v2\/types\/product"}],"wp:attachment":[{"href":"https:\/\/roveyayinevi.com.tr\/index.php\/wp-json\/wp\/v2\/media?parent=757776"}],"wp:term":[{"taxonomy":"product_brand","embeddable":true,"href":"https:\/\/roveyayinevi.com.tr\/index.php\/wp-json\/wp\/v2\/product_brand?post=757776"},{"taxonomy":"product_cat","embeddable":true,"href":"https:\/\/roveyayinevi.com.tr\/index.php\/wp-json\/wp\/v2\/product_cat?post=757776"},{"taxonomy":"product_tag","embeddable":true,"href":"https:\/\/roveyayinevi.com.tr\/index.php\/wp-json\/wp\/v2\/product_tag?post=757776"}],"curies":[{"name":"wp","href":"https:\/\/api.w.org\/{rel}","templated":true}]}}