{"id":757775,"date":"2025-08-28T07:45:23","date_gmt":"2025-08-28T04:45:23","guid":{"rendered":"https:\/\/roveyayinevi.com.tr\/index.php\/urun\/lehce-sozcuk-yapimi\/"},"modified":"2026-04-16T03:10:48","modified_gmt":"2026-04-16T00:10:48","slug":"lehce-sozcuk-yapimi","status":"publish","type":"product","link":"https:\/\/roveyayinevi.com.tr\/index.php\/urun\/lehce-sozcuk-yapimi\/","title":{"rendered":"Leh\u00e7e S\u00f6zc\u00fck Yap\u0131m\u0131"},"content":{"rendered":"<p>Leh\u00e7e S\u00f6zc\u00fck Yap\u0131m\u0131, dilin temel unsurlar\u0131ndan olan s\u00f6zc\u00fcklerin incelenmesi sonucu olu\u015fturulmu\u015f bir a\u00e7\u0131klama kitab\u0131 niteli\u011finde haz\u0131rlanm\u0131\u015ft\u0131r. \u00c7al\u0131\u015fman\u0131n yeg\u00e2ne amac\u0131, insan\u0131n ileti\u015fim kurmaya y\u00f6nelik ihtiyac\u0131 sonucu ortaya \u00e7\u0131km\u0131\u015f olan dilin nas\u0131l bir \u00e7e\u015fitlilik i\u00e7erebilece\u011fine dair unsurlar\u0131 Leh\u00e7e s\u00f6zc\u00fckler \u00e7er\u00e7evesinde g\u00f6sterebilmektir. \u00d6rnek c\u00fcmleler ve ili\u015fkili s\u00f6zc\u00fcklerle detayl\u0131 inceleme f\u0131rsat\u0131 sunularak ba\u015fka \u00e7al\u0131\u015fmalara \u00f6nc\u00fcl\u00fck yapmas\u0131 ayr\u0131ca ama\u00e7lanmaktad\u0131r. S\u00f6zc\u00fcklerin yan\u0131 s\u0131ra farkl\u0131 anlamlar katan ekler detayl\u0131ca ele al\u0131nm\u0131\u015ft\u0131r. Ekler anlat\u0131m usul\u00fcne ve kategorilerine g\u00f6re farkl\u0131 ba\u015fl\u0131klar alt\u0131nda incelenmi\u015f olup farkl\u0131 kullan\u0131m ama\u00e7lar\u0131 a\u00e7\u0131klanm\u0131\u015ft\u0131r. Ayn\u0131 zamanda Leh\u00e7e t\u00fcretim eklerinin g\u00fcn\u00fcm\u00fcz kullan\u0131m alanlar\u0131n\u0131n d\u0131\u015f\u0131nda, geli\u015ftikleri s\u00fcre\u00e7 ise yer yer i\u015flenmi\u015ftir.Kitapta Leh\u00e7e s\u00f6zc\u00fck yap\u0131m\u0131 birimlerine ek olarak dil bilimi \u00e7er\u00e7evesinde ele al\u0131nan terimler ise T\u00fcrk\u00e7e anlamlar\u0131 ile birlikte yer almaktad\u0131r. Gayemiz \u00e7al\u0131\u015fmay\u0131 Leh\u00e7eyi \u00f6\u011frenen, \u00f6\u011frenmek isteyen ve ara\u015ft\u0131ran okurlara yard\u0131mc\u0131 kitap olarak sunmakt\u0131r.<\/p>\n","protected":false},"excerpt":{"rendered":"<p>Leh\u00e7e S\u00f6zc\u00fck Yap\u0131m\u0131, dilin temel unsurlar\u0131ndan olan s\u00f6zc\u00fcklerin incelenmesi sonucu olu\u015fturulmu\u015f bir a\u00e7\u0131klama kitab\u0131 niteli\u011finde haz\u0131rlanm\u0131\u015ft\u0131r. \u00c7al\u0131\u015fman\u0131n yeg\u00e2ne amac\u0131, insan\u0131n ileti\u015fim kurmaya y\u00f6nelik ihtiyac\u0131 sonucu ortaya<span class=\"excerpt-hellip\"> [\u2026]<\/span><\/p>\n","protected":false},"featured_media":0,"template":"","meta":{"_monsterinsights_skip_tracking":false,"_monsterinsights_sitenote_active":false,"_monsterinsights_sitenote_note":"","_monsterinsights_sitenote_category":0},"product_brand":[],"product_cat":[20225,12291],"product_tag":[],"class_list":{"0":"post-757775","1":"product","2":"type-product","3":"status-publish","5":"product_cat-dil-bilim","6":"product_cat-edebiyat","7":"pa_cilt-ciltsiz","8":"pa_tur-kitap","9":"pa_yayinevi-aktif-yayinevi","10":"pa_yazar-emrah-gaznevi","12":"first","13":"instock","14":"sale","15":"shipping-taxable","16":"purchasable","17":"product-type-simple"},"_links":{"self":[{"href":"https:\/\/roveyayinevi.com.tr\/index.php\/wp-json\/wp\/v2\/product\/757775","targetHints":{"allow":["GET"]}}],"collection":[{"href":"https:\/\/roveyayinevi.com.tr\/index.php\/wp-json\/wp\/v2\/product"}],"about":[{"href":"https:\/\/roveyayinevi.com.tr\/index.php\/wp-json\/wp\/v2\/types\/product"}],"wp:attachment":[{"href":"https:\/\/roveyayinevi.com.tr\/index.php\/wp-json\/wp\/v2\/media?parent=757775"}],"wp:term":[{"taxonomy":"product_brand","embeddable":true,"href":"https:\/\/roveyayinevi.com.tr\/index.php\/wp-json\/wp\/v2\/product_brand?post=757775"},{"taxonomy":"product_cat","embeddable":true,"href":"https:\/\/roveyayinevi.com.tr\/index.php\/wp-json\/wp\/v2\/product_cat?post=757775"},{"taxonomy":"product_tag","embeddable":true,"href":"https:\/\/roveyayinevi.com.tr\/index.php\/wp-json\/wp\/v2\/product_tag?post=757775"}],"curies":[{"name":"wp","href":"https:\/\/api.w.org\/{rel}","templated":true}]}}