{"id":757773,"date":"2025-08-28T07:45:21","date_gmt":"2025-08-28T04:45:21","guid":{"rendered":"https:\/\/roveyayinevi.com.tr\/index.php\/urun\/konvansiyonel-kalkinmadan-dijital-kalkinmaya-turkiye\/"},"modified":"2026-04-16T03:10:48","modified_gmt":"2026-04-16T00:10:48","slug":"konvansiyonel-kalkinmadan-dijital-kalkinmaya-turkiye","status":"publish","type":"product","link":"https:\/\/roveyayinevi.com.tr\/index.php\/urun\/konvansiyonel-kalkinmadan-dijital-kalkinmaya-turkiye\/","title":{"rendered":"Konvansiyonel Kalk\u0131nmadan Dijital Kalk\u0131nmaya T\u00fcrkiye"},"content":{"rendered":"<p>Konvansiyonel kalk\u0131nmadan bilgi ve teknoloji temelli dijital kalk\u0131nmaya evrilen k\u00fcresel geli\u015fmeler kar\u015f\u0131s\u0131nda T\u00fcrkiye de kay\u0131ts\u0131z kalmam\u0131\u015f 2015-2018 Bilgi Toplumu Stratejisi ve Eylem Plan\u0131 ile Ulusal Yapay Zeka Stratejisi 2021-2025 ba\u015fta olmak \u00fczere B\u0130T merkezli hedefler ile bu hedeflere y\u00f6nelik politikalar ve eylemler belirlemi\u015ftir.K\u00fcresel pandemi s\u00fcrecinde do\u011frusal ekonomiden d\u00f6ng\u00fcsel ekonomiye ge\u00e7menin se\u00e7enek de\u011fil zorunluluk oldu\u011funun daha iyi anla\u015f\u0131lmas\u0131 ile ye\u015fil ekonomi ve dijital devrim gibi kavramlar\u0131n \u00f6nc\u00fcl\u00fc\u011f\u00fcnde i\u015f ve s\u00fcrd\u00fcr\u00fclebilir kalk\u0131nma modeli h\u0131zla de\u011fi\u015fmektedir. Ayn\u0131 zamanda k\u00fcresel yeni standartlar demek olan bu d\u00f6n\u00fc\u015f\u00fcm rekabet endekslerini de k\u00f6kten de\u011fi\u015ftirme potansiyeline sahiptir. G\u00fc\u00e7 ve m\u00fclkiyet kavram\u0131n\u0131n anlam ve de\u011ferini yeniden belirleyen dijital devrim odakl\u0131 bilgi ekonomileri, bug\u00fcn ve gelece\u011fin belirleyicisi olacakt\u0131r.<\/p>\n","protected":false},"excerpt":{"rendered":"<p>Konvansiyonel kalk\u0131nmadan bilgi ve teknoloji temelli dijital kalk\u0131nmaya evrilen k\u00fcresel geli\u015fmeler kar\u015f\u0131s\u0131nda T\u00fcrkiye de kay\u0131ts\u0131z kalmam\u0131\u015f 2015-2018 Bilgi Toplumu Stratejisi ve Eylem Plan\u0131 ile Ulusal Yapay<span class=\"excerpt-hellip\"> [\u2026]<\/span><\/p>\n","protected":false},"featured_media":0,"template":"","meta":{"_monsterinsights_skip_tracking":false,"_monsterinsights_sitenote_active":false,"_monsterinsights_sitenote_note":"","_monsterinsights_sitenote_category":0},"product_brand":[],"product_cat":[13043,14144],"product_tag":[],"class_list":{"0":"post-757773","1":"product","2":"type-product","3":"status-publish","5":"product_cat-ekonomi","6":"product_cat-turkiye-ekonomisi","7":"pa_cilt-ciltsiz","8":"pa_tur-kitap","9":"pa_yayinevi-aktif-yayinevi","10":"pa_yazar-serkan-canturk","12":"first","13":"instock","14":"sale","15":"shipping-taxable","16":"purchasable","17":"product-type-simple"},"_links":{"self":[{"href":"https:\/\/roveyayinevi.com.tr\/index.php\/wp-json\/wp\/v2\/product\/757773","targetHints":{"allow":["GET"]}}],"collection":[{"href":"https:\/\/roveyayinevi.com.tr\/index.php\/wp-json\/wp\/v2\/product"}],"about":[{"href":"https:\/\/roveyayinevi.com.tr\/index.php\/wp-json\/wp\/v2\/types\/product"}],"wp:attachment":[{"href":"https:\/\/roveyayinevi.com.tr\/index.php\/wp-json\/wp\/v2\/media?parent=757773"}],"wp:term":[{"taxonomy":"product_brand","embeddable":true,"href":"https:\/\/roveyayinevi.com.tr\/index.php\/wp-json\/wp\/v2\/product_brand?post=757773"},{"taxonomy":"product_cat","embeddable":true,"href":"https:\/\/roveyayinevi.com.tr\/index.php\/wp-json\/wp\/v2\/product_cat?post=757773"},{"taxonomy":"product_tag","embeddable":true,"href":"https:\/\/roveyayinevi.com.tr\/index.php\/wp-json\/wp\/v2\/product_tag?post=757773"}],"curies":[{"name":"wp","href":"https:\/\/api.w.org\/{rel}","templated":true}]}}