{"id":757772,"date":"2025-08-28T07:45:20","date_gmt":"2025-08-28T04:45:20","guid":{"rendered":"https:\/\/roveyayinevi.com.tr\/index.php\/urun\/kulturel-calismalar-cankiri-tarihi-ve-kulturel-degerleri\/"},"modified":"2026-04-16T03:10:48","modified_gmt":"2026-04-16T00:10:48","slug":"kulturel-calismalar-cankiri-tarihi-ve-kulturel-degerleri","status":"publish","type":"product","link":"https:\/\/roveyayinevi.com.tr\/index.php\/urun\/kulturel-calismalar-cankiri-tarihi-ve-kulturel-degerleri\/","title":{"rendered":"K\u00fclt\u00fcrel \u00c7al\u0131\u015fmalar &#8211; \u00c7ank\u0131r\u0131 Tarihi ve K\u00fclt\u00fcrel De\u011ferleri"},"content":{"rendered":"<p>Bu kitap kendini, k\u00fclt\u00fcr\u00fc uzaklarda de\u011fil kendi can suyunda bulmas\u0131 gereken aray\u0131\u015f i\u00e7inde olan nesillerle, k\u00fclt\u00fcr\u00fc her daim ya\u015fayan ve ya\u015fatan nesilleri bir araya getirmek \u00f6z\u00fc buldurmak d\u00fc\u015f\u00fcncesiyle kaleme al\u0131nm\u0131\u015ft\u0131r&#8230;Zaman hangi zaman, insanlar nas\u0131l insanlar olursa olsun her \u015feye ra\u011fmen olmas\u0131 gerekti\u011fi gibi davranan, \u00f6z\u00fcnden \u00f6d\u00fcn vermeyen, insan olan ve insan kalma m\u00fccadelesi veren insanlar\u0131n sesi olmak i\u00e7in yaz\u0131lm\u0131\u015ft\u0131r&#8230;En g\u00fczel \u00f6\u011fretileri en g\u00fczel ya\u015fant\u0131lar\u0131 i\u00e7eren aile k\u00fclt\u00fcr\u00fcn\u00fcn toplumsal k\u00fclt\u00fcre sonras\u0131nda e\u011fitim ve akademik k\u00fclt\u00fcrle bir araya geldi\u011fi medeniyet k\u00fclt\u00fcr\u00fcne katk\u0131 sunan bir halkalar birli\u011fidir&#8230;Ya\u015fayan k\u00fclt\u00fcr\u00fcn e\u011fitime aktar\u0131lmas\u0131 yolunda, yaz\u0131l\u0131 olmayan k\u00fclt\u00fcr\u00fcn kal\u0131c\u0131l\u0131\u011f\u0131n\u0131 sa\u011flamaya y\u00f6nelik bir giri\u015fimdir&#8230;Okuyan nesille ya\u015fayan tatbik eden y\u00f6nlendiren neslin k\u00fclt\u00fcrle bulu\u015fma noktas\u0131d\u0131r&#8230;Duru\u015fuyla, bak\u0131\u015f\u0131yla, tavr\u0131yla k\u00fclt\u00fcr\u00fcn\u00fc yans\u0131tan, ya\u015fayan ve k\u00fclt\u00fcrel de\u011ferlerinden \u00f6d\u00fcn vermeyen isimsiz k\u00fclt\u00fcr el\u00e7ilerine bir arma\u011fand\u0131r&#8230;<\/p>\n","protected":false},"excerpt":{"rendered":"<p>Bu kitap kendini, k\u00fclt\u00fcr\u00fc uzaklarda de\u011fil kendi can suyunda bulmas\u0131 gereken aray\u0131\u015f i\u00e7inde olan nesillerle, k\u00fclt\u00fcr\u00fc her daim ya\u015fayan ve ya\u015fatan nesilleri bir araya getirmek \u00f6z\u00fc<span class=\"excerpt-hellip\"> [\u2026]<\/span><\/p>\n","protected":false},"featured_media":0,"template":"","meta":{"_monsterinsights_skip_tracking":false,"_monsterinsights_sitenote_active":false,"_monsterinsights_sitenote_note":"","_monsterinsights_sitenote_category":0},"product_brand":[],"product_cat":[12324],"product_tag":[],"class_list":{"0":"post-757772","1":"product","2":"type-product","3":"status-publish","5":"product_cat-sosyoloji","6":"pa_cilt-ciltsiz","7":"pa_tur-kitap","8":"pa_yayinevi-aktif-yayinevi","9":"pa_yazar-rabia-aksoy-arikan","11":"first","12":"instock","13":"sale","14":"shipping-taxable","15":"purchasable","16":"product-type-simple"},"_links":{"self":[{"href":"https:\/\/roveyayinevi.com.tr\/index.php\/wp-json\/wp\/v2\/product\/757772","targetHints":{"allow":["GET"]}}],"collection":[{"href":"https:\/\/roveyayinevi.com.tr\/index.php\/wp-json\/wp\/v2\/product"}],"about":[{"href":"https:\/\/roveyayinevi.com.tr\/index.php\/wp-json\/wp\/v2\/types\/product"}],"wp:attachment":[{"href":"https:\/\/roveyayinevi.com.tr\/index.php\/wp-json\/wp\/v2\/media?parent=757772"}],"wp:term":[{"taxonomy":"product_brand","embeddable":true,"href":"https:\/\/roveyayinevi.com.tr\/index.php\/wp-json\/wp\/v2\/product_brand?post=757772"},{"taxonomy":"product_cat","embeddable":true,"href":"https:\/\/roveyayinevi.com.tr\/index.php\/wp-json\/wp\/v2\/product_cat?post=757772"},{"taxonomy":"product_tag","embeddable":true,"href":"https:\/\/roveyayinevi.com.tr\/index.php\/wp-json\/wp\/v2\/product_tag?post=757772"}],"curies":[{"name":"wp","href":"https:\/\/api.w.org\/{rel}","templated":true}]}}