{"id":757769,"date":"2025-08-28T07:45:15","date_gmt":"2025-08-28T04:45:15","guid":{"rendered":"https:\/\/roveyayinevi.com.tr\/index.php\/urun\/hace-i-lisan-i-osmani\/"},"modified":"2026-04-16T03:10:48","modified_gmt":"2026-04-16T00:10:48","slug":"hace-i-lisan-i-osmani","status":"publish","type":"product","link":"https:\/\/roveyayinevi.com.tr\/index.php\/urun\/hace-i-lisan-i-osmani\/","title":{"rendered":"Hace-i Lisan-\u0131 Osmani"},"content":{"rendered":"<p>19. y\u00fczy\u0131l ve sonras\u0131nda haz\u0131rlanan gramer kitaplar\u0131ndan birisi de Manast\u0131rl\u0131 Mehmed Rif\u2019at\u2019in ;H\u00e2ce-i Lis\u00e2n-\u0131 Osm\u00e2n\u00ee adl\u0131 eseridir. Osmanl\u0131 T\u00fcrk\u00e7esinde yer alan T\u00fcrk\u00e7e, Arap\u00e7a ve Fars\u00e7a gramer kurallar\u0131n\u0131n ayr\u0131 kitaplar halinde ele al\u0131nmas\u0131 bu eserin \u00f6nemli \u00f6zelliklerinden birisidir. \u00dc\u00e7 dilin gramer kurallar\u0131n\u0131n birlikte verilmesinin eserlerden yararlanmay\u0131 zorla\u015ft\u0131rd\u0131\u011f\u0131 d\u00fc\u015f\u00fcncesi yazar\u0131 b\u00f6yle bir tercihe y\u00f6nlendirmi\u015ftir. Bu \u00e7al\u0131\u015fma M\u00fcfred\u00e2t cildi i\u00e7erisinde yer alan Sarf-\u0131 F\u00e2rs\u00ee ve Tatb\u00eek\u00e2t-\u0131 M\u00fcfred\u00e2t; M\u00fcrekkeb\u00e2t cildi i\u00e7erisinde yer alan Nahv-i F\u00e2rs\u00ee ve Tatb\u00eek\u00e2t-\u0131 M\u00fcrekkeb\u00e2t b\u00f6l\u00fcmlerinin \u00e7evriyaz\u0131s\u0131n\u0131 i\u00e7ermektedir.<\/p>\n","protected":false},"excerpt":{"rendered":"<p>19. y\u00fczy\u0131l ve sonras\u0131nda haz\u0131rlanan gramer kitaplar\u0131ndan birisi de Manast\u0131rl\u0131 Mehmed Rif\u2019at\u2019in ;H\u00e2ce-i Lis\u00e2n-\u0131 Osm\u00e2n\u00ee adl\u0131 eseridir. Osmanl\u0131 T\u00fcrk\u00e7esinde yer alan T\u00fcrk\u00e7e, Arap\u00e7a ve Fars\u00e7a gramer<span class=\"excerpt-hellip\"> [\u2026]<\/span><\/p>\n","protected":false},"featured_media":0,"template":"","meta":{"_monsterinsights_skip_tracking":false,"_monsterinsights_sitenote_active":false,"_monsterinsights_sitenote_note":"","_monsterinsights_sitenote_category":0},"product_brand":[],"product_cat":[20225,12291],"product_tag":[],"class_list":{"0":"post-757769","1":"product","2":"type-product","3":"status-publish","5":"product_cat-dil-bilim","6":"product_cat-edebiyat","7":"pa_cilt-ciltsiz","8":"pa_tur-kitap","9":"pa_yayinevi-aktif-yayinevi","10":"pa_yazar-aktif-kolektif","12":"first","13":"instock","14":"sale","15":"shipping-taxable","16":"purchasable","17":"product-type-simple"},"_links":{"self":[{"href":"https:\/\/roveyayinevi.com.tr\/index.php\/wp-json\/wp\/v2\/product\/757769","targetHints":{"allow":["GET"]}}],"collection":[{"href":"https:\/\/roveyayinevi.com.tr\/index.php\/wp-json\/wp\/v2\/product"}],"about":[{"href":"https:\/\/roveyayinevi.com.tr\/index.php\/wp-json\/wp\/v2\/types\/product"}],"wp:attachment":[{"href":"https:\/\/roveyayinevi.com.tr\/index.php\/wp-json\/wp\/v2\/media?parent=757769"}],"wp:term":[{"taxonomy":"product_brand","embeddable":true,"href":"https:\/\/roveyayinevi.com.tr\/index.php\/wp-json\/wp\/v2\/product_brand?post=757769"},{"taxonomy":"product_cat","embeddable":true,"href":"https:\/\/roveyayinevi.com.tr\/index.php\/wp-json\/wp\/v2\/product_cat?post=757769"},{"taxonomy":"product_tag","embeddable":true,"href":"https:\/\/roveyayinevi.com.tr\/index.php\/wp-json\/wp\/v2\/product_tag?post=757769"}],"curies":[{"name":"wp","href":"https:\/\/api.w.org\/{rel}","templated":true}]}}