{"id":757768,"date":"2025-08-28T07:45:14","date_gmt":"2025-08-28T04:45:14","guid":{"rendered":"https:\/\/roveyayinevi.com.tr\/index.php\/urun\/isgal-altinda-bosna\/"},"modified":"2026-04-16T03:10:48","modified_gmt":"2026-04-16T00:10:48","slug":"isgal-altinda-bosna","status":"publish","type":"product","link":"https:\/\/roveyayinevi.com.tr\/index.php\/urun\/isgal-altinda-bosna\/","title":{"rendered":"\u0130\u015fgal Alt\u0131nda Bosna"},"content":{"rendered":"<p>1463 y\u0131l\u0131ndan itibaren Osmanl\u0131 h\u00e2kimiyeti alt\u0131ndayken 19. y\u00fczy\u0131l\u0131n sonlar\u0131nda Avusturya-Macaristan \u0130mparatorlu\u011fu taraf\u0131ndan i\u015fgal edilen Bosna-Hersek, modern \u00e7a\u011f\u0131n yeni siyasal akt\u00f6rlerinin ve yeni m\u00fccadelelerinin en yak\u0131ndan g\u00f6zlenebilece\u011fi eski bir Osmanl\u0131 vilayetidir.\u0130\u015fgal Alt\u0131nda Bosna &#8211; Bo\u015fnaklar\u0131n H\u00fcrriyet M\u00fccadelesi isimli bu \u00e7al\u0131\u015fmada i\u015fgal edilmi\u015f bir vatan\u0131n h\u00fcrriyet \u00f6zlemi, i\u015fgale kar\u015f\u0131 me\u015fru bir direni\u015fin onuru, nihayetinde \u00f6zerklik \u00e7abalar\u0131 ayr\u0131nt\u0131lar\u0131yla ele al\u0131nmaktad\u0131r.Avusturya-Macaristan \u0130mparatorlu\u011fu, \u0130\u015fgal \u0130daresi ve Bo\u015fnak temsilciler aras\u0131nda din, vak\u0131f ve maarif \u00f6zerkli\u011fi konusundaki uzun diplomatik u\u011fra\u015flar\u0131, bu diplomasinin sonu\u00e7lar\u0131 olan muht\u0131ra ve dilek\u00e7elerin T\u00fcrk\u00e7e \u00e7evirileriyle birlikte sunan bu \u00e7al\u0131\u015fma, bir halk\u0131n kimlik kazanma s\u00fcre\u00e7lerini incelemektedir.\u0130lk kez T\u00fcrk\u00e7eye terc\u00fcme edilen dilek\u00e7e ve muht\u0131ralar ile ara\u015ft\u0131rmac\u0131lar i\u00e7in de\u011ferli bir kaynak niteli\u011fi ta\u015f\u0131yan bu eser, ayn\u0131 zamanda Balkanlar\u0131n yak\u0131n tarihine \u00f6nemli bir pencere a\u00e7\u0131yor.<\/p>\n","protected":false},"excerpt":{"rendered":"<p>1463 y\u0131l\u0131ndan itibaren Osmanl\u0131 h\u00e2kimiyeti alt\u0131ndayken 19. y\u00fczy\u0131l\u0131n sonlar\u0131nda Avusturya-Macaristan \u0130mparatorlu\u011fu taraf\u0131ndan i\u015fgal edilen Bosna-Hersek, modern \u00e7a\u011f\u0131n yeni siyasal akt\u00f6rlerinin ve yeni m\u00fccadelelerinin en yak\u0131ndan g\u00f6zlenebilece\u011fi<span class=\"excerpt-hellip\"> [\u2026]<\/span><\/p>\n","protected":false},"featured_media":0,"template":"","meta":{"_monsterinsights_skip_tracking":false,"_monsterinsights_sitenote_active":false,"_monsterinsights_sitenote_note":"","_monsterinsights_sitenote_category":0},"product_brand":[],"product_cat":[12370,12304],"product_tag":[],"class_list":{"0":"post-757768","1":"product","2":"type-product","3":"status-publish","5":"product_cat-arastirma-inceleme","6":"product_cat-tarih","7":"pa_cilt-ciltsiz","8":"pa_tur-kitap","9":"pa_yayinevi-aktif-yayinevi","10":"pa_yazar-fahriye-emgili","12":"first","13":"instock","14":"sale","15":"shipping-taxable","16":"purchasable","17":"product-type-simple"},"_links":{"self":[{"href":"https:\/\/roveyayinevi.com.tr\/index.php\/wp-json\/wp\/v2\/product\/757768","targetHints":{"allow":["GET"]}}],"collection":[{"href":"https:\/\/roveyayinevi.com.tr\/index.php\/wp-json\/wp\/v2\/product"}],"about":[{"href":"https:\/\/roveyayinevi.com.tr\/index.php\/wp-json\/wp\/v2\/types\/product"}],"wp:attachment":[{"href":"https:\/\/roveyayinevi.com.tr\/index.php\/wp-json\/wp\/v2\/media?parent=757768"}],"wp:term":[{"taxonomy":"product_brand","embeddable":true,"href":"https:\/\/roveyayinevi.com.tr\/index.php\/wp-json\/wp\/v2\/product_brand?post=757768"},{"taxonomy":"product_cat","embeddable":true,"href":"https:\/\/roveyayinevi.com.tr\/index.php\/wp-json\/wp\/v2\/product_cat?post=757768"},{"taxonomy":"product_tag","embeddable":true,"href":"https:\/\/roveyayinevi.com.tr\/index.php\/wp-json\/wp\/v2\/product_tag?post=757768"}],"curies":[{"name":"wp","href":"https:\/\/api.w.org\/{rel}","templated":true}]}}