{"id":757765,"date":"2025-08-28T07:45:10","date_gmt":"2025-08-28T04:45:10","guid":{"rendered":"https:\/\/roveyayinevi.com.tr\/index.php\/urun\/1838-1840-1254-1256-h-tarihli-ankara-seriyye-sicili\/"},"modified":"2026-04-16T03:10:47","modified_gmt":"2026-04-16T00:10:47","slug":"1838-1840-1254-1256-h-tarihli-ankara-seriyye-sicili","status":"publish","type":"product","link":"https:\/\/roveyayinevi.com.tr\/index.php\/urun\/1838-1840-1254-1256-h-tarihli-ankara-seriyye-sicili\/","title":{"rendered":"1838-1840 (1254-1256 H.) Tarihli Ankara \u015eer\u2018iyye Sicili"},"content":{"rendered":"<p>Osmanl\u0131 devlet te\u015fkilat\u0131nda ta\u015frada her kurumun b\u00fcrosu, defteri ve kay\u0131t sistemi bulunmuyordu. \u00d6rne\u011fin beylerbeyi, sancakbeyi, dizdar, \u015fehir keth\u00fcdas\u0131 ve di\u011ferlerinin kanunn\u00e2melerle g\u00f6rev ve yetkileri tan\u0131mlanm\u0131\u015f, yapt\u0131\u011f\u0131 i\u015flemlerin tescili kabul edilmi\u015f yetkileri yoktu. B\u00fct\u00fcn \u00fclkede bu i\u015f \u015eer\u2018\u00ee Mahkemeye ve onun ba\u015f\u0131ndaki kad\u0131ya verilmi\u015ftir. \u015eer\u2018iyye sicilleri, kad\u0131 ya da n\u00e2ibi taraf\u0131ndan tutulan farkl\u0131 t\u00fcrlerdeki belgeleri kapsamakta olup devletin tan\u0131d\u0131\u011f\u0131 ve resmiyetini, tescilini kabul etti\u011fi yeg\u00e2ne kaynaklard\u0131r. Bu bak\u0131mdan Osmanl\u0131 Devlet yap\u0131s\u0131n\u0131n toplumsal, ekonomik ve hukuki yap\u0131s\u0131n\u0131 anlamak ve dolay\u0131s\u0131yla yerel tarih \u00e7al\u0131\u015fmas\u0131 yapabilmek i\u00e7in en \u00f6nemli kaynak olma \u00f6zelli\u011fini ta\u015f\u0131maktad\u0131r.Bu \u00e7al\u0131\u015fma, Ankara Sicilinin kullan\u0131labilirli\u011fini sa\u011flamak amac\u0131yla belgelerinin tasnifi, \u00f6zetleri, metnin \u00e7evriyaz\u0131s\u0131 ve de\u011ferlendirme ile mukayeseyi kolayla\u015ft\u0131rmak amac\u0131yla as\u0131l metnin suretinden olu\u015fmaktad\u0131r. As\u0131l konusu Ankara\u2019n\u0131n tarihi de\u011fil, Ankara tarihinin temel kaynaklar\u0131ndan olan bir sicilin yay\u0131m\u0131ndan ibarettir. Ba\u015fka siciller veya kaynaklara yer vererek as\u0131l konudan uzakla\u015fmak yerine metin i\u00e7inde yeri ve zaman\u0131 gelince bu eserlere at\u0131flar yap\u0131lm\u0131\u015f, okuyucu bu kaynaklara y\u00f6nlendirilmi\u015f, ayr\u0131ca bu d\u00f6nemin terimleri ve kurumlar\u0131 hakk\u0131nda dipnotlarla \u00f6zet izahlar yap\u0131lm\u0131\u015f, yer yer yeni \u00e7al\u0131\u015fmalara at\u0131flar yap\u0131lm\u0131\u015ft\u0131r.<\/p>\n","protected":false},"excerpt":{"rendered":"<p>Osmanl\u0131 devlet te\u015fkilat\u0131nda ta\u015frada her kurumun b\u00fcrosu, defteri ve kay\u0131t sistemi bulunmuyordu. \u00d6rne\u011fin beylerbeyi, sancakbeyi, dizdar, \u015fehir keth\u00fcdas\u0131 ve di\u011ferlerinin kanunn\u00e2melerle g\u00f6rev ve yetkileri tan\u0131mlanm\u0131\u015f, yapt\u0131\u011f\u0131<span class=\"excerpt-hellip\"> [\u2026]<\/span><\/p>\n","protected":false},"featured_media":0,"template":"","meta":{"_monsterinsights_skip_tracking":false,"_monsterinsights_sitenote_active":false,"_monsterinsights_sitenote_note":"","_monsterinsights_sitenote_category":0},"product_brand":[],"product_cat":[12370,12304],"product_tag":[],"class_list":{"0":"post-757765","1":"product","2":"type-product","3":"status-publish","5":"product_cat-arastirma-inceleme","6":"product_cat-tarih","7":"pa_cilt-ciltsiz","8":"pa_tur-kitap","9":"pa_yayinevi-aktif-yayinevi","10":"pa_yazar-mustafa-ozturk","12":"first","13":"instock","14":"sale","15":"shipping-taxable","16":"purchasable","17":"product-type-simple"},"_links":{"self":[{"href":"https:\/\/roveyayinevi.com.tr\/index.php\/wp-json\/wp\/v2\/product\/757765","targetHints":{"allow":["GET"]}}],"collection":[{"href":"https:\/\/roveyayinevi.com.tr\/index.php\/wp-json\/wp\/v2\/product"}],"about":[{"href":"https:\/\/roveyayinevi.com.tr\/index.php\/wp-json\/wp\/v2\/types\/product"}],"wp:attachment":[{"href":"https:\/\/roveyayinevi.com.tr\/index.php\/wp-json\/wp\/v2\/media?parent=757765"}],"wp:term":[{"taxonomy":"product_brand","embeddable":true,"href":"https:\/\/roveyayinevi.com.tr\/index.php\/wp-json\/wp\/v2\/product_brand?post=757765"},{"taxonomy":"product_cat","embeddable":true,"href":"https:\/\/roveyayinevi.com.tr\/index.php\/wp-json\/wp\/v2\/product_cat?post=757765"},{"taxonomy":"product_tag","embeddable":true,"href":"https:\/\/roveyayinevi.com.tr\/index.php\/wp-json\/wp\/v2\/product_tag?post=757765"}],"curies":[{"name":"wp","href":"https:\/\/api.w.org\/{rel}","templated":true}]}}