{"id":757764,"date":"2025-08-28T07:45:08","date_gmt":"2025-08-28T04:45:08","guid":{"rendered":"https:\/\/roveyayinevi.com.tr\/index.php\/urun\/cevirmen-adaylari-isbasinda\/"},"modified":"2026-04-16T03:10:47","modified_gmt":"2026-04-16T00:10:47","slug":"cevirmen-adaylari-isbasinda","status":"publish","type":"product","link":"https:\/\/roveyayinevi.com.tr\/index.php\/urun\/cevirmen-adaylari-isbasinda\/","title":{"rendered":"\u00c7evirmen Adaylar\u0131 \u0130\u015fba\u015f\u0131nda"},"content":{"rendered":"<p>\u00c7evirmen Adaylar\u0131 \u0130\u015fba\u015f\u0131nda &#8211; Ad\u0131m Ad\u0131m \u00c7eviri D\u00fcnyas\u0131na isimli bu kitap, \u00e7eviribilim literat\u00fcr\u00fcne ili\u015fkin g\u00fcncel meseleleri konu alan makalelerin \u00f6zg\u00fcn \u00e7evirilerinden olu\u015fmaktad\u0131r. K\u00fclt\u00fcr ve dilden psikolojiye, g\u00fcncel \u00e7eviri ve dijital i\u015fleme y\u00f6ntemlerinden \u00c7in tarihi terc\u00fcmelerine uzanan bu eserde yer alan makaleler \u00e7eviribilime ili\u015fkin daha \u00f6nce incelenmemi\u015f bir\u00e7ok konuyu ele almaktad\u0131r. Bu eser hem alanla ilgili \u00f6\u011frencilerin, ya\u015f\u0131tlar\u0131n\u0131n \u00e7evirileri hususunda bilgi almas\u0131n\u0131 hem de farkl\u0131 disiplinlere mensup akademisyenlerin g\u00fcncel literat\u00fcr\u00fc takip etmesinde kolayl\u0131k sa\u011flayacak bir kaynak niteli\u011findedir.<\/p>\n","protected":false},"excerpt":{"rendered":"<p>\u00c7evirmen Adaylar\u0131 \u0130\u015fba\u015f\u0131nda &#8211; Ad\u0131m Ad\u0131m \u00c7eviri D\u00fcnyas\u0131na isimli bu kitap, \u00e7eviribilim literat\u00fcr\u00fcne ili\u015fkin g\u00fcncel meseleleri konu alan makalelerin \u00f6zg\u00fcn \u00e7evirilerinden olu\u015fmaktad\u0131r. K\u00fclt\u00fcr ve dilden psikolojiye,<span class=\"excerpt-hellip\"> [\u2026]<\/span><\/p>\n","protected":false},"featured_media":0,"template":"","meta":{"_monsterinsights_skip_tracking":false,"_monsterinsights_sitenote_active":false,"_monsterinsights_sitenote_note":"","_monsterinsights_sitenote_category":0},"product_brand":[],"product_cat":[20225,12291],"product_tag":[],"class_list":{"0":"post-757764","1":"product","2":"type-product","3":"status-publish","5":"product_cat-dil-bilim","6":"product_cat-edebiyat","7":"pa_cilt-ciltsiz","8":"pa_tur-kitap","9":"pa_yayinevi-aktif-yayinevi","10":"pa_yazar-aktif-kolektif","12":"first","13":"instock","14":"sale","15":"shipping-taxable","16":"purchasable","17":"product-type-simple"},"_links":{"self":[{"href":"https:\/\/roveyayinevi.com.tr\/index.php\/wp-json\/wp\/v2\/product\/757764","targetHints":{"allow":["GET"]}}],"collection":[{"href":"https:\/\/roveyayinevi.com.tr\/index.php\/wp-json\/wp\/v2\/product"}],"about":[{"href":"https:\/\/roveyayinevi.com.tr\/index.php\/wp-json\/wp\/v2\/types\/product"}],"wp:attachment":[{"href":"https:\/\/roveyayinevi.com.tr\/index.php\/wp-json\/wp\/v2\/media?parent=757764"}],"wp:term":[{"taxonomy":"product_brand","embeddable":true,"href":"https:\/\/roveyayinevi.com.tr\/index.php\/wp-json\/wp\/v2\/product_brand?post=757764"},{"taxonomy":"product_cat","embeddable":true,"href":"https:\/\/roveyayinevi.com.tr\/index.php\/wp-json\/wp\/v2\/product_cat?post=757764"},{"taxonomy":"product_tag","embeddable":true,"href":"https:\/\/roveyayinevi.com.tr\/index.php\/wp-json\/wp\/v2\/product_tag?post=757764"}],"curies":[{"name":"wp","href":"https:\/\/api.w.org\/{rel}","templated":true}]}}