{"id":757761,"date":"2025-08-28T07:45:04","date_gmt":"2025-08-28T04:45:04","guid":{"rendered":"https:\/\/roveyayinevi.com.tr\/index.php\/urun\/eglenirken-gelistirin\/"},"modified":"2026-04-16T03:10:47","modified_gmt":"2026-04-16T00:10:47","slug":"eglenirken-gelistirin","status":"publish","type":"product","link":"https:\/\/roveyayinevi.com.tr\/index.php\/urun\/eglenirken-gelistirin\/","title":{"rendered":"E\u011flenirken Geli\u015ftirin"},"content":{"rendered":"<p>Oyun evrenseldir ve sand\u0131\u011f\u0131m\u0131zdan \u00e7ok evvel ba\u015flang\u0131ca sahiptir. \u00c7ocuk, hen\u00fcz do\u011fmam\u0131\u015fken -s\u00f6z\u00fcm ona hi\u00e7bir \u015feyden anlamazken- annesinin karn\u0131nda g\u00f6bek kordonuyla ba\u015flar oyununa. Do\u011fduktan sonra kendi ve annesinin bedeni, sesi oyunca\u011f\u0131 olur, dokunur, vurur, taklit eder&#8230; Yap\u0131lmas\u0131 ve yap\u0131lmamas\u0131 gerekenleri bu oyun ili\u015fkisi i\u00e7inde \u00f6\u011frenir, sonra hayat\u0131na oyuncaklar, materyaller girer ve onlarla oynarken de d\u00fcnyay\u0131 tecr\u00fcbe eder. Kendi k\u00fc\u00e7\u00fck d\u00fcnyas\u0131n\u0131n penceresinden d\u0131\u015far\u0131daki b\u00fcy\u00fck d\u00fcnyaya haz\u0131rlan\u0131r&#8230; Yani \u00e7ocu\u011fun ileti\u015fim dili de \u00f6\u011frenme dili de oyundan ge\u00e7er.Kitapta normal \u015fartlar alt\u0131nda do\u011fmu\u015f ve geli\u015fen 3-6 ya\u015f \u00e7ocuklar\u0131n\u0131n \u00e7ok boyutlu geli\u015fimsel \u00f6zellikleri ve bunlar\u0131 desteklemeye y\u00f6nelik etkinlik \u00f6nerileri yer almakta. Teknolojik oyun ve oyuncaklar\u0131n karma\u015fas\u0131ndan ve her t\u00fcrl\u00fc \u015fiddetinden uzakta, ebeveyn-\u00e7ocuk etkile\u015fimini \u00f6\u011fretme ve geli\u015ftirme hedefli bu eser tam da bu zamanda, \u00e7a\u011f\u0131n\u0131n gerisinden ziyade \u00e7a\u011f\u0131n\u0131n unuttu\u011fu ve ihtiya\u00e7 duydu\u011fu bir ara alana hizmet edebilir. \u00d6zellikle \u00e7ocu\u011fu ile oynamaktan s\u0131k\u0131lan ya da malzeme bulamayan ebeveynler i\u00e7in haz\u0131r kaynak niteli\u011findeki eserle g\u00fcnbeg\u00fcn ebeveyn \u00e7ocuk ili\u015fkisini g\u00fc\u00e7lendirebilir, \u00e7at\u0131\u015fmalar\u0131 azaltabilir.<\/p>\n","protected":false},"excerpt":{"rendered":"<p>Oyun evrenseldir ve sand\u0131\u011f\u0131m\u0131zdan \u00e7ok evvel ba\u015flang\u0131ca sahiptir. \u00c7ocuk, hen\u00fcz do\u011fmam\u0131\u015fken -s\u00f6z\u00fcm ona hi\u00e7bir \u015feyden anlamazken- annesinin karn\u0131nda g\u00f6bek kordonuyla ba\u015flar oyununa. Do\u011fduktan sonra kendi ve<span class=\"excerpt-hellip\"> [\u2026]<\/span><\/p>\n","protected":false},"featured_media":0,"template":"","meta":{"_monsterinsights_skip_tracking":false,"_monsterinsights_sitenote_active":false,"_monsterinsights_sitenote_note":"","_monsterinsights_sitenote_category":0},"product_brand":[],"product_cat":[12274],"product_tag":[],"class_list":{"0":"post-757761","1":"product","2":"type-product","3":"status-publish","5":"product_cat-cocuk-ve-genclik-kitaplari","6":"pa_cilt-ciltsiz","7":"pa_tur-kitap","8":"pa_yayinevi-aktif-yayinevi","9":"pa_yazar-elif-erol","11":"first","12":"instock","13":"sale","14":"shipping-taxable","15":"purchasable","16":"product-type-simple"},"_links":{"self":[{"href":"https:\/\/roveyayinevi.com.tr\/index.php\/wp-json\/wp\/v2\/product\/757761","targetHints":{"allow":["GET"]}}],"collection":[{"href":"https:\/\/roveyayinevi.com.tr\/index.php\/wp-json\/wp\/v2\/product"}],"about":[{"href":"https:\/\/roveyayinevi.com.tr\/index.php\/wp-json\/wp\/v2\/types\/product"}],"wp:attachment":[{"href":"https:\/\/roveyayinevi.com.tr\/index.php\/wp-json\/wp\/v2\/media?parent=757761"}],"wp:term":[{"taxonomy":"product_brand","embeddable":true,"href":"https:\/\/roveyayinevi.com.tr\/index.php\/wp-json\/wp\/v2\/product_brand?post=757761"},{"taxonomy":"product_cat","embeddable":true,"href":"https:\/\/roveyayinevi.com.tr\/index.php\/wp-json\/wp\/v2\/product_cat?post=757761"},{"taxonomy":"product_tag","embeddable":true,"href":"https:\/\/roveyayinevi.com.tr\/index.php\/wp-json\/wp\/v2\/product_tag?post=757761"}],"curies":[{"name":"wp","href":"https:\/\/api.w.org\/{rel}","templated":true}]}}