{"id":757756,"date":"2025-08-28T07:44:57","date_gmt":"2025-08-28T04:44:57","guid":{"rendered":"https:\/\/roveyayinevi.com.tr\/index.php\/urun\/deniz-hakimiyetleri\/"},"modified":"2026-04-16T03:10:47","modified_gmt":"2026-04-16T00:10:47","slug":"deniz-hakimiyetleri","status":"publish","type":"product","link":"https:\/\/roveyayinevi.com.tr\/index.php\/urun\/deniz-hakimiyetleri\/","title":{"rendered":"Deniz Hakimiyetleri"},"content":{"rendered":"<p>\u0130nsano\u011flu olarak bizler, a\u015f\u0131lamaz denilen co\u011frafyalar\u0131n ula\u015f\u0131lamayan topraklar\u0131na ayak basmakla kalmad\u0131k, bu co\u011frafyalarda oyunlar kurduk, sava\u015flar verdik, \u00fcst\u00fcnl\u00fckler kurduk. \u00dcst\u00fcnl\u00fckler m\u00fccadelesinde geli\u015ftirdi\u011fimiz politikalar\u0131 sadece b\u00f6lge ile s\u0131n\u0131rl\u0131 tutmad\u0131k ve daha geni\u015f h\u00e2kimiyetler istedik. Daha geni\u015f alanlar i\u00e7in daha \u00fcst\u00fcn h\u00e2kimiyetlere ihtiya\u00e7 vard\u0131 ve bunu d\u00fcnya y\u00fczeyinin %80\u2019ine hitap eden denizler ile kendimize hedef edindik. Barbaros Hayrettin Pa\u015fa\u2019n\u0131n (1478-1546) \u201cDenizlere h\u00e2kim olan cihana h\u00e2kim olur\u201d ve Sir Walter Raleigh\u2019\u0131n (1554-1618) \u201cHer kim denize h\u00e2kim olursa ticarete de h\u00e2kim olur, her kim ticarete h\u00e2kim olursa d\u00fcnyan\u0131n zenginliklerine ve nihayetinde d\u00fcnyaya h\u00e2kim olur\u201d s\u00f6zleri denizlerin \u00f6nemini ortaya koymaktad\u0131r. Daha yak\u0131n tarihte Alfred T. Mahan\u2019\u0131n (1840-1914) \u201cDeniz ticareti ve deniz \u00fcst\u00fcnl\u00fc\u011f\u00fc yoluyla denizin kontrol edilmesi, d\u00fcnyada \u00f6nemli bir etkiye sahip olmak demektir\u201d s\u00f6z\u00fc ile birlikte yapt\u0131\u011f\u0131 \u00e7al\u0131\u015fmalar d\u00fcnya jeopoliti\u011fine y\u00f6n verir niteliktedir. Bu eser, \u201cDeniz H\u00e2kimiyet Teorisi\u201d kapsam\u0131nda \u00fclkelerin denizlerdeki politikalar\u0131na \u0131\u015f\u0131k tutmakta ve Avrupa\u2019dan Asya\u2019ya denizlerdeki h\u00e2kimiyet m\u00fccadelesine geni\u015f perspektifte yer vermektedir.<\/p>\n","protected":false},"excerpt":{"rendered":"<p>\u0130nsano\u011flu olarak bizler, a\u015f\u0131lamaz denilen co\u011frafyalar\u0131n ula\u015f\u0131lamayan topraklar\u0131na ayak basmakla kalmad\u0131k, bu co\u011frafyalarda oyunlar kurduk, sava\u015flar verdik, \u00fcst\u00fcnl\u00fckler kurduk. \u00dcst\u00fcnl\u00fckler m\u00fccadelesinde geli\u015ftirdi\u011fimiz politikalar\u0131 sadece b\u00f6lge ile<span class=\"excerpt-hellip\"> [\u2026]<\/span><\/p>\n","protected":false},"featured_media":0,"template":"","meta":{"_monsterinsights_skip_tracking":false,"_monsterinsights_sitenote_active":false,"_monsterinsights_sitenote_note":"","_monsterinsights_sitenote_category":0},"product_brand":[],"product_cat":[12337],"product_tag":[],"class_list":{"0":"post-757756","1":"product","2":"type-product","3":"status-publish","5":"product_cat-politika-siyaset","6":"pa_cilt-ciltsiz","7":"pa_tur-kitap","8":"pa_yayinevi-aktif-yayinevi","9":"pa_yazar-aktif-kolektif","11":"first","12":"instock","13":"sale","14":"shipping-taxable","15":"purchasable","16":"product-type-simple"},"_links":{"self":[{"href":"https:\/\/roveyayinevi.com.tr\/index.php\/wp-json\/wp\/v2\/product\/757756","targetHints":{"allow":["GET"]}}],"collection":[{"href":"https:\/\/roveyayinevi.com.tr\/index.php\/wp-json\/wp\/v2\/product"}],"about":[{"href":"https:\/\/roveyayinevi.com.tr\/index.php\/wp-json\/wp\/v2\/types\/product"}],"wp:attachment":[{"href":"https:\/\/roveyayinevi.com.tr\/index.php\/wp-json\/wp\/v2\/media?parent=757756"}],"wp:term":[{"taxonomy":"product_brand","embeddable":true,"href":"https:\/\/roveyayinevi.com.tr\/index.php\/wp-json\/wp\/v2\/product_brand?post=757756"},{"taxonomy":"product_cat","embeddable":true,"href":"https:\/\/roveyayinevi.com.tr\/index.php\/wp-json\/wp\/v2\/product_cat?post=757756"},{"taxonomy":"product_tag","embeddable":true,"href":"https:\/\/roveyayinevi.com.tr\/index.php\/wp-json\/wp\/v2\/product_tag?post=757756"}],"curies":[{"name":"wp","href":"https:\/\/api.w.org\/{rel}","templated":true}]}}