{"id":757755,"date":"2025-08-28T07:44:56","date_gmt":"2025-08-28T04:44:56","guid":{"rendered":"https:\/\/roveyayinevi.com.tr\/index.php\/urun\/degerli-hissettiren-egitim\/"},"modified":"2026-04-16T03:10:47","modified_gmt":"2026-04-16T00:10:47","slug":"degerli-hissettiren-egitim","status":"publish","type":"product","link":"https:\/\/roveyayinevi.com.tr\/index.php\/urun\/degerli-hissettiren-egitim\/","title":{"rendered":"De\u011ferli Hissettiren E\u011fitim"},"content":{"rendered":"<p>\u0130nsan olarak bizi biz yapan, topluluklar i\u00e7erisinde ya\u015fam\u0131m\u0131z\u0131 kolayla\u015ft\u0131ran ve gelece\u011fe dair bak\u0131\u015f a\u00e7\u0131m\u0131z\u0131 \u015fekillendiren de\u011ferleri, d\u00fcnyaya geldi\u011fimiz andan itibaren \u00f6\u011frenmeye ba\u015flar\u0131z. Evet, de\u011ferler ayn\u0131 zamanda \u00f6\u011frenme \u00fcr\u00fcn\u00fcd\u00fcrler. O halde de\u011ferleri kazand\u0131rmada bir \u00f6\u011fretmen olarak bize de \u00e7ok \u00f6nemli sorumluluklar d\u00fc\u015fmektedir. \u00c7\u00fcnk\u00fc okullarda do\u011frudan muhatab\u0131m\u0131z olan \u00f6\u011frenci, zaman\u0131n\u0131n b\u00fcy\u00fck \u00e7o\u011funlu\u011funu okul s\u0131ralar\u0131nda ge\u00e7irmektedir. Bu zaman dilimlerinde \u00f6\u011frencinin kazanmas\u0131, ke\u015ffetmesi ve ya\u015famas\u0131 gereken pek \u00e7ok bilgi, beceri, de\u011fer ve tutum bulunmaktad\u0131r.Bu m\u00fctevazi eser, de\u011ferler e\u011fitiminde \u00f6\u011fretmen rehber kitab\u0131 tarz\u0131nda haz\u0131rland\u0131. Eserde de\u011ferlerin tan\u0131m\u0131, de\u011fer tasnifleri, de\u011ferlerin i\u015flevleri ile tarihsel s\u00fcre\u00e7leri gibi kuramsal konularla birlikte, bir \u00f6\u011fretmen olarak de\u011fer odakl\u0131 bir e\u011fitim-\u00f6\u011fretimin nas\u0131l olmas\u0131 gerekti\u011fine ili\u015fkin pratik \u00f6neriler sunulmaktad\u0131r. Elbette ki g\u00fcn\u00fcm\u00fczde \u00e7ocuklar\u0131n de\u011ferleri \u00fczerinde b\u00fcy\u00fck \u00f6neme sahip teknoloji de ayr\u0131ca ele al\u0131nd\u0131. Anla\u015f\u0131l\u0131r ve ak\u0131c\u0131 olmas\u0131na gayret edilen bu \u00e7al\u0131\u015fman\u0131n \u00f6\u011fretmenlerimize, \u00f6\u011fretmen adaylar\u0131na, anne-babalara faydal\u0131 olmas\u0131 umulmaktad\u0131r. \u00c7al\u0131\u015fmam\u0131z\u0131n; cemiyetimizin gelece\u011fi olan \u00e7ocuklar\u0131m\u0131z\u0131n kendilerini de\u011ferli hisseden, de\u011fer kazanan, de\u011fer katan fertleri olarak yeti\u015ftirilmesine katk\u0131 sa\u011flamas\u0131 temennisiyle&#8230;<\/p>\n","protected":false},"excerpt":{"rendered":"<p>\u0130nsan olarak bizi biz yapan, topluluklar i\u00e7erisinde ya\u015fam\u0131m\u0131z\u0131 kolayla\u015ft\u0131ran ve gelece\u011fe dair bak\u0131\u015f a\u00e7\u0131m\u0131z\u0131 \u015fekillendiren de\u011ferleri, d\u00fcnyaya geldi\u011fimiz andan itibaren \u00f6\u011frenmeye ba\u015flar\u0131z. Evet, de\u011ferler ayn\u0131 zamanda<span class=\"excerpt-hellip\"> [\u2026]<\/span><\/p>\n","protected":false},"featured_media":0,"template":"","meta":{"_monsterinsights_skip_tracking":false,"_monsterinsights_sitenote_active":false,"_monsterinsights_sitenote_note":"","_monsterinsights_sitenote_category":0},"product_brand":[],"product_cat":[12566],"product_tag":[],"class_list":{"0":"post-757755","1":"product","2":"type-product","3":"status-publish","5":"product_cat-egitim","6":"pa_cilt-ciltsiz","7":"pa_tur-kitap","8":"pa_yayinevi-aktif-yayinevi","9":"pa_yazar-cihat-yasaroglu","11":"first","12":"instock","13":"sale","14":"shipping-taxable","15":"purchasable","16":"product-type-simple"},"_links":{"self":[{"href":"https:\/\/roveyayinevi.com.tr\/index.php\/wp-json\/wp\/v2\/product\/757755","targetHints":{"allow":["GET"]}}],"collection":[{"href":"https:\/\/roveyayinevi.com.tr\/index.php\/wp-json\/wp\/v2\/product"}],"about":[{"href":"https:\/\/roveyayinevi.com.tr\/index.php\/wp-json\/wp\/v2\/types\/product"}],"wp:attachment":[{"href":"https:\/\/roveyayinevi.com.tr\/index.php\/wp-json\/wp\/v2\/media?parent=757755"}],"wp:term":[{"taxonomy":"product_brand","embeddable":true,"href":"https:\/\/roveyayinevi.com.tr\/index.php\/wp-json\/wp\/v2\/product_brand?post=757755"},{"taxonomy":"product_cat","embeddable":true,"href":"https:\/\/roveyayinevi.com.tr\/index.php\/wp-json\/wp\/v2\/product_cat?post=757755"},{"taxonomy":"product_tag","embeddable":true,"href":"https:\/\/roveyayinevi.com.tr\/index.php\/wp-json\/wp\/v2\/product_tag?post=757755"}],"curies":[{"name":"wp","href":"https:\/\/api.w.org\/{rel}","templated":true}]}}