{"id":757752,"date":"2025-08-28T07:44:52","date_gmt":"2025-08-28T04:44:52","guid":{"rendered":"https:\/\/roveyayinevi.com.tr\/index.php\/urun\/avrupa-birligi-uzerine-tartismalar\/"},"modified":"2026-04-16T03:10:47","modified_gmt":"2026-04-16T00:10:47","slug":"avrupa-birligi-uzerine-tartismalar","status":"publish","type":"product","link":"https:\/\/roveyayinevi.com.tr\/index.php\/urun\/avrupa-birligi-uzerine-tartismalar\/","title":{"rendered":"Avrupa Birli\u011fi \u00dczerine Tart\u0131\u015fmalar"},"content":{"rendered":"<p>\u0130kinci D\u00fcnya Sava\u015f\u0131\u2019n\u0131n hemen ard\u0131ndan, 6 Avrupa \u00fclkesi aras\u0131nda k\u00f6m\u00fcr ve \u00e7elik madenleri \u00fczerinden ba\u015flat\u0131lan dar kapsaml\u0131 i\u015f birli\u011fi, aradan ge\u00e7en 70 y\u0131l\u0131n ard\u0131ndan geni\u015fleyerek ve derinle\u015ferek bug\u00fcn 27 \u00fcyenin yer ald\u0131\u011f\u0131 \u00e7ok-boyutlu ulus-\u00fcst\u00fc bir yap\u0131lanma haline geldi. G\u00fcn\u00fcm\u00fczde hemen herkesin en az bir y\u00f6n\u00fcyle a\u015fina oldu\u011fu ve \u201cAvrupa Birli\u011fi\u201d olarak adland\u0131r\u0131lan bu devasa yap\u0131lanma, \u00fcretti\u011fi politikalar itibariyle geni\u015f bir kitleye hitap ediyor. Bunun yan\u0131nda g\u00fcn\u00fcm\u00fczde d\u0131\u015f politikadan siber g\u00fcvenli\u011fe, yapay zekadan yasa-d\u0131\u015f\u0131 g\u00f6\u00e7e kadar bir\u00e7ok farkl\u0131 alanda strateji \u00fcretebilen Avrupa Birli\u011fi, bu y\u00f6n\u00fcyle kendine has bir \u00f6zellik sergiliyor.Avrupa Birli\u011fi\u2019nin g\u00fcncel d\u0131\u015f politika ve g\u00fcvenlik meselelerine \u0131\u015f\u0131k tutma amac\u0131yla haz\u0131rlanan bu geni\u015f kapsaml\u0131 derleme kitap, sahip oldu\u011fu \u00f6zg\u00fcn b\u00f6l\u00fcmlerle konuyla ilgili \u00e7al\u0131\u015fan ara\u015ft\u0131rmac\u0131lara \u00f6nemli bir kaynak sunuyor. Kitap boyunca AB\u2019nin b\u00fcy\u00fck g\u00fc\u00e7lerle ili\u015fkileri, aday \u00fclkelerle \u00fcyelik m\u00fczakereleri, k\u00fcresel ve b\u00f6lgesel meselelere yakla\u015f\u0131m\u0131, ter\u00f6rle m\u00fccadele stratejisi, ortak ordu giri\u015fimleri ve g\u00f6\u00e7 politikas\u0131 gibi g\u00fcncel kritik meseleler analiz ediliyor.<\/p>\n","protected":false},"excerpt":{"rendered":"<p>\u0130kinci D\u00fcnya Sava\u015f\u0131\u2019n\u0131n hemen ard\u0131ndan, 6 Avrupa \u00fclkesi aras\u0131nda k\u00f6m\u00fcr ve \u00e7elik madenleri \u00fczerinden ba\u015flat\u0131lan dar kapsaml\u0131 i\u015f birli\u011fi, aradan ge\u00e7en 70 y\u0131l\u0131n ard\u0131ndan geni\u015fleyerek ve<span class=\"excerpt-hellip\"> [\u2026]<\/span><\/p>\n","protected":false},"featured_media":0,"template":"","meta":{"_monsterinsights_skip_tracking":false,"_monsterinsights_sitenote_active":false,"_monsterinsights_sitenote_note":"","_monsterinsights_sitenote_category":0},"product_brand":[],"product_cat":[12337],"product_tag":[],"class_list":{"0":"post-757752","1":"product","2":"type-product","3":"status-publish","5":"product_cat-politika-siyaset","6":"pa_cilt-ciltsiz","7":"pa_tur-kitap","8":"pa_yayinevi-aktif-yayinevi","9":"pa_yazar-aktif-kolektif","11":"first","12":"instock","13":"sale","14":"shipping-taxable","15":"purchasable","16":"product-type-simple"},"_links":{"self":[{"href":"https:\/\/roveyayinevi.com.tr\/index.php\/wp-json\/wp\/v2\/product\/757752","targetHints":{"allow":["GET"]}}],"collection":[{"href":"https:\/\/roveyayinevi.com.tr\/index.php\/wp-json\/wp\/v2\/product"}],"about":[{"href":"https:\/\/roveyayinevi.com.tr\/index.php\/wp-json\/wp\/v2\/types\/product"}],"wp:attachment":[{"href":"https:\/\/roveyayinevi.com.tr\/index.php\/wp-json\/wp\/v2\/media?parent=757752"}],"wp:term":[{"taxonomy":"product_brand","embeddable":true,"href":"https:\/\/roveyayinevi.com.tr\/index.php\/wp-json\/wp\/v2\/product_brand?post=757752"},{"taxonomy":"product_cat","embeddable":true,"href":"https:\/\/roveyayinevi.com.tr\/index.php\/wp-json\/wp\/v2\/product_cat?post=757752"},{"taxonomy":"product_tag","embeddable":true,"href":"https:\/\/roveyayinevi.com.tr\/index.php\/wp-json\/wp\/v2\/product_tag?post=757752"}],"curies":[{"name":"wp","href":"https:\/\/api.w.org\/{rel}","templated":true}]}}