{"id":757745,"date":"2025-08-28T07:44:42","date_gmt":"2025-08-28T04:44:42","guid":{"rendered":"https:\/\/roveyayinevi.com.tr\/index.php\/urun\/sosyoloji-4\/"},"modified":"2026-04-16T03:10:47","modified_gmt":"2026-04-16T00:10:47","slug":"sosyoloji-4","status":"publish","type":"product","link":"https:\/\/roveyayinevi.com.tr\/index.php\/urun\/sosyoloji-4\/","title":{"rendered":"Sosyoloji"},"content":{"rendered":"<p>Bu kitap, sosyolojiye yerli bir perspektiften bakarak sosyal olaylar \u00e7er\u00e7evesindeki sorulara verilen cevaplar ve sosyal hayat\u0131n temel konular\u0131yla ilgili sosyolojik literat\u00fcr\u00fcn se\u00e7me bilgilerini bir araya getirmi\u015ftir. Kitapta T\u00fcrkiyede sosyoloji, genel bir a\u00e7\u0131klama \u015feklinde k\u0131sa tarih\u00e7esi i\u00e7erisinde anlat\u0131lm\u0131\u015f ve sosyolojinin geli\u015fimi ile y\u00f6neli\u015fi analizci bir mant\u0131k i\u00e7erisinde incelenmi\u015ftir. Bununla beraber sosyolojinin tarih, toplum, aile, medeniyet ile ili\u015fkisi de ele al\u0131nm\u0131\u015ft\u0131r. Bu bak\u0131mdan sosyoloji \u00f6\u011frencileri ve sosyoloji bilgisini \u00f6nemseyerek toplumsal olaylara a\u00e7\u0131klama getirmek isteyenlere; kendi co\u011fraf\u00ee, k\u00fclt\u00fcrel ve fikr\u00ee birikimimizi kaynak alarak, orijinal yakla\u015f\u0131m ve konular \u00e7er\u00e7evesinde haz\u0131rlanan bir i\u00e7erik sunulmu\u015ftur.Bir\u00e7ok b\u00f6l\u00fcmlerinde de g\u00f6r\u00fclebilece\u011fi gibi eserde, yerli sosyoloji yakla\u015f\u0131m\u0131 benimsenmi\u015ftir. B\u00f6ylece, sosyolojinin \u00f6ncelikle kendi toplumumuza pratik bir yarar\u0131n\u0131n olmas\u0131 hedeflenmektedir. Bu sebeple, toplum yap\u0131m\u0131z\u0131n ve de\u011ferlerimizin ilm\u00ee, fakat ger\u00e7ek\u00e7i bir a\u00e7\u0131klamas\u0131 yap\u0131lm\u0131\u015ft\u0131r. B\u00f6yle bir yakla\u015f\u0131m\u0131n, \u015fimdiye kadar yap\u0131labildi\u011fini s\u00f6ylemek zordur.<\/p>\n","protected":false},"excerpt":{"rendered":"<p>Bu kitap, sosyolojiye yerli bir perspektiften bakarak sosyal olaylar \u00e7er\u00e7evesindeki sorulara verilen cevaplar ve sosyal hayat\u0131n temel konular\u0131yla ilgili sosyolojik literat\u00fcr\u00fcn se\u00e7me bilgilerini bir araya getirmi\u015ftir.<span class=\"excerpt-hellip\"> [\u2026]<\/span><\/p>\n","protected":false},"featured_media":0,"template":"","meta":{"_monsterinsights_skip_tracking":false,"_monsterinsights_sitenote_active":false,"_monsterinsights_sitenote_note":"","_monsterinsights_sitenote_category":0},"product_brand":[],"product_cat":[12324],"product_tag":[],"class_list":{"0":"post-757745","1":"product","2":"type-product","3":"status-publish","5":"product_cat-sosyoloji","6":"pa_cilt-ciltsiz","7":"pa_tur-kitap","8":"pa_yayinevi-aktif-yayinevi","9":"pa_yazar-sami-sener","11":"first","12":"instock","13":"sale","14":"shipping-taxable","15":"purchasable","16":"product-type-simple"},"_links":{"self":[{"href":"https:\/\/roveyayinevi.com.tr\/index.php\/wp-json\/wp\/v2\/product\/757745","targetHints":{"allow":["GET"]}}],"collection":[{"href":"https:\/\/roveyayinevi.com.tr\/index.php\/wp-json\/wp\/v2\/product"}],"about":[{"href":"https:\/\/roveyayinevi.com.tr\/index.php\/wp-json\/wp\/v2\/types\/product"}],"wp:attachment":[{"href":"https:\/\/roveyayinevi.com.tr\/index.php\/wp-json\/wp\/v2\/media?parent=757745"}],"wp:term":[{"taxonomy":"product_brand","embeddable":true,"href":"https:\/\/roveyayinevi.com.tr\/index.php\/wp-json\/wp\/v2\/product_brand?post=757745"},{"taxonomy":"product_cat","embeddable":true,"href":"https:\/\/roveyayinevi.com.tr\/index.php\/wp-json\/wp\/v2\/product_cat?post=757745"},{"taxonomy":"product_tag","embeddable":true,"href":"https:\/\/roveyayinevi.com.tr\/index.php\/wp-json\/wp\/v2\/product_tag?post=757745"}],"curies":[{"name":"wp","href":"https:\/\/api.w.org\/{rel}","templated":true}]}}