{"id":757744,"date":"2025-08-28T07:44:41","date_gmt":"2025-08-28T04:44:41","guid":{"rendered":"https:\/\/roveyayinevi.com.tr\/index.php\/urun\/istanbulun-kutlu-misafiri-ebu-eyyub-el-ensari\/"},"modified":"2026-04-16T03:10:47","modified_gmt":"2026-04-16T00:10:47","slug":"istanbulun-kutlu-misafiri-ebu-eyyub-el-ensari","status":"publish","type":"product","link":"https:\/\/roveyayinevi.com.tr\/index.php\/urun\/istanbulun-kutlu-misafiri-ebu-eyyub-el-ensari\/","title":{"rendered":"\u0130stanbul\u2019un Kutlu Misafiri Ebu Eyy\u00fcb El-Ensari"},"content":{"rendered":"<p>\u0130stanbul hakk\u0131nda birbirinden g\u00fczel bir\u00e7ok efsane, hikaye, anlat\u0131 vard\u0131r. Ancak i\u00e7lerinde en \u00e7ok bilinen hi\u00e7 \u015f\u00fcphesiz hepimizin Ey\u00fcp Sultan Hazretleri olarak zikretti\u011fi Eb\u00fb Eyy\u00fbb el-Ens\u00e2r\u00eenin hikayesidir. Peygamber Efendimiz, \u0130stanbulun fethedilece\u011fini bir hadis-i \u015ferifi ile m\u00fcjdelemi\u015fti: \u0130stanbul mutlaka fethedilecektir. Onu fetheden komutan ne g\u00fczel komutan, o ordu ne g\u00fczel ordudur. \u0130\u015fte bu m\u00fcjdeye n\u00e2il olabilmek i\u00e7in \u0130stanbul bir\u00e7ok defalar muhasara edildi. Gelen kutlu ordunun i\u00e7inde Eb\u00fb Eyy\u00fbb el-Ens\u00e2r\u00ee de vard\u0131. B\u00fcy\u00fcklerimiz Bir \u015fehre gidildi\u011finde o \u015fehrin b\u00fcy\u00fc\u011f\u00fc ziyaret edilir, e\u011fer b\u00fcy\u00fck kalmam\u0131\u015f ise vefat eden b\u00fcy\u00fc\u011f\u00fc ziyaret edilir demi\u015ftir. Dolay\u0131s\u0131yla Eb\u00fb Eyy\u00fbb el-Ens\u00e2r\u00ee \u0130stanbulun manen en b\u00fcy\u00fc\u011f\u00fcd\u00fcr.Bug\u00fcne kadar Eb\u00fb Eyy\u00fbb el-Ens\u00e2r\u00ee hakk\u0131nda yaz\u0131lan pek \u00e7ok \u00e7al\u0131\u015fman\u0131n bir b\u00fct\u00fcn\u00fc olarak kabul edece\u011fimiz eser, iki b\u00f6l\u00fcmden olu\u015fmaktad\u0131r. \u0130lk b\u00f6l\u00fcmde bu kutlu misafirin hayat\u0131, ailesi, ki\u015fili\u011finin yan\u0131 s\u0131ra Osmanl\u0131 Devleti zaman\u0131nda yap\u0131lan etkinlikler ve bu mek\u00e2na dair anlat\u0131lan rivayetler, ecdad\u0131n verdi\u011fi de\u011fer ve k\u0131ymetine binaen yap\u0131lan t\u00f6renler anlat\u0131lm\u0131\u015ft\u0131r.\u0130kinci b\u00f6l\u00fcm\u00fcnde ise klasik eserlerimizde zikredilen faziletleri, bildirdi\u011fi hadisler vb. gibi bilgiler ile beraber Arap\u00e7adan terc\u00fcmelere ve Osmanl\u0131 T\u00fcrk\u00e7esi ile yaz\u0131lm\u0131\u015f ris\u00e2lelere yer verilmi\u015ftir.<\/p>\n","protected":false},"excerpt":{"rendered":"<p>\u0130stanbul hakk\u0131nda birbirinden g\u00fczel bir\u00e7ok efsane, hikaye, anlat\u0131 vard\u0131r. Ancak i\u00e7lerinde en \u00e7ok bilinen hi\u00e7 \u015f\u00fcphesiz hepimizin Ey\u00fcp Sultan Hazretleri olarak zikretti\u011fi Eb\u00fb Eyy\u00fbb el-Ens\u00e2r\u00eenin hikayesidir.<span class=\"excerpt-hellip\"> [\u2026]<\/span><\/p>\n","protected":false},"featured_media":0,"template":"","meta":{"_monsterinsights_skip_tracking":false,"_monsterinsights_sitenote_active":false,"_monsterinsights_sitenote_note":"","_monsterinsights_sitenote_category":0},"product_brand":[],"product_cat":[12304],"product_tag":[],"class_list":{"0":"post-757744","1":"product","2":"type-product","3":"status-publish","5":"product_cat-tarih","6":"pa_cilt-ciltsiz","7":"pa_tur-kitap","8":"pa_yayinevi-aktif-yayinevi","9":"pa_yazar-dundar-alikilic","11":"first","12":"instock","13":"sale","14":"shipping-taxable","15":"purchasable","16":"product-type-simple"},"_links":{"self":[{"href":"https:\/\/roveyayinevi.com.tr\/index.php\/wp-json\/wp\/v2\/product\/757744","targetHints":{"allow":["GET"]}}],"collection":[{"href":"https:\/\/roveyayinevi.com.tr\/index.php\/wp-json\/wp\/v2\/product"}],"about":[{"href":"https:\/\/roveyayinevi.com.tr\/index.php\/wp-json\/wp\/v2\/types\/product"}],"wp:attachment":[{"href":"https:\/\/roveyayinevi.com.tr\/index.php\/wp-json\/wp\/v2\/media?parent=757744"}],"wp:term":[{"taxonomy":"product_brand","embeddable":true,"href":"https:\/\/roveyayinevi.com.tr\/index.php\/wp-json\/wp\/v2\/product_brand?post=757744"},{"taxonomy":"product_cat","embeddable":true,"href":"https:\/\/roveyayinevi.com.tr\/index.php\/wp-json\/wp\/v2\/product_cat?post=757744"},{"taxonomy":"product_tag","embeddable":true,"href":"https:\/\/roveyayinevi.com.tr\/index.php\/wp-json\/wp\/v2\/product_tag?post=757744"}],"curies":[{"name":"wp","href":"https:\/\/api.w.org\/{rel}","templated":true}]}}