{"id":757742,"date":"2025-08-28T07:44:39","date_gmt":"2025-08-28T04:44:39","guid":{"rendered":"https:\/\/roveyayinevi.com.tr\/index.php\/urun\/yeni-nesil-egitim\/"},"modified":"2026-04-06T13:29:47","modified_gmt":"2026-04-06T10:29:47","slug":"yeni-nesil-egitim","status":"publish","type":"product","link":"https:\/\/roveyayinevi.com.tr\/index.php\/urun\/yeni-nesil-egitim\/","title":{"rendered":"Yeni Nesil E\u011fitim"},"content":{"rendered":"<p>Yeni Nesil \u00d6\u011fretmenYeni Nesil E\u011fitim Uygulamalar\u0131Yeni Nesil EbeveynYeni Nesil \u00d6\u011frencilerTeknolojinin s\u00fcratle geli\u015fmesiyle hayatlar\u0131m\u0131z durmayan bir yenilik temposu i\u00e7erisinde farkl\u0131 bir y\u00f6ne evriliyor. Son y\u0131llarda ad\u0131n\u0131 s\u0131k\u00e7a duydu\u011fumuz yeni nesil e\u011fitim kavram\u0131 sadece teknolojinin e\u011fimine entegre edilmesini de\u011fil ya\u015fama etik ve \u00fcretken s\u0131n\u0131rlar i\u00e7erisinde panaromik bak\u0131\u015f a\u00e7\u0131s\u0131yla bakabilen gen\u00e7lerin yeti\u015ftirilmesini de ifade etmektir. Ve bu d\u00f6n\u00fc\u015f\u00fcm\u00fcn i\u00e7erisinde san\u0131lan\u0131n aksine yapay zeka de\u011fil, \u00f6\u011fretmenlik mesle\u011fi hi\u00e7 olmad\u0131\u011f\u0131 kadar kilit bir rol \u00fcstleniyor. \u00c7\u00fcnk\u00fc hayatta att\u0131\u011f\u0131m\u0131z her ad\u0131m e\u011fitim ile ba\u011flant\u0131l\u0131d\u0131r.\u00d6yleyse yeni \u00f6\u011fretim modellerinin konu\u015fuldu\u011fu bu d\u00f6nemde nas\u0131l bir \u00f6\u011fretmen profiline sahip olunmal\u0131, e\u011fitimde hangi prensipler benimsenmeli, \u00f6\u011frencinin potansiyelini nas\u0131l ortaya \u00e7\u0131karmal\u0131? Peki ebeveyn olarak \u00e7ocu\u011fa nas\u0131l yakla\u015fmal\u0131, rol model olmal\u0131?Yeni nesil e\u011fitim, Son y\u0131llarda ya\u015fam\u0131\u015f oldu\u011fumuz h\u0131zl\u0131 de\u011fi\u015fimin ve geli\u015fimin e\u011fitim hayat\u0131m\u0131z \u00fczerindeki inan\u0131lmaz etkilerinden bahseden bir kitap. Bu eser sadece s\u00f6z ile kalmayan, ayn\u0131 zamanda g\u00f6zlemlere, uygulamalara ve \u00e7\u00f6z\u00fcm \u00f6nerilerine de yer veren sahadan bir kitapt\u0131r.<\/p>\n","protected":false},"excerpt":{"rendered":"<p>Yeni Nesil \u00d6\u011fretmenYeni Nesil E\u011fitim Uygulamalar\u0131Yeni Nesil EbeveynYeni Nesil \u00d6\u011frencilerTeknolojinin s\u00fcratle geli\u015fmesiyle hayatlar\u0131m\u0131z durmayan bir yenilik temposu i\u00e7erisinde farkl\u0131 bir y\u00f6ne evriliyor. Son y\u0131llarda ad\u0131n\u0131 s\u0131k\u00e7a<span class=\"excerpt-hellip\"> [\u2026]<\/span><\/p>\n","protected":false},"featured_media":0,"template":"","meta":{"_monsterinsights_skip_tracking":false,"_monsterinsights_sitenote_active":false,"_monsterinsights_sitenote_note":"","_monsterinsights_sitenote_category":0},"product_brand":[],"product_cat":[12566],"product_tag":[],"class_list":{"0":"post-757742","1":"product","2":"type-product","3":"status-publish","5":"product_cat-egitim","6":"pa_cilt-ciltsiz","7":"pa_tur-kitap","8":"pa_yayinevi-aktif-yayinevi","9":"pa_yazar-adem-keven","11":"first","12":"instock","13":"sale","14":"shipping-taxable","15":"purchasable","16":"product-type-simple"},"_links":{"self":[{"href":"https:\/\/roveyayinevi.com.tr\/index.php\/wp-json\/wp\/v2\/product\/757742","targetHints":{"allow":["GET"]}}],"collection":[{"href":"https:\/\/roveyayinevi.com.tr\/index.php\/wp-json\/wp\/v2\/product"}],"about":[{"href":"https:\/\/roveyayinevi.com.tr\/index.php\/wp-json\/wp\/v2\/types\/product"}],"wp:attachment":[{"href":"https:\/\/roveyayinevi.com.tr\/index.php\/wp-json\/wp\/v2\/media?parent=757742"}],"wp:term":[{"taxonomy":"product_brand","embeddable":true,"href":"https:\/\/roveyayinevi.com.tr\/index.php\/wp-json\/wp\/v2\/product_brand?post=757742"},{"taxonomy":"product_cat","embeddable":true,"href":"https:\/\/roveyayinevi.com.tr\/index.php\/wp-json\/wp\/v2\/product_cat?post=757742"},{"taxonomy":"product_tag","embeddable":true,"href":"https:\/\/roveyayinevi.com.tr\/index.php\/wp-json\/wp\/v2\/product_tag?post=757742"}],"curies":[{"name":"wp","href":"https:\/\/api.w.org\/{rel}","templated":true}]}}