{"id":757741,"date":"2025-08-28T07:44:37","date_gmt":"2025-08-28T04:44:37","guid":{"rendered":"https:\/\/roveyayinevi.com.tr\/index.php\/urun\/mahbesten-hapishaneye\/"},"modified":"2026-04-16T03:10:47","modified_gmt":"2026-04-16T00:10:47","slug":"mahbesten-hapishaneye","status":"publish","type":"product","link":"https:\/\/roveyayinevi.com.tr\/index.php\/urun\/mahbesten-hapishaneye\/","title":{"rendered":"Mahbesten Hapishaneye"},"content":{"rendered":"<p>Eski \u00e7a\u011flardan itibaren toplumlar, kendi i\u00e7inde d\u00fczeni koruyabilmek i\u00e7in \u00e7e\u015fitli kurallar olu\u015fturmu\u015flard\u0131r. Kurallara kar\u015f\u0131 gelip su\u00e7 i\u015fleyenler ise \u00e7e\u015fitli cezalara \u00e7arpt\u0131r\u0131lm\u0131\u015flard\u0131r. Bu d\u00f6nemde cezalar genellikle s\u00fcrg\u00fcn veya bedene y\u00f6nelik fiziksel cezalar olmu\u015ftur. Hapsetmek ise esas cezan\u0131n yan\u0131nda tedbir ama\u00e7l\u0131 ba\u015fvurulan bir olgu olmu\u015ftur. Ancak 18. y\u00fczy\u0131ldan itibaren bedene y\u00f6nelik cezalar yerini, h\u00fcrriyeti ba\u011flay\u0131c\u0131 ceza olarak hapis cezas\u0131na b\u0131rakmaya ba\u015flam\u0131\u015ft\u0131r. Bu do\u011frultuda Avrupada modern hapishaneler in\u015fa edilirken hapishanelerin, mahk\u00fbmlar\u0131 e\u011fiterek onlar\u0131n yeniden topluma kazand\u0131r\u0131lmas\u0131n\u0131 sa\u011flayan bir sistem haline getirilmesi planlanm\u0131\u015ft\u0131r.Tanzimat Ferman\u0131n\u0131n il\u00e2n\u0131yla birlikte Osmanl\u0131 Devletinde de Avrupadaki geli\u015fmelerin yans\u0131mas\u0131 olarak, modern hapishaneye ge\u00e7i\u015f konusunda \u00e7e\u015fitli d\u00fczenlemeler yap\u0131lm\u0131\u015ft\u0131r. Bu d\u00fczenlemelerin uygulanmaya \u00e7al\u0131\u015f\u0131ld\u0131\u011f\u0131 yerlerden birisi de Ay\u0131ntabd\u0131r. 19. y\u00fczy\u0131l ba\u015flar\u0131nda su\u00e7lu say\u0131s\u0131n\u0131n \u00e7ok olmay\u0131\u015f\u0131n\u0131n da etkisiyle kentte y\u00f6netim binas\u0131 dahilinde olan hapishane, zamanla yetersiz hale geldi\u011finden h\u00fck\u00fcmet dairesi civar\u0131nda han gibi yap\u0131lara ta\u015f\u0131nm\u0131\u015ft\u0131r. Ancak hapishanenin i\u00e7inde bulundu\u011fu uygunsuz \u015fartlar, haddinden fazla mahk\u00fbm ve tutuklu say\u0131s\u0131, \u00e7e\u015fitli asayi\u015f ve sa\u011fl\u0131k sorunlar\u0131na neden olmu\u015ftur. Her ne kadar yeni bir hapishane in\u015fas\u0131na ihtiya\u00e7 duyulmu\u015fsa da devletin i\u00e7inde bulundu\u011fu zor ko\u015fullar buna mani olmu\u015ftur.<\/p>\n","protected":false},"excerpt":{"rendered":"<p>Eski \u00e7a\u011flardan itibaren toplumlar, kendi i\u00e7inde d\u00fczeni koruyabilmek i\u00e7in \u00e7e\u015fitli kurallar olu\u015fturmu\u015flard\u0131r. Kurallara kar\u015f\u0131 gelip su\u00e7 i\u015fleyenler ise \u00e7e\u015fitli cezalara \u00e7arpt\u0131r\u0131lm\u0131\u015flard\u0131r. Bu d\u00f6nemde cezalar genellikle s\u00fcrg\u00fcn<span class=\"excerpt-hellip\"> [\u2026]<\/span><\/p>\n","protected":false},"featured_media":0,"template":"","meta":{"_monsterinsights_skip_tracking":false,"_monsterinsights_sitenote_active":false,"_monsterinsights_sitenote_note":"","_monsterinsights_sitenote_category":0},"product_brand":[],"product_cat":[12370,12304],"product_tag":[],"class_list":{"0":"post-757741","1":"product","2":"type-product","3":"status-publish","5":"product_cat-arastirma-inceleme","6":"product_cat-tarih","7":"pa_cilt-ciltsiz","8":"pa_tur-kitap","9":"pa_yayinevi-aktif-yayinevi","10":"pa_yazar-yuksel-babaninoglu","12":"first","13":"instock","14":"sale","15":"shipping-taxable","16":"purchasable","17":"product-type-simple"},"_links":{"self":[{"href":"https:\/\/roveyayinevi.com.tr\/index.php\/wp-json\/wp\/v2\/product\/757741","targetHints":{"allow":["GET"]}}],"collection":[{"href":"https:\/\/roveyayinevi.com.tr\/index.php\/wp-json\/wp\/v2\/product"}],"about":[{"href":"https:\/\/roveyayinevi.com.tr\/index.php\/wp-json\/wp\/v2\/types\/product"}],"wp:attachment":[{"href":"https:\/\/roveyayinevi.com.tr\/index.php\/wp-json\/wp\/v2\/media?parent=757741"}],"wp:term":[{"taxonomy":"product_brand","embeddable":true,"href":"https:\/\/roveyayinevi.com.tr\/index.php\/wp-json\/wp\/v2\/product_brand?post=757741"},{"taxonomy":"product_cat","embeddable":true,"href":"https:\/\/roveyayinevi.com.tr\/index.php\/wp-json\/wp\/v2\/product_cat?post=757741"},{"taxonomy":"product_tag","embeddable":true,"href":"https:\/\/roveyayinevi.com.tr\/index.php\/wp-json\/wp\/v2\/product_tag?post=757741"}],"curies":[{"name":"wp","href":"https:\/\/api.w.org\/{rel}","templated":true}]}}