{"id":757740,"date":"2025-08-28T07:44:36","date_gmt":"2025-08-28T04:44:36","guid":{"rendered":"https:\/\/roveyayinevi.com.tr\/index.php\/urun\/osmanlinin-sualti-lagimlari\/"},"modified":"2026-04-16T03:10:47","modified_gmt":"2026-04-16T00:10:47","slug":"osmanlinin-sualti-lagimlari","status":"publish","type":"product","link":"https:\/\/roveyayinevi.com.tr\/index.php\/urun\/osmanlinin-sualti-lagimlari\/","title":{"rendered":"Osmanl\u0131&#8217;n\u0131n Sualt\u0131 La\u011f\u0131mlar\u0131"},"content":{"rendered":"<p>\u0130nsanl\u0131\u011f\u0131n varolu\u015fundan itibaren, herhangi bir sald\u0131r\u0131ya kar\u015f\u0131 koymak ya da m\u00fcdafaa durumuna ge\u00e7mek bir savunma ihtiyac\u0131 olarak do\u011fmu\u015ftur. Hayat\u0131n g\u00fcvenli bir \u015fekilde devam edebilmesi bireysel ya da toplumsal bazda yap\u0131lan\/yap\u0131lacak savunmalarla m\u00fcmk\u00fcnd\u00fcr.\u0130lk\u00e7a\u011flardan g\u00fcn\u00fcm\u00fcze savunma i\u00e7in \u00e7e\u015fitli ara\u00e7 ve gere\u00e7ler kullan\u0131ld\u0131. Ta\u015f, sopa, ok ve yay, k\u0131l\u0131\u00e7, kama, m\u0131zrak gibi ilkel savunma silahlar\u0131ndan; modern zamanlara ait ate\u015fli silahlar\u0131n kullan\u0131m\u0131na kadar ge\u00e7en s\u00fcre\u00e7te b\u00fcy\u00fck yenilikler ger\u00e7ekle\u015ftirildi. Toplumlar\u0131n kulland\u0131klar\u0131 ve zamanla geli\u015ftirdikleri silahlar, \u00fczerinde ya\u015fad\u0131klar\u0131 toprak par\u00e7as\u0131n\u0131n konumuna, ihtiya\u00e7lar\u0131na ve devrin \u015fartlar\u0131na g\u00f6re \u015fekillenmektedir. Devletlerin egemen unsur olma vizyonlar\u0131, b\u00fcy\u00fck bir silahlanma yar\u0131\u015f\u0131 ba\u015flatt\u0131 ve nihayet 19. y\u00fczy\u0131l d\u00fcnyas\u0131 denizlerde patlayan la\u011f\u0131mlar i\u00e7in hamleler yapt\u0131.Osmanl\u0131 Devleti de s\u0131n\u0131rlar\u0131n\u0131 korumak ve d\u00fc\u015fman\u0131n sava\u015f g\u00fcc\u00fcn\u00fc yok etmek i\u00e7in bu giri\u015fimin i\u00e7erisinde yer ald\u0131. Avrupadan transfer etti\u011fi farkl\u0131 t\u00fcrdeki may\u0131nlar \u00fczerinde birtak\u0131m \u00e7al\u0131\u015fmalar yaparak, onlar\u0131 denizlerde\/nehirlerde kulland\u0131. La\u011f\u0131m teknolojisine vak\u0131f isimler de bu transfer d\u00e2hilinde idi.Bu eser, \u00f6nemli bir savunma silah\u0131 olan la\u011f\u0131m\u0131n imali, bak\u0131m\u0131, muhafazas\u0131 ve kullan\u0131m\u0131 konusunda \u00e7ok de\u011ferli bilgiler i\u00e7ermektedir. La\u011f\u0131m ve ak\u015famlar\u0131n\u0131n tan\u0131nmas\u0131, sava\u015f zamanlar\u0131nda s\u0131n\u0131rlarda olu\u015fturulacak savunma hatlar\u0131 ya da d\u00fc\u015fman donanmas\u0131na yap\u0131lacak may\u0131nl\u0131 taarruzlar\u0131n nas\u0131l olmas\u0131 gerekti\u011fi ve la\u011f\u0131mlar i\u00e7in kullan\u0131lan \u00f6zel deniz ara\u00e7lar\u0131n\u0131n tan\u0131t\u0131m\u0131 ve kullan\u0131m\u0131 hususunda titiz bir \u015fekilde kaleme al\u0131nan bu talimname ile T\u00fcrk donanma ve askeri tarih \u00e7al\u0131\u015fmalar\u0131na ciddi bir katk\u0131 sa\u011flanmaktad\u0131r.<\/p>\n","protected":false},"excerpt":{"rendered":"<p>\u0130nsanl\u0131\u011f\u0131n varolu\u015fundan itibaren, herhangi bir sald\u0131r\u0131ya kar\u015f\u0131 koymak ya da m\u00fcdafaa durumuna ge\u00e7mek bir savunma ihtiyac\u0131 olarak do\u011fmu\u015ftur. Hayat\u0131n g\u00fcvenli bir \u015fekilde devam edebilmesi bireysel ya<span class=\"excerpt-hellip\"> [\u2026]<\/span><\/p>\n","protected":false},"featured_media":0,"template":"","meta":{"_monsterinsights_skip_tracking":false,"_monsterinsights_sitenote_active":false,"_monsterinsights_sitenote_note":"","_monsterinsights_sitenote_category":0},"product_brand":[],"product_cat":[13517,12304],"product_tag":[],"class_list":{"0":"post-757740","1":"product","2":"type-product","3":"status-publish","5":"product_cat-osmanli-tarihi","6":"product_cat-tarih","7":"pa_cilt-ciltsiz","8":"pa_tur-kitap","9":"pa_yayinevi-aktif-yayinevi","10":"pa_yazar-filiz-yildirim","12":"first","13":"instock","14":"sale","15":"shipping-taxable","16":"purchasable","17":"product-type-simple"},"_links":{"self":[{"href":"https:\/\/roveyayinevi.com.tr\/index.php\/wp-json\/wp\/v2\/product\/757740","targetHints":{"allow":["GET"]}}],"collection":[{"href":"https:\/\/roveyayinevi.com.tr\/index.php\/wp-json\/wp\/v2\/product"}],"about":[{"href":"https:\/\/roveyayinevi.com.tr\/index.php\/wp-json\/wp\/v2\/types\/product"}],"wp:attachment":[{"href":"https:\/\/roveyayinevi.com.tr\/index.php\/wp-json\/wp\/v2\/media?parent=757740"}],"wp:term":[{"taxonomy":"product_brand","embeddable":true,"href":"https:\/\/roveyayinevi.com.tr\/index.php\/wp-json\/wp\/v2\/product_brand?post=757740"},{"taxonomy":"product_cat","embeddable":true,"href":"https:\/\/roveyayinevi.com.tr\/index.php\/wp-json\/wp\/v2\/product_cat?post=757740"},{"taxonomy":"product_tag","embeddable":true,"href":"https:\/\/roveyayinevi.com.tr\/index.php\/wp-json\/wp\/v2\/product_tag?post=757740"}],"curies":[{"name":"wp","href":"https:\/\/api.w.org\/{rel}","templated":true}]}}