{"id":757739,"date":"2025-08-28T07:44:35","date_gmt":"2025-08-28T04:44:35","guid":{"rendered":"https:\/\/roveyayinevi.com.tr\/index.php\/urun\/dijital-materyal-destekli-balik-anatomisi-ve-fizyolojisi\/"},"modified":"2026-04-16T03:10:47","modified_gmt":"2026-04-16T00:10:47","slug":"dijital-materyal-destekli-balik-anatomisi-ve-fizyolojisi","status":"publish","type":"product","link":"https:\/\/roveyayinevi.com.tr\/index.php\/urun\/dijital-materyal-destekli-balik-anatomisi-ve-fizyolojisi\/","title":{"rendered":"Dijital Materyal Destekli Bal\u0131k Anatomisi ve Fizyolojisi"},"content":{"rendered":"<p>Bal\u0131klar sucul ortamlardaki biyo\u00e7e\u015fitlili\u011fin en \u00f6nemli unsurlar\u0131ndan bir tanesi olmalar\u0131n\u0131n yan\u0131 s\u0131ra do\u011fal dengenin korunmas\u0131nda ve insanlar\u0131n daha sa\u011fl\u0131kl\u0131 ve kaliteli ya\u015fam s\u00fcrmelerinin temin edilmesinde de \u00f6nemli rol oynarlar. Bu kitap, \u00fclkemizde son y\u0131llarda \u00e7ok \u00f6nemli mesafeler kat edilen su \u00fcr\u00fcnleri sekt\u00f6r\u00fcn\u00fcn temel ta\u015flar\u0131ndan olan bal\u0131klar\u0131n anatomik yap\u0131lar\u0131n\u0131n ve bu yap\u0131lar\u0131n i\u015flevlerine dair mekanizmalar\u0131n kapsaml\u0131 ve g\u00fcncel bilgilerle kar\u015f\u0131la\u015ft\u0131rmal\u0131 olarak yer ald\u0131\u011f\u0131, gerek lisans gerekse de lisans\u00fcst\u00fc e\u011fitim s\u00fcrecindeki \u00f6\u011frencilere ve merakl\u0131lar\u0131na katk\u0131 yapmak \u00fczere g\u00fcncel QR kod uygulamal\u0131 dijital kaynaklar\u0131n da kullan\u0131lmas\u0131yla genel ve \u00f6zg\u00fcn bilgilere dayanarak haz\u0131rlanm\u0131\u015ft\u0131r.<\/p>\n","protected":false},"excerpt":{"rendered":"<p>Bal\u0131klar sucul ortamlardaki biyo\u00e7e\u015fitlili\u011fin en \u00f6nemli unsurlar\u0131ndan bir tanesi olmalar\u0131n\u0131n yan\u0131 s\u0131ra do\u011fal dengenin korunmas\u0131nda ve insanlar\u0131n daha sa\u011fl\u0131kl\u0131 ve kaliteli ya\u015fam s\u00fcrmelerinin temin edilmesinde de<span class=\"excerpt-hellip\"> [\u2026]<\/span><\/p>\n","protected":false},"featured_media":0,"template":"","meta":{"_monsterinsights_skip_tracking":false,"_monsterinsights_sitenote_active":false,"_monsterinsights_sitenote_note":"","_monsterinsights_sitenote_category":0},"product_brand":[],"product_cat":[13005],"product_tag":[],"class_list":{"0":"post-757739","1":"product","2":"type-product","3":"status-publish","5":"product_cat-bilim-muhendislik","6":"pa_cilt-ciltsiz","7":"pa_tur-kitap","8":"pa_yayinevi-aktif-yayinevi","9":"pa_yazar-dr-ogretim-uyesi-orhan-erdem","10":"pa_yazar-prof-dr-ahmet-ozer","12":"first","13":"instock","14":"sale","15":"shipping-taxable","16":"purchasable","17":"product-type-simple"},"_links":{"self":[{"href":"https:\/\/roveyayinevi.com.tr\/index.php\/wp-json\/wp\/v2\/product\/757739","targetHints":{"allow":["GET"]}}],"collection":[{"href":"https:\/\/roveyayinevi.com.tr\/index.php\/wp-json\/wp\/v2\/product"}],"about":[{"href":"https:\/\/roveyayinevi.com.tr\/index.php\/wp-json\/wp\/v2\/types\/product"}],"wp:attachment":[{"href":"https:\/\/roveyayinevi.com.tr\/index.php\/wp-json\/wp\/v2\/media?parent=757739"}],"wp:term":[{"taxonomy":"product_brand","embeddable":true,"href":"https:\/\/roveyayinevi.com.tr\/index.php\/wp-json\/wp\/v2\/product_brand?post=757739"},{"taxonomy":"product_cat","embeddable":true,"href":"https:\/\/roveyayinevi.com.tr\/index.php\/wp-json\/wp\/v2\/product_cat?post=757739"},{"taxonomy":"product_tag","embeddable":true,"href":"https:\/\/roveyayinevi.com.tr\/index.php\/wp-json\/wp\/v2\/product_tag?post=757739"}],"curies":[{"name":"wp","href":"https:\/\/api.w.org\/{rel}","templated":true}]}}