{"id":757738,"date":"2025-08-28T07:44:34","date_gmt":"2025-08-28T04:44:34","guid":{"rendered":"https:\/\/roveyayinevi.com.tr\/index.php\/urun\/saglik-okuryazarligini-anlamak\/"},"modified":"2026-04-16T03:10:47","modified_gmt":"2026-04-16T00:10:47","slug":"saglik-okuryazarligini-anlamak","status":"publish","type":"product","link":"https:\/\/roveyayinevi.com.tr\/index.php\/urun\/saglik-okuryazarligini-anlamak\/","title":{"rendered":"Sa\u011fl\u0131k Okuryazarl\u0131\u011f\u0131n\u0131 Anlamak"},"content":{"rendered":"<p>Sa\u011fl\u0131k okuryazarl\u0131\u011f\u0131, bireylere kendi sa\u011fl\u0131k kararlar\u0131 ile ilgili do\u011fru tercihlerde bulunma yetisinin kazand\u0131r\u0131lmas\u0131 yan\u0131nda t\u0131bbi bilgileri do\u011fru anlama, yorumlama ve sa\u011fl\u0131\u011f\u0131 ile ilgili uygun kararlar\u0131 verecek davran\u0131\u015flar geli\u015ftirmesinin sa\u011flanmas\u0131n\u0131 ifade etmektedir. Yaln\u0131zca bireysel bir sorumluluk olarak alg\u0131lanmamas\u0131 gereken sa\u011fl\u0131k okuryazarl\u0131\u011f\u0131 bireyden ba\u015flayarak \u00e7ok payda\u015fl\u0131 bir kat\u0131l\u0131m ile t\u00fcm toplumda sa\u011fl\u0131k bilincinin geli\u015ftirilmesi yakla\u015f\u0131m\u0131d\u0131r. \u0130nsanlar\u0131n b\u00fcy\u00fck \u00e7o\u011funlu\u011fu sa\u011fl\u0131\u011f\u0131na, sa\u011fl\u0131\u011fa y\u00f6nelik haklar\u0131na ve sa\u011fl\u0131k sisteminin b\u00fct\u00fcn\u00fcne kar\u015f\u0131 bilin\u00e7li tercihler yapamamakta ve dolay\u0131s\u0131 ile davran\u0131\u015fsal fakt\u00f6rlerin sa\u011fl\u0131k sistemi \u00fczerindeki etkilerinin de fark\u0131na varamamaktad\u0131r.D\u00fcnya \u00e7ap\u0131nda m\u00fccadele verdi\u011fimiz Covid-19 pandemisi s\u00fcrecinden dolay\u0131 hem vaka hem de \u00f6l\u00fcm say\u0131lar\u0131nda ya\u015fanan art\u0131\u015f; sa\u011fl\u0131k okuryazarl\u0131\u011f\u0131 kavram\u0131n\u0131n \u00f6nemini daha da art\u0131rm\u0131\u015ft\u0131r. Artan \u00f6nemine binaen bu \u00e7al\u0131\u015fmada, T\u00fcrkiye i\u00e7in olduk\u00e7a yeni bir yakla\u015f\u0131m olan sa\u011fl\u0131k okuryazarl\u0131\u011f\u0131 kavram\u0131 ve sa\u011fl\u0131k okuryazarl\u0131\u011f\u0131n\u0131n yetersizli\u011fine ba\u011fl\u0131 olarak sa\u011fl\u0131k harcamalar\u0131nda meydana gelen art\u0131\u015f ele al\u0131nm\u0131\u015ft\u0131r. Sa\u011fl\u0131k okuryazarl\u0131\u011f\u0131na etki eden fakt\u00f6rler ve k\u00fcresel yakla\u015f\u0131mlar\u0131n da ele al\u0131nd\u0131\u011f\u0131 \u00e7al\u0131\u015fmada sa\u011fl\u0131k okuryazarl\u0131\u011f\u0131n\u0131n maliyetleri, sa\u011fl\u0131k harcamalar\u0131 ve sa\u011fl\u0131k hizmetleri kullan\u0131m\u0131 ile sa\u011fl\u0131k okuryazarl\u0131\u011f\u0131n\u0131n aras\u0131nda ili\u015fki de detayl\u0131ca \u0130ncelenmektedir.<\/p>\n","protected":false},"excerpt":{"rendered":"<p>Sa\u011fl\u0131k okuryazarl\u0131\u011f\u0131, bireylere kendi sa\u011fl\u0131k kararlar\u0131 ile ilgili do\u011fru tercihlerde bulunma yetisinin kazand\u0131r\u0131lmas\u0131 yan\u0131nda t\u0131bbi bilgileri do\u011fru anlama, yorumlama ve sa\u011fl\u0131\u011f\u0131 ile ilgili uygun kararlar\u0131 verecek<span class=\"excerpt-hellip\"> [\u2026]<\/span><\/p>\n","protected":false},"featured_media":0,"template":"","meta":{"_monsterinsights_skip_tracking":false,"_monsterinsights_sitenote_active":false,"_monsterinsights_sitenote_note":"","_monsterinsights_sitenote_category":0},"product_brand":[],"product_cat":[13365],"product_tag":[],"class_list":{"0":"post-757738","1":"product","2":"type-product","3":"status-publish","5":"product_cat-saglik","6":"pa_cilt-ciltsiz","7":"pa_tur-kitap","8":"pa_yayinevi-aktif-yayinevi","9":"pa_yazar-nihal-kalayci-oflaz","11":"first","12":"instock","13":"sale","14":"shipping-taxable","15":"purchasable","16":"product-type-simple"},"_links":{"self":[{"href":"https:\/\/roveyayinevi.com.tr\/index.php\/wp-json\/wp\/v2\/product\/757738","targetHints":{"allow":["GET"]}}],"collection":[{"href":"https:\/\/roveyayinevi.com.tr\/index.php\/wp-json\/wp\/v2\/product"}],"about":[{"href":"https:\/\/roveyayinevi.com.tr\/index.php\/wp-json\/wp\/v2\/types\/product"}],"wp:attachment":[{"href":"https:\/\/roveyayinevi.com.tr\/index.php\/wp-json\/wp\/v2\/media?parent=757738"}],"wp:term":[{"taxonomy":"product_brand","embeddable":true,"href":"https:\/\/roveyayinevi.com.tr\/index.php\/wp-json\/wp\/v2\/product_brand?post=757738"},{"taxonomy":"product_cat","embeddable":true,"href":"https:\/\/roveyayinevi.com.tr\/index.php\/wp-json\/wp\/v2\/product_cat?post=757738"},{"taxonomy":"product_tag","embeddable":true,"href":"https:\/\/roveyayinevi.com.tr\/index.php\/wp-json\/wp\/v2\/product_tag?post=757738"}],"curies":[{"name":"wp","href":"https:\/\/api.w.org\/{rel}","templated":true}]}}