{"id":757737,"date":"2025-08-28T07:44:33","date_gmt":"2025-08-28T04:44:33","guid":{"rendered":"https:\/\/roveyayinevi.com.tr\/index.php\/urun\/afetler-ve-afet-yonetimi\/"},"modified":"2026-04-16T03:10:47","modified_gmt":"2026-04-16T00:10:47","slug":"afetler-ve-afet-yonetimi","status":"publish","type":"product","link":"https:\/\/roveyayinevi.com.tr\/index.php\/urun\/afetler-ve-afet-yonetimi\/","title":{"rendered":"Afetler ve Afet Y\u00f6netimi"},"content":{"rendered":"<p>D\u00fcnyan\u0131n tarih\u00ee ba\u015flang\u0131c\u0131ndan beri devam eden afetler ge\u00e7mi\u015fte volkanikpatlamalar, depremler, seller ve f\u0131rt\u0131nalar gibi do\u011fal olaylara ba\u011fl\u0131 iken,g\u00fcn\u00fcm\u00fczde insan etkisine ba\u011fl\u0131 olarak sosyal ve teknolojik afetlerle\u00e7e\u015fitlenmi\u015f ve daha karma\u015f\u0131k h\u00e2le gelmi\u015ftir. Ya\u015fanan tecr\u00fcbeler afetlerin\u00f6nlenmesinde, afet riskinin azalt\u0131lmas\u0131nda afet e\u011fitiminin \u00f6nemli oldu\u011funuortaya \u00e7\u0131karm\u0131\u015ft\u0131r. Afet e\u011fitimi; d\u00fcnyada meydana gelen afetlerle, afeteu\u011fram\u0131\u015f olan insanlarla ve ba\u015f\u0131m\u0131za gelen afetler an\u0131nda kendimizi ve yak\u0131n\u00e7evremizle olan ili\u015fkilerimizi daha iyi anlamam\u0131z i\u00e7in de\u011fer, bilgi, kavram vebecerileri kazanmam\u0131zd\u0131r. Bu sayede meydana gelen afetlerin do\u011fal,ekonomik, k\u00fclt\u00fcrel, tarihsel, potansiyel olu\u015fum ve etkileri sorgulan\u0131r, do\u011frubilgi sahibi olunarak afetlere kar\u015f\u0131 do\u011fru tepkisel davran\u0131\u015f geli\u015ftirilir.Bu eser \u00fcniversitelerimizin co\u011frafya, sosyal bilgiler, s\u0131n\u0131f \u00f6\u011fretmenli\u011fi ve di\u011ferb\u00f6l\u00fcmlerinde okutulan Afetler ve Afet Y\u00f6netimi derslerinde \u00f6\u011frencilerimizeyard\u0131mc\u0131 olmak i\u00e7in ders kitab\u0131 niteli\u011finde haz\u0131rlanm\u0131\u015ft\u0131r. Ayr\u0131ca bu \u00e7al\u0131\u015fmadaafetlere y\u00f6nelik \u00f6nemli veriler ile y\u00f6netimsel \u00f6rg\u00fctlenme vede\u011ferlendirmelere yer verilmi\u015f, bu konuya ilgi duyan ve merak edenlerin deihtiya\u00e7lar\u0131n\u0131 kar\u015f\u0131lamaya, eserin akademik \u00e7al\u0131\u015fmalarda bilimsel bir kaynakniteli\u011fi ta\u015f\u0131mas\u0131na da \u00f6zen g\u00f6sterilmi\u015ftir.<\/p>\n","protected":false},"excerpt":{"rendered":"<p>D\u00fcnyan\u0131n tarih\u00ee ba\u015flang\u0131c\u0131ndan beri devam eden afetler ge\u00e7mi\u015fte volkanikpatlamalar, depremler, seller ve f\u0131rt\u0131nalar gibi do\u011fal olaylara ba\u011fl\u0131 iken,g\u00fcn\u00fcm\u00fczde insan etkisine ba\u011fl\u0131 olarak sosyal ve teknolojik afetlerle\u00e7e\u015fitlenmi\u015f<span class=\"excerpt-hellip\"> [\u2026]<\/span><\/p>\n","protected":false},"featured_media":0,"template":"","meta":{"_monsterinsights_skip_tracking":false,"_monsterinsights_sitenote_active":false,"_monsterinsights_sitenote_note":"","_monsterinsights_sitenote_category":0},"product_brand":[],"product_cat":[12324],"product_tag":[],"class_list":{"0":"post-757737","1":"product","2":"type-product","3":"status-publish","5":"product_cat-sosyoloji","6":"pa_cilt-ciltsiz","7":"pa_tur-kitap","8":"pa_yayinevi-aktif-yayinevi","9":"pa_yazar-mehmet-unlu","10":"pa_yazar-ramazan-ozey","12":"first","13":"instock","14":"sale","15":"shipping-taxable","16":"purchasable","17":"product-type-simple"},"_links":{"self":[{"href":"https:\/\/roveyayinevi.com.tr\/index.php\/wp-json\/wp\/v2\/product\/757737","targetHints":{"allow":["GET"]}}],"collection":[{"href":"https:\/\/roveyayinevi.com.tr\/index.php\/wp-json\/wp\/v2\/product"}],"about":[{"href":"https:\/\/roveyayinevi.com.tr\/index.php\/wp-json\/wp\/v2\/types\/product"}],"wp:attachment":[{"href":"https:\/\/roveyayinevi.com.tr\/index.php\/wp-json\/wp\/v2\/media?parent=757737"}],"wp:term":[{"taxonomy":"product_brand","embeddable":true,"href":"https:\/\/roveyayinevi.com.tr\/index.php\/wp-json\/wp\/v2\/product_brand?post=757737"},{"taxonomy":"product_cat","embeddable":true,"href":"https:\/\/roveyayinevi.com.tr\/index.php\/wp-json\/wp\/v2\/product_cat?post=757737"},{"taxonomy":"product_tag","embeddable":true,"href":"https:\/\/roveyayinevi.com.tr\/index.php\/wp-json\/wp\/v2\/product_tag?post=757737"}],"curies":[{"name":"wp","href":"https:\/\/api.w.org\/{rel}","templated":true}]}}