{"id":757736,"date":"2025-08-28T07:44:32","date_gmt":"2025-08-28T04:44:32","guid":{"rendered":"https:\/\/roveyayinevi.com.tr\/index.php\/urun\/turkiye-cografyasi-ve-jeopolitigi\/"},"modified":"2026-04-16T03:10:47","modified_gmt":"2026-04-16T00:10:47","slug":"turkiye-cografyasi-ve-jeopolitigi","status":"publish","type":"product","link":"https:\/\/roveyayinevi.com.tr\/index.php\/urun\/turkiye-cografyasi-ve-jeopolitigi\/","title":{"rendered":"T\u00fcrkiye Co\u011frafyas\u0131 ve Jeopoliti\u011fi"},"content":{"rendered":"<p>T\u00fcrkiye, co\u011frafyas\u0131 ve jeopoliti\u011fi a\u00e7\u0131s\u0131ndan b\u00fcy\u00fck \u00f6nem ta\u015f\u0131yan bir \u00fclkedir. Bu \u00f6nem hem do\u011fal hem de be\u015feri ve ekonomik \u00f6zelliklerinden kaynaklan\u0131r. T\u00fcrkiyenin co\u011frafi konum olarak, b\u00fcy\u00fck avantajlar\u0131 vard\u0131r. T\u00fcrkiyenin d\u00fcnya platformunda, \u00f6nemli bir yere sahip olmas\u0131n\u0131n nedeni, co\u011frafya ve jeopolitik \u00f6neminden ileri gelmektedir.T\u00fcrkiye Co\u011frafyas\u0131 ve Jeopoliti\u011fi isimli eser, \u00fcniversitelerin E\u011fitim Fak\u00fclteleri, Temel Bilimler B\u00f6l\u00fcm\u00fc S\u0131n\u0131f \u00d6\u011fretmenli\u011fi, Orta \u00d6\u011fretim T\u00fcrk\u00e7e ve Sosyal Alanlar E\u011fitimi B\u00f6l\u00fcm\u00fc Co\u011frafya \u00d6\u011fretmenli\u011fi, Sosyal Bilgiler \u00d6\u011fretmenli\u011fi Anabilim Dallar\u0131 ile Fen-Edebiyat Fak\u00fclteleri Co\u011frafya B\u00f6l\u00fcmlerine ders kitab\u0131 niteli\u011finde haz\u0131rlanm\u0131\u015ft\u0131r.T\u00fcrkiyenin co\u011frafi \u00f6zellikleri, enerji kaynaklar\u0131, toplumsal ve e\u011fitim yap\u0131s\u0131 gibi bir \u00fclkenin profili i\u00e7in gerek duyulan t\u00fcm bilgilere g\u00fcncel verilerle yer verilmi\u015ftir.<\/p>\n","protected":false},"excerpt":{"rendered":"<p>T\u00fcrkiye, co\u011frafyas\u0131 ve jeopoliti\u011fi a\u00e7\u0131s\u0131ndan b\u00fcy\u00fck \u00f6nem ta\u015f\u0131yan bir \u00fclkedir. Bu \u00f6nem hem do\u011fal hem de be\u015feri ve ekonomik \u00f6zelliklerinden kaynaklan\u0131r. T\u00fcrkiyenin co\u011frafi konum olarak, b\u00fcy\u00fck<span class=\"excerpt-hellip\"> [\u2026]<\/span><\/p>\n","protected":false},"featured_media":0,"template":"","meta":{"_monsterinsights_skip_tracking":false,"_monsterinsights_sitenote_active":false,"_monsterinsights_sitenote_note":"","_monsterinsights_sitenote_category":0},"product_brand":[],"product_cat":[12365,12364],"product_tag":[],"class_list":{"0":"post-757736","1":"product","2":"type-product","3":"status-publish","5":"product_cat-diger-genel-konular","6":"product_cat-genel-konular","7":"pa_cilt-ciltsiz","8":"pa_tur-kitap","9":"pa_yayinevi-aktif-yayinevi","10":"pa_yazar-mehmet-unlu","11":"pa_yazar-ramazan-ozey","13":"first","14":"instock","15":"sale","16":"shipping-taxable","17":"purchasable","18":"product-type-simple"},"_links":{"self":[{"href":"https:\/\/roveyayinevi.com.tr\/index.php\/wp-json\/wp\/v2\/product\/757736","targetHints":{"allow":["GET"]}}],"collection":[{"href":"https:\/\/roveyayinevi.com.tr\/index.php\/wp-json\/wp\/v2\/product"}],"about":[{"href":"https:\/\/roveyayinevi.com.tr\/index.php\/wp-json\/wp\/v2\/types\/product"}],"wp:attachment":[{"href":"https:\/\/roveyayinevi.com.tr\/index.php\/wp-json\/wp\/v2\/media?parent=757736"}],"wp:term":[{"taxonomy":"product_brand","embeddable":true,"href":"https:\/\/roveyayinevi.com.tr\/index.php\/wp-json\/wp\/v2\/product_brand?post=757736"},{"taxonomy":"product_cat","embeddable":true,"href":"https:\/\/roveyayinevi.com.tr\/index.php\/wp-json\/wp\/v2\/product_cat?post=757736"},{"taxonomy":"product_tag","embeddable":true,"href":"https:\/\/roveyayinevi.com.tr\/index.php\/wp-json\/wp\/v2\/product_tag?post=757736"}],"curies":[{"name":"wp","href":"https:\/\/api.w.org\/{rel}","templated":true}]}}