{"id":757735,"date":"2025-08-28T07:44:31","date_gmt":"2025-08-28T04:44:31","guid":{"rendered":"https:\/\/roveyayinevi.com.tr\/index.php\/urun\/kafkaslara-veda\/"},"modified":"2026-04-16T03:10:47","modified_gmt":"2026-04-16T00:10:47","slug":"kafkaslara-veda","status":"publish","type":"product","link":"https:\/\/roveyayinevi.com.tr\/index.php\/urun\/kafkaslara-veda\/","title":{"rendered":"Kafkaslara Veda"},"content":{"rendered":"<p>19. y\u00fczy\u0131l sadece Osmanl\u0131 Devletinin de\u011fil Kafkaslarda ya\u015fayan halk\u0131n da kaderinin ac\u0131 bir bi\u00e7imde de\u011fi\u015fti\u011fi d\u00f6nemdi. \u00c7arl\u0131k Rusyas\u0131na kar\u015f\u0131 Kafkas halk\u0131, y\u0131llarca s\u00fcren bir direni\u015f ile cevap verse de sonunda topraklar\u0131ndan vazge\u00e7mek zorunda kald\u0131lar. G\u00f6zya\u015flar\u0131 ile anlat\u0131lan hikayelerin ya\u015fand\u0131\u011f\u0131 bu zorunlu g\u00f6\u00e7, \u00c7erkesleri ko\u015fulsuzca topraklar\u0131na kabul eden Osmanl\u0131 Devleti i\u00e7in de \u00f6nemli bir sorundu.Kafkaslara Veda isimli bu eserde yazar, \u00c7erkes g\u00f6\u00e7\u00fcn\u00fc sadece g\u00f6\u00e7\u00fcn neden ve sonu\u00e7lar\u0131 ile s\u0131n\u0131rlamayarak g\u00f6\u00e7 yollar\u0131nda ya\u015fananlar\u0131; o d\u00f6nemde Osmanl\u0131 Devletinin ekonomik durumunu, \u00c7erkeslerin Osmanl\u0131 topraklar\u0131na isk\u00e2n edili\u015fini ve isk\u00e2n s\u00fcrecinde g\u00f6r\u00fclen uyum problemlerini de ele alarak bu tarihi olay\u0131 t\u00fcm boyutlar\u0131yla aktarmaya \u00e7al\u0131\u015fmaktad\u0131r.<\/p>\n","protected":false},"excerpt":{"rendered":"<p>19. y\u00fczy\u0131l sadece Osmanl\u0131 Devletinin de\u011fil Kafkaslarda ya\u015fayan halk\u0131n da kaderinin ac\u0131 bir bi\u00e7imde de\u011fi\u015fti\u011fi d\u00f6nemdi. \u00c7arl\u0131k Rusyas\u0131na kar\u015f\u0131 Kafkas halk\u0131, y\u0131llarca s\u00fcren bir direni\u015f ile<span class=\"excerpt-hellip\"> [\u2026]<\/span><\/p>\n","protected":false},"featured_media":0,"template":"","meta":{"_monsterinsights_skip_tracking":false,"_monsterinsights_sitenote_active":false,"_monsterinsights_sitenote_note":"","_monsterinsights_sitenote_category":0},"product_brand":[],"product_cat":[13517,12304],"product_tag":[],"class_list":{"0":"post-757735","1":"product","2":"type-product","3":"status-publish","5":"product_cat-osmanli-tarihi","6":"product_cat-tarih","7":"pa_cilt-ciltsiz","8":"pa_tur-kitap","9":"pa_yayinevi-aktif-yayinevi","10":"pa_yazar-gokhan-cakmak","12":"first","13":"instock","14":"sale","15":"shipping-taxable","16":"purchasable","17":"product-type-simple"},"_links":{"self":[{"href":"https:\/\/roveyayinevi.com.tr\/index.php\/wp-json\/wp\/v2\/product\/757735","targetHints":{"allow":["GET"]}}],"collection":[{"href":"https:\/\/roveyayinevi.com.tr\/index.php\/wp-json\/wp\/v2\/product"}],"about":[{"href":"https:\/\/roveyayinevi.com.tr\/index.php\/wp-json\/wp\/v2\/types\/product"}],"wp:attachment":[{"href":"https:\/\/roveyayinevi.com.tr\/index.php\/wp-json\/wp\/v2\/media?parent=757735"}],"wp:term":[{"taxonomy":"product_brand","embeddable":true,"href":"https:\/\/roveyayinevi.com.tr\/index.php\/wp-json\/wp\/v2\/product_brand?post=757735"},{"taxonomy":"product_cat","embeddable":true,"href":"https:\/\/roveyayinevi.com.tr\/index.php\/wp-json\/wp\/v2\/product_cat?post=757735"},{"taxonomy":"product_tag","embeddable":true,"href":"https:\/\/roveyayinevi.com.tr\/index.php\/wp-json\/wp\/v2\/product_tag?post=757735"}],"curies":[{"name":"wp","href":"https:\/\/api.w.org\/{rel}","templated":true}]}}