{"id":757734,"date":"2025-08-28T07:44:28","date_gmt":"2025-08-28T04:44:28","guid":{"rendered":"https:\/\/roveyayinevi.com.tr\/index.php\/urun\/tarihsel-akisi-icerisinde-ceviri-sureci-ve-ceviribilim\/"},"modified":"2026-04-16T03:10:47","modified_gmt":"2026-04-16T00:10:47","slug":"tarihsel-akisi-icerisinde-ceviri-sureci-ve-ceviribilim","status":"publish","type":"product","link":"https:\/\/roveyayinevi.com.tr\/index.php\/urun\/tarihsel-akisi-icerisinde-ceviri-sureci-ve-ceviribilim\/","title":{"rendered":"Tarihsel Ak\u0131\u015f\u0131 \u0130\u00e7erisinde \u00c7eviri S\u00fcreci ve \u00c7eviribilim"},"content":{"rendered":"<p>Tarihsel Ak\u0131\u015f\u0131 \u0130\u00e7erisinde \u00c7eviri S\u00fcreci ve \u00c7eviribilim isimli bu eser, \u00f6zellikle \u00e7evirmen adaylar\u0131, \u00e7evirmenler, \u00e7eviribilimci akademisyenler i\u00e7in haz\u0131rlanm\u0131\u015ft\u0131r. \u00c7eviri s\u00fcreci ve \u00e7eviribilim alan\u0131na hitap eden \u00e7al\u0131\u015fmada, \u00e7eviri tarihi, \u00e7eviri teknolojileri, \u00e7eviride e\u015fde\u011ferlik, \u00e7eviri kuramlar\u0131n\u0131n prati\u011fe yans\u0131malar\u0131n\u0131 g\u00f6steren uygulamal\u0131 \u00e7al\u0131\u015fmalar konu edilmi\u015ftir. K\u00fcreselle\u015fmenin ve internet teknolojilerinin yo\u011fun ya\u015fand\u0131\u011f\u0131 g\u00fcn\u00fcm\u00fczde i\u015flevsellik a\u00e7\u0131s\u0131ndan \u00e7eviribilime \u00f6nemli katk\u0131lar\u0131 olacakt\u0131r.<\/p>\n","protected":false},"excerpt":{"rendered":"<p>Tarihsel Ak\u0131\u015f\u0131 \u0130\u00e7erisinde \u00c7eviri S\u00fcreci ve \u00c7eviribilim isimli bu eser, \u00f6zellikle \u00e7evirmen adaylar\u0131, \u00e7evirmenler, \u00e7eviribilimci akademisyenler i\u00e7in haz\u0131rlanm\u0131\u015ft\u0131r. \u00c7eviri s\u00fcreci ve \u00e7eviribilim alan\u0131na hitap eden \u00e7al\u0131\u015fmada,<span class=\"excerpt-hellip\"> [\u2026]<\/span><\/p>\n","protected":false},"featured_media":0,"template":"","meta":{"_monsterinsights_skip_tracking":false,"_monsterinsights_sitenote_active":false,"_monsterinsights_sitenote_note":"","_monsterinsights_sitenote_category":0},"product_brand":[],"product_cat":[13072,12291],"product_tag":[],"class_list":{"0":"post-757734","1":"product","2":"type-product","3":"status-publish","5":"product_cat-arastirma-inceleme-referans","6":"product_cat-edebiyat","7":"pa_cilt-ciltsiz","8":"pa_tur-kitap","9":"pa_yayinevi-aktif-yayinevi","10":"pa_yazar-aktif-kolektif","12":"first","13":"instock","14":"sale","15":"shipping-taxable","16":"purchasable","17":"product-type-simple"},"_links":{"self":[{"href":"https:\/\/roveyayinevi.com.tr\/index.php\/wp-json\/wp\/v2\/product\/757734","targetHints":{"allow":["GET"]}}],"collection":[{"href":"https:\/\/roveyayinevi.com.tr\/index.php\/wp-json\/wp\/v2\/product"}],"about":[{"href":"https:\/\/roveyayinevi.com.tr\/index.php\/wp-json\/wp\/v2\/types\/product"}],"wp:attachment":[{"href":"https:\/\/roveyayinevi.com.tr\/index.php\/wp-json\/wp\/v2\/media?parent=757734"}],"wp:term":[{"taxonomy":"product_brand","embeddable":true,"href":"https:\/\/roveyayinevi.com.tr\/index.php\/wp-json\/wp\/v2\/product_brand?post=757734"},{"taxonomy":"product_cat","embeddable":true,"href":"https:\/\/roveyayinevi.com.tr\/index.php\/wp-json\/wp\/v2\/product_cat?post=757734"},{"taxonomy":"product_tag","embeddable":true,"href":"https:\/\/roveyayinevi.com.tr\/index.php\/wp-json\/wp\/v2\/product_tag?post=757734"}],"curies":[{"name":"wp","href":"https:\/\/api.w.org\/{rel}","templated":true}]}}