{"id":757731,"date":"2025-08-28T07:44:24","date_gmt":"2025-08-28T04:44:24","guid":{"rendered":"https:\/\/roveyayinevi.com.tr\/index.php\/urun\/yerel-yonetimlerde-kapasite-gelistirme\/"},"modified":"2026-04-16T03:10:47","modified_gmt":"2026-04-16T00:10:47","slug":"yerel-yonetimlerde-kapasite-gelistirme","status":"publish","type":"product","link":"https:\/\/roveyayinevi.com.tr\/index.php\/urun\/yerel-yonetimlerde-kapasite-gelistirme\/","title":{"rendered":"Yerel Y\u00f6netimlerde Kapasite Geli\u015ftirme"},"content":{"rendered":"<p>G\u00fcn\u00fcm\u00fczde, halka en yak\u0131n hizmet birimi olarak yerel y\u00f6netimler tart\u0131\u015fmas\u0131z bir \u00f6neme sahiptir. Kentsel n\u00fcfusun artmas\u0131yla beraber hizmet alanlar\u0131n\u0131n yayg\u0131nla\u015fmas\u0131na ihtiya\u00e7 duyulmaktad\u0131r. Bu gereksinim beraberinde etkin ve verimli hizmet sunumu i\u00e7in yerel y\u00f6netim kapasitesinin do\u011fru uygulanmas\u0131n\u0131 gerekli k\u0131lm\u0131\u015ft\u0131r.B\u00fcrokratik, siyasi ya da \u00f6ng\u00f6r\u00fclemeyen nedenlerden kaynaklanan s\u0131n\u0131rl\u0131l\u0131klar kar\u015f\u0131s\u0131nda belediyeler, mali b\u00fct\u00e7elerini kendi s\u0131n\u0131rlar\u0131 dahilindeki \u00e7al\u0131\u015fmalar ile oldu\u011fu kadar d\u0131\u015f destekler ile de dengelemektedirler. Yerel Y\u00f6netimlerde Kapasite Geli\u015ftirme ba\u015fl\u0131\u011f\u0131 alt\u0131nda \u0130stanbul il\u00e7e belediyeleri \u00f6rne\u011finde belediyelerin kapasite geli\u015ftirme sorunlar\u0131n\u0131 inceleyen bu \u00e7al\u0131\u015fma, alan\u0131nda bir \u00f6nc\u00fc niteli\u011fini ta\u015f\u0131maktad\u0131r. D\u0131\u015f destekli projelerin \u0130stanbul il\u00e7e belediyelerinin kurumsal kapasite geli\u015fimine olan etkilerini inceleyen bir ara\u015ft\u0131rman\u0131n bulgular\u0131n\u0131n de\u011ferlendirildi\u011fi bu eserde, belediye hizmetlerini sa\u011flayan teknik, sosyal, k\u00fclt\u00fcr, mali ve idari birimlerinde y\u00fcr\u00fct\u00fclen d\u0131\u015f destekli projeler ele al\u0131nm\u0131\u015f, s\u00f6z konusu projelerin belediyelerin kurumsal kapasite geli\u015fimine etkileri irdelenerek bu konuda yap\u0131lmas\u0131 gereken \u00e7al\u0131\u015fmalara i\u015faret edilmi\u015ftir.<\/p>\n","protected":false},"excerpt":{"rendered":"<p>G\u00fcn\u00fcm\u00fczde, halka en yak\u0131n hizmet birimi olarak yerel y\u00f6netimler tart\u0131\u015fmas\u0131z bir \u00f6neme sahiptir. Kentsel n\u00fcfusun artmas\u0131yla beraber hizmet alanlar\u0131n\u0131n yayg\u0131nla\u015fmas\u0131na ihtiya\u00e7 duyulmaktad\u0131r. Bu gereksinim beraberinde etkin<span class=\"excerpt-hellip\"> [\u2026]<\/span><\/p>\n","protected":false},"featured_media":0,"template":"","meta":{"_monsterinsights_skip_tracking":false,"_monsterinsights_sitenote_active":false,"_monsterinsights_sitenote_note":"","_monsterinsights_sitenote_category":0},"product_brand":[],"product_cat":[13043,17647],"product_tag":[],"class_list":{"0":"post-757731","1":"product","2":"type-product","3":"status-publish","5":"product_cat-ekonomi","6":"product_cat-is-dunyasi","7":"pa_cilt-ciltsiz","8":"pa_tur-kitap","9":"pa_yayinevi-aktif-yayinevi","10":"pa_yazar-kemal-kaya","12":"first","13":"instock","14":"sale","15":"shipping-taxable","16":"purchasable","17":"product-type-simple"},"_links":{"self":[{"href":"https:\/\/roveyayinevi.com.tr\/index.php\/wp-json\/wp\/v2\/product\/757731","targetHints":{"allow":["GET"]}}],"collection":[{"href":"https:\/\/roveyayinevi.com.tr\/index.php\/wp-json\/wp\/v2\/product"}],"about":[{"href":"https:\/\/roveyayinevi.com.tr\/index.php\/wp-json\/wp\/v2\/types\/product"}],"wp:attachment":[{"href":"https:\/\/roveyayinevi.com.tr\/index.php\/wp-json\/wp\/v2\/media?parent=757731"}],"wp:term":[{"taxonomy":"product_brand","embeddable":true,"href":"https:\/\/roveyayinevi.com.tr\/index.php\/wp-json\/wp\/v2\/product_brand?post=757731"},{"taxonomy":"product_cat","embeddable":true,"href":"https:\/\/roveyayinevi.com.tr\/index.php\/wp-json\/wp\/v2\/product_cat?post=757731"},{"taxonomy":"product_tag","embeddable":true,"href":"https:\/\/roveyayinevi.com.tr\/index.php\/wp-json\/wp\/v2\/product_tag?post=757731"}],"curies":[{"name":"wp","href":"https:\/\/api.w.org\/{rel}","templated":true}]}}