{"id":757730,"date":"2025-08-28T07:44:23","date_gmt":"2025-08-28T04:44:23","guid":{"rendered":"https:\/\/roveyayinevi.com.tr\/index.php\/urun\/siyasi-cografya\/"},"modified":"2026-04-16T03:10:47","modified_gmt":"2026-04-16T00:10:47","slug":"siyasi-cografya","status":"publish","type":"product","link":"https:\/\/roveyayinevi.com.tr\/index.php\/urun\/siyasi-cografya\/","title":{"rendered":"Siyasi Co\u011frafya"},"content":{"rendered":"<p>21. y\u00fczy\u0131l\u0131n ba\u015flang\u0131c\u0131nda, t\u00fcm d\u00fcnya \u00f6l\u00e7e\u011finde en fazla ilgi duyulan bilim dallar\u0131ndan biri \u015f\u00fcphesiz Siyas\u00ee Co\u011frafyad\u0131r. Bug\u00fcn art\u0131k Siyas\u00ee Co\u011frafya dal\u0131nda, en k\u00fc\u00e7\u00fck \u00fclkelerdeki co\u011frafyac\u0131lar taraf\u0131ndan da ilgi duyulmakta ve \u00e7ok say\u0131da ara\u015ft\u0131rmalar yap\u0131lmaktad\u0131r.T\u00fcrkiye; 20. y\u00fczy\u0131lda siyasi co\u011frafya a\u00e7\u0131s\u0131ndan de\u011ferlendiremedi\u011fi f\u0131rsatlar\u0131 yakalamada, 21. y\u00fczy\u0131l i\u00e7erisinde daha aktif ve daha kararl\u0131 olmak zorundad\u0131r. \u00c7\u00fcnk\u00fc f\u0131rsatlar\u0131n ka\u00e7\u0131r\u0131lmas\u0131, \u00fclkenin geli\u015fmesine engel olmakta ve her bak\u0131mdan zarar u\u011framas\u0131na neden olmaktad\u0131r.Dolay\u0131s\u0131yla \u00fclkemiz 21. y\u00fczy\u0131l\u0131 \u00e7ok iyi bir \u015fekilde de\u011ferlendirmek zorundad\u0131r. Ancak bunu nas\u0131l becerebilecektir? D\u00fcnya platformunda h\u00e2kim g\u00fc\u00e7 haline nas\u0131l gelebilecektir? T\u00fcrkiye i\u00e7in cevaplanmas\u0131 mutlaka gerekli olan bu t\u00fcr sorular\u0131n cevab\u0131, \u00fclkenin siyasi co\u011frafya \u00f6zelliklerinde yatmaktad\u0131r.<\/p>\n","protected":false},"excerpt":{"rendered":"<p>21. y\u00fczy\u0131l\u0131n ba\u015flang\u0131c\u0131nda, t\u00fcm d\u00fcnya \u00f6l\u00e7e\u011finde en fazla ilgi duyulan bilim dallar\u0131ndan biri \u015f\u00fcphesiz Siyas\u00ee Co\u011frafyad\u0131r. Bug\u00fcn art\u0131k Siyas\u00ee Co\u011frafya dal\u0131nda, en k\u00fc\u00e7\u00fck \u00fclkelerdeki co\u011frafyac\u0131lar taraf\u0131ndan<span class=\"excerpt-hellip\"> [\u2026]<\/span><\/p>\n","protected":false},"featured_media":0,"template":"","meta":{"_monsterinsights_skip_tracking":false,"_monsterinsights_sitenote_active":false,"_monsterinsights_sitenote_note":"","_monsterinsights_sitenote_category":0},"product_brand":[],"product_cat":[12337],"product_tag":[],"class_list":{"0":"post-757730","1":"product","2":"type-product","3":"status-publish","5":"product_cat-politika-siyaset","6":"pa_cilt-ciltsiz","7":"pa_tur-kitap","8":"pa_yayinevi-aktif-yayinevi","9":"pa_yazar-ramazan-ozey","11":"first","12":"instock","13":"sale","14":"shipping-taxable","15":"purchasable","16":"product-type-simple"},"_links":{"self":[{"href":"https:\/\/roveyayinevi.com.tr\/index.php\/wp-json\/wp\/v2\/product\/757730","targetHints":{"allow":["GET"]}}],"collection":[{"href":"https:\/\/roveyayinevi.com.tr\/index.php\/wp-json\/wp\/v2\/product"}],"about":[{"href":"https:\/\/roveyayinevi.com.tr\/index.php\/wp-json\/wp\/v2\/types\/product"}],"wp:attachment":[{"href":"https:\/\/roveyayinevi.com.tr\/index.php\/wp-json\/wp\/v2\/media?parent=757730"}],"wp:term":[{"taxonomy":"product_brand","embeddable":true,"href":"https:\/\/roveyayinevi.com.tr\/index.php\/wp-json\/wp\/v2\/product_brand?post=757730"},{"taxonomy":"product_cat","embeddable":true,"href":"https:\/\/roveyayinevi.com.tr\/index.php\/wp-json\/wp\/v2\/product_cat?post=757730"},{"taxonomy":"product_tag","embeddable":true,"href":"https:\/\/roveyayinevi.com.tr\/index.php\/wp-json\/wp\/v2\/product_tag?post=757730"}],"curies":[{"name":"wp","href":"https:\/\/api.w.org\/{rel}","templated":true}]}}