{"id":757727,"date":"2025-08-28T07:44:19","date_gmt":"2025-08-28T04:44:19","guid":{"rendered":"https:\/\/roveyayinevi.com.tr\/index.php\/urun\/toplam-kalite-yonetimi-cercevesinde-buro-yonetimi-teknikleri\/"},"modified":"2026-04-16T03:10:47","modified_gmt":"2026-04-16T00:10:47","slug":"toplam-kalite-yonetimi-cercevesinde-buro-yonetimi-teknikleri","status":"publish","type":"product","link":"https:\/\/roveyayinevi.com.tr\/index.php\/urun\/toplam-kalite-yonetimi-cercevesinde-buro-yonetimi-teknikleri\/","title":{"rendered":"Toplam Kalite Y\u00f6netimi \u00c7er\u00e7evesinde B\u00fcro Y\u00f6netimi Teknikleri"},"content":{"rendered":"<p>\u00dcretkenli\u011fi motive edip verimlilik ve etkinli\u011fi sa\u011flama konusunda ofislerde \u00f6nemli geli\u015fmeler ya\u015fan\u0131yor. 2000li y\u0131llarda t\u00fcm y\u00f6neticilerin \u00e7al\u0131\u015facaklar\u0131 ofis ortam\u0131n\u0131 olu\u015fturmak i\u00e7in ad\u0131na\u201d D\u00f6rd\u00fcnc\u00fc Nesil Ofisler\u201d denen ofis modelleri geli\u015ftiriliyor. D\u00f6rd\u00fcnd\u00fc nesil ofisler, \u00e7al\u0131\u015fanlar\u0131n hem sosyal ihtiya\u00e7lar\u0131n\u0131 kar\u015f\u0131layarak \u201cSosyal Ofis\u201d modeline uygun bir bi\u00e7imde tasarlanan, hem de geli\u015fmi\u015f bilgi ve ileti\u015fim teknolojilerin kullan\u0131lmas\u0131na ayn\u0131 anda olarak veren sanal \u00f6zelliklere sahip ofislerdir. Bu ofisler organizasyonlarda sanalla\u015fmaya ve yatayla\u015fmaya ba\u011fl\u0131 olarak geli\u015fiyor.<\/p>\n","protected":false},"excerpt":{"rendered":"<p>\u00dcretkenli\u011fi motive edip verimlilik ve etkinli\u011fi sa\u011flama konusunda ofislerde \u00f6nemli geli\u015fmeler ya\u015fan\u0131yor. 2000li y\u0131llarda t\u00fcm y\u00f6neticilerin \u00e7al\u0131\u015facaklar\u0131 ofis ortam\u0131n\u0131 olu\u015fturmak i\u00e7in ad\u0131na\u201d D\u00f6rd\u00fcnc\u00fc Nesil Ofisler\u201d denen<span class=\"excerpt-hellip\"> [\u2026]<\/span><\/p>\n","protected":false},"featured_media":0,"template":"","meta":{"_monsterinsights_skip_tracking":false,"_monsterinsights_sitenote_active":false,"_monsterinsights_sitenote_note":"","_monsterinsights_sitenote_category":0},"product_brand":[],"product_cat":[13043,14381],"product_tag":[],"class_list":{"0":"post-757727","1":"product","2":"type-product","3":"status-publish","5":"product_cat-ekonomi","6":"product_cat-isletme-muhasebe-maliye","7":"pa_cilt-ciltsiz","8":"pa_tur-kitap","9":"pa_yayinevi-aktif-yayinevi","10":"pa_yazar-hasan-tutar","12":"first","13":"instock","14":"sale","15":"shipping-taxable","16":"purchasable","17":"product-type-simple"},"_links":{"self":[{"href":"https:\/\/roveyayinevi.com.tr\/index.php\/wp-json\/wp\/v2\/product\/757727","targetHints":{"allow":["GET"]}}],"collection":[{"href":"https:\/\/roveyayinevi.com.tr\/index.php\/wp-json\/wp\/v2\/product"}],"about":[{"href":"https:\/\/roveyayinevi.com.tr\/index.php\/wp-json\/wp\/v2\/types\/product"}],"wp:attachment":[{"href":"https:\/\/roveyayinevi.com.tr\/index.php\/wp-json\/wp\/v2\/media?parent=757727"}],"wp:term":[{"taxonomy":"product_brand","embeddable":true,"href":"https:\/\/roveyayinevi.com.tr\/index.php\/wp-json\/wp\/v2\/product_brand?post=757727"},{"taxonomy":"product_cat","embeddable":true,"href":"https:\/\/roveyayinevi.com.tr\/index.php\/wp-json\/wp\/v2\/product_cat?post=757727"},{"taxonomy":"product_tag","embeddable":true,"href":"https:\/\/roveyayinevi.com.tr\/index.php\/wp-json\/wp\/v2\/product_tag?post=757727"}],"curies":[{"name":"wp","href":"https:\/\/api.w.org\/{rel}","templated":true}]}}