{"id":757723,"date":"2025-08-28T07:44:14","date_gmt":"2025-08-28T04:44:14","guid":{"rendered":"https:\/\/roveyayinevi.com.tr\/index.php\/urun\/ortadogu-cografyasi\/"},"modified":"2026-04-16T03:10:47","modified_gmt":"2026-04-16T00:10:47","slug":"ortadogu-cografyasi","status":"publish","type":"product","link":"https:\/\/roveyayinevi.com.tr\/index.php\/urun\/ortadogu-cografyasi\/","title":{"rendered":"Ortado\u011fu Co\u011frafyas\u0131"},"content":{"rendered":"<p>Ortado\u011fu b\u00f6lgesi, tarihin en eski devirlerinde oldu\u011fu gibi, bug\u00fcn de \u00f6nemli bir stratejik konuma sahiptir. \u00c7a\u011f\u0131n ekonomik geli\u015fmeleri i\u00e7in gereksinim duyulan petrol\u00fcn bu b\u00f6lgede \u00e7ok zengin yataklar i\u00e7ermesi, b\u00f6lgenin jeopolitik\u00f6nemini kat kat daha artt\u0131rm\u0131\u015ft\u0131r. Her y\u00f6n\u00fcyle \u00f6nemli bir yere sahip olan bu b\u00f6lgenin, \u0130slam dininin merkezi ve yay\u0131lma sahas\u0131 olmas\u0131, M\u00fcsl\u00fcman olmayan di\u011fer d\u00fcnya devletleri taraf\u0131ndan ilgi oda\u011f\u0131 haline gelmi\u015ftir. Kitab\u0131n i\u00e7inde k\u0131sa gezinti yap\u0131ld\u0131\u011f\u0131nda, d\u00fcnya denkleminde Ortado\u011fu hakk\u0131nda ayr\u0131nt\u0131l\u0131 bilgilere rastlanacakt\u0131r. Ayr\u0131ca kitab\u0131n son b\u00f6l\u00fcm\u00fcnde ise, b\u00f6lgenin mevcut t\u00fcm sorunlar\u0131 ele al\u0131nm\u0131\u015f ve \u00e7\u00f6z\u00fcm yollar\u0131 sunulmaya gayret edilmi\u015ftir.Prof. Dr. Ramazan \u00d6zey<\/p>\n","protected":false},"excerpt":{"rendered":"<p>Ortado\u011fu b\u00f6lgesi, tarihin en eski devirlerinde oldu\u011fu gibi, bug\u00fcn de \u00f6nemli bir stratejik konuma sahiptir. \u00c7a\u011f\u0131n ekonomik geli\u015fmeleri i\u00e7in gereksinim duyulan petrol\u00fcn bu b\u00f6lgede \u00e7ok zengin<span class=\"excerpt-hellip\"> [\u2026]<\/span><\/p>\n","protected":false},"featured_media":0,"template":"","meta":{"_monsterinsights_skip_tracking":false,"_monsterinsights_sitenote_active":false,"_monsterinsights_sitenote_note":"","_monsterinsights_sitenote_category":0},"product_brand":[],"product_cat":[12337],"product_tag":[],"class_list":{"0":"post-757723","1":"product","2":"type-product","3":"status-publish","5":"product_cat-politika-siyaset","6":"pa_cilt-ciltsiz","7":"pa_tur-kitap","8":"pa_yayinevi-aktif-yayinevi","9":"pa_yazar-ramazan-ozey","11":"first","12":"instock","13":"sale","14":"shipping-taxable","15":"purchasable","16":"product-type-simple"},"_links":{"self":[{"href":"https:\/\/roveyayinevi.com.tr\/index.php\/wp-json\/wp\/v2\/product\/757723","targetHints":{"allow":["GET"]}}],"collection":[{"href":"https:\/\/roveyayinevi.com.tr\/index.php\/wp-json\/wp\/v2\/product"}],"about":[{"href":"https:\/\/roveyayinevi.com.tr\/index.php\/wp-json\/wp\/v2\/types\/product"}],"wp:attachment":[{"href":"https:\/\/roveyayinevi.com.tr\/index.php\/wp-json\/wp\/v2\/media?parent=757723"}],"wp:term":[{"taxonomy":"product_brand","embeddable":true,"href":"https:\/\/roveyayinevi.com.tr\/index.php\/wp-json\/wp\/v2\/product_brand?post=757723"},{"taxonomy":"product_cat","embeddable":true,"href":"https:\/\/roveyayinevi.com.tr\/index.php\/wp-json\/wp\/v2\/product_cat?post=757723"},{"taxonomy":"product_tag","embeddable":true,"href":"https:\/\/roveyayinevi.com.tr\/index.php\/wp-json\/wp\/v2\/product_tag?post=757723"}],"curies":[{"name":"wp","href":"https:\/\/api.w.org\/{rel}","templated":true}]}}