{"id":757722,"date":"2025-08-28T07:44:13","date_gmt":"2025-08-28T04:44:13","guid":{"rendered":"https:\/\/roveyayinevi.com.tr\/index.php\/urun\/okyanusya-cografyasi\/"},"modified":"2026-04-16T03:10:47","modified_gmt":"2026-04-16T00:10:47","slug":"okyanusya-cografyasi","status":"publish","type":"product","link":"https:\/\/roveyayinevi.com.tr\/index.php\/urun\/okyanusya-cografyasi\/","title":{"rendered":"Okyanusya Co\u011frafyas\u0131"},"content":{"rendered":"<p>\u0130nsano\u011flunun en eski yerle\u015fim alan\u0131 olarak, eski kara k\u00fctlelerinin kesi\u015fme noktas\u0131n\u0131 olu\u015fturan Ortado\u011fu b\u00f6lgesi ve \u00e7evresi, tarihinin ilk devirlerinden bug\u00fcne yo\u011fun bir yerle\u015fmeye sahne olmu\u015ftur. Hu ba\u011flamda. Ortado\u011fu ile birlikte, Asya, Avrupa ve Afrika! k\u0131talar\u0131, insano\u011flunun yerle\u015ftikleri ve ya\u015fad\u0131klar\u0131 eski mekanlard\u0131r. Daha soma. yeni kara k\u00fctleleri ad\u0131 verilen di\u011fer k\u0131talara yay\u0131ld\u0131klar\u0131 kabul edilir. Dolays\u0131yla hu k\u0131talar, eski kara k\u00fctlelerine y\u00f6re. her y\u00f6n\u00fcyle yenidir. Bu yenilik, n\u00fcfustan yerle\u015fmeye, tar\u0131mdan hayvanc\u0131l\u0131\u011fa, sanayile\u015fmeden ticarete katlar b\u00fct\u00fcn alanlarda kendini hissettirir.S\u00f6m\u00fcrgecilik faaliyetlerinin yo\u011fun bir \u015fekilde uyguland\u0131\u011f\u0131 k\u0131talardan birisi de, hi\u00e7 \u015f\u00fcphe yok ki Avustralya ve B\u00fcy\u00fck Okyanus i\u00e7indeki adalard\u0131r. Gelecek jeolojik d\u00f6nemlerde, gerek siyasi ve gerekse ekonomik co\u011frafya a\u00e7\u0131s\u0131ndan, gelecekle &#8220;Okyanusya&#8221; ad\u0131yla b\u00fcy\u00fck ve g\u00fc\u00e7l\u00fc bir k\u0131la ortaya \u00e7\u0131kaca\u011f\u0131 beklenmektedir. Ancak bu geli\u015fmeler \u00e7ok uzun bir s\u00fcre\u00e7 i\u00e7ersinde ger\u00e7ekle\u015fecektir. Bu eserde, daha ziyade yak\u0131n ge\u00e7mi\u015f, g\u00fcn\u00fcm\u00fc ve ak\u0131n gelecekteki co\u011frafi geli\u015fmeler incelenmi\u015ftir.<\/p>\n","protected":false},"excerpt":{"rendered":"<p>\u0130nsano\u011flunun en eski yerle\u015fim alan\u0131 olarak, eski kara k\u00fctlelerinin kesi\u015fme noktas\u0131n\u0131 olu\u015fturan Ortado\u011fu b\u00f6lgesi ve \u00e7evresi, tarihinin ilk devirlerinden bug\u00fcne yo\u011fun bir yerle\u015fmeye sahne olmu\u015ftur. Hu<span class=\"excerpt-hellip\"> [\u2026]<\/span><\/p>\n","protected":false},"featured_media":0,"template":"","meta":{"_monsterinsights_skip_tracking":false,"_monsterinsights_sitenote_active":false,"_monsterinsights_sitenote_note":"","_monsterinsights_sitenote_category":0},"product_brand":[],"product_cat":[12364],"product_tag":[],"class_list":{"0":"post-757722","1":"product","2":"type-product","3":"status-publish","5":"product_cat-genel-konular","6":"pa_cilt-ciltsiz","7":"pa_tur-kitap","8":"pa_yayinevi-aktif-yayinevi","9":"pa_yazar-ramazan-ozey","11":"first","12":"instock","13":"sale","14":"shipping-taxable","15":"purchasable","16":"product-type-simple"},"_links":{"self":[{"href":"https:\/\/roveyayinevi.com.tr\/index.php\/wp-json\/wp\/v2\/product\/757722","targetHints":{"allow":["GET"]}}],"collection":[{"href":"https:\/\/roveyayinevi.com.tr\/index.php\/wp-json\/wp\/v2\/product"}],"about":[{"href":"https:\/\/roveyayinevi.com.tr\/index.php\/wp-json\/wp\/v2\/types\/product"}],"wp:attachment":[{"href":"https:\/\/roveyayinevi.com.tr\/index.php\/wp-json\/wp\/v2\/media?parent=757722"}],"wp:term":[{"taxonomy":"product_brand","embeddable":true,"href":"https:\/\/roveyayinevi.com.tr\/index.php\/wp-json\/wp\/v2\/product_brand?post=757722"},{"taxonomy":"product_cat","embeddable":true,"href":"https:\/\/roveyayinevi.com.tr\/index.php\/wp-json\/wp\/v2\/product_cat?post=757722"},{"taxonomy":"product_tag","embeddable":true,"href":"https:\/\/roveyayinevi.com.tr\/index.php\/wp-json\/wp\/v2\/product_tag?post=757722"}],"curies":[{"name":"wp","href":"https:\/\/api.w.org\/{rel}","templated":true}]}}