{"id":757721,"date":"2025-08-28T07:44:12","date_gmt":"2025-08-28T04:44:12","guid":{"rendered":"https:\/\/roveyayinevi.com.tr\/index.php\/urun\/kulturel-cografya\/"},"modified":"2026-04-16T03:10:46","modified_gmt":"2026-04-16T00:10:46","slug":"kulturel-cografya","status":"publish","type":"product","link":"https:\/\/roveyayinevi.com.tr\/index.php\/urun\/kulturel-cografya\/","title":{"rendered":"K\u00fclt\u00fcrel Co\u011frafya"},"content":{"rendered":"<p>K\u00fclt\u00fcrel Co\u011frafya; k\u00fclt\u00fcr, insan ve \u00e7evre aras\u0131ndaki ili\u015fkiyi inceleyen bir bilimdir. Be\u015feri co\u011frafyan\u0131n bir alt dal\u0131 olan K\u00fclt\u00fcrel Co\u011frafya, tarihsel ve toplumsal geli\u015fme i\u00e7erisinde meydana gelen b\u00fct\u00fcn maddi ve manevi de\u011ferler ile bunlar\u0131 ortaya \u00e7\u0131karma, sonraki nesillere iletmede kullan\u0131lan, insan\u0131n do\u011fal ve toplumsal \u00e7evresine hakimiyetinin \u00f6l\u00e7\u00fcs\u00fcn\u00fc g\u00f6stermeyi ama\u00e7lamaktad\u0131r. K\u00fclt\u00fcr\u00fc olu\u015fturan unsurlar dil, din, beslenme al\u0131\u015fkanl\u0131klar\u0131, giyim, sanat, \u00f6rf ve adetlerdir. Aile ya da e\u011fitim yolu ile aktar\u0131lan bu unsurlar, g\u00fcn\u00fcm\u00fczde yeni nesillere kitle ileti\u015fim ara\u00e7lar\u0131 ve internet yolu ile daha h\u0131zl\u0131 aktar\u0131lmaya ba\u015flanm\u0131\u015ft\u0131r. Son iki y\u00fcz y\u0131lda ula\u015f\u0131mda mesafelerin k\u0131salmas\u0131 ve internetin yayg\u0131nla\u015fmas\u0131 ile k\u00fclt\u00fcrel yay\u0131lman\u0131n h\u0131z\u0131 da artm\u0131\u015ft\u0131r. K\u00fclt\u00fcrel Co\u011frafya kitab\u0131, k\u00fclt\u00fcr\u00fc meydana getiren unsurlar\u0131 co\u011frafii \u00e7er\u00e7eve i\u00e7erisinde incelemekle birlikte, halk k\u00fclt\u00fcr\u00fc, pop\u00fcler k\u00fclt\u00fcr, k\u00fclt\u00fcrel b\u00f6l\u00fcnme konular\u0131n\u0131 da ele almaktad\u0131r.<\/p>\n","protected":false},"excerpt":{"rendered":"<p>K\u00fclt\u00fcrel Co\u011frafya; k\u00fclt\u00fcr, insan ve \u00e7evre aras\u0131ndaki ili\u015fkiyi inceleyen bir bilimdir. Be\u015feri co\u011frafyan\u0131n bir alt dal\u0131 olan K\u00fclt\u00fcrel Co\u011frafya, tarihsel ve toplumsal geli\u015fme i\u00e7erisinde meydana gelen<span class=\"excerpt-hellip\"> [\u2026]<\/span><\/p>\n","protected":false},"featured_media":0,"template":"","meta":{"_monsterinsights_skip_tracking":false,"_monsterinsights_sitenote_active":false,"_monsterinsights_sitenote_note":"","_monsterinsights_sitenote_category":0},"product_brand":[],"product_cat":[13005,13010],"product_tag":[],"class_list":{"0":"post-757721","1":"product","2":"type-product","3":"status-publish","5":"product_cat-bilim-muhendislik","6":"product_cat-doga-bilimleri","7":"pa_cilt-ciltsiz","8":"pa_tur-kitap","9":"pa_yayinevi-aktif-yayinevi","10":"pa_yazar-ramazan-ozey","12":"first","13":"instock","14":"sale","15":"shipping-taxable","16":"purchasable","17":"product-type-simple"},"_links":{"self":[{"href":"https:\/\/roveyayinevi.com.tr\/index.php\/wp-json\/wp\/v2\/product\/757721","targetHints":{"allow":["GET"]}}],"collection":[{"href":"https:\/\/roveyayinevi.com.tr\/index.php\/wp-json\/wp\/v2\/product"}],"about":[{"href":"https:\/\/roveyayinevi.com.tr\/index.php\/wp-json\/wp\/v2\/types\/product"}],"wp:attachment":[{"href":"https:\/\/roveyayinevi.com.tr\/index.php\/wp-json\/wp\/v2\/media?parent=757721"}],"wp:term":[{"taxonomy":"product_brand","embeddable":true,"href":"https:\/\/roveyayinevi.com.tr\/index.php\/wp-json\/wp\/v2\/product_brand?post=757721"},{"taxonomy":"product_cat","embeddable":true,"href":"https:\/\/roveyayinevi.com.tr\/index.php\/wp-json\/wp\/v2\/product_cat?post=757721"},{"taxonomy":"product_tag","embeddable":true,"href":"https:\/\/roveyayinevi.com.tr\/index.php\/wp-json\/wp\/v2\/product_tag?post=757721"}],"curies":[{"name":"wp","href":"https:\/\/api.w.org\/{rel}","templated":true}]}}