{"id":757720,"date":"2025-08-28T07:44:10","date_gmt":"2025-08-28T04:44:10","guid":{"rendered":"https:\/\/roveyayinevi.com.tr\/index.php\/urun\/gunumuz-dunya-sorunlari-2\/"},"modified":"2026-04-16T03:10:46","modified_gmt":"2026-04-16T00:10:46","slug":"gunumuz-dunya-sorunlari-2","status":"publish","type":"product","link":"https:\/\/roveyayinevi.com.tr\/index.php\/urun\/gunumuz-dunya-sorunlari-2\/","title":{"rendered":"G\u00fcn\u00fcm\u00fcz d\u00fcnya Sorunlar\u0131"},"content":{"rendered":"<p>G\u00fcn\u00fcm\u00fcz D\u00fcnyas\u0131, ge\u00e7mi\u015finden olduk\u00e7a farkl\u0131 konumda bulunuyor. D\u00fcnyan\u0131n farkl\u0131 konumda olmas\u0131, \u00fczerinde ya\u015fayan insanlar\u0131n faaliyetlerinden kaynaklan\u0131yor, insano\u011flu, ya\u015fad\u0131\u011f\u0131 d\u00fcnya \u00fczerinde, daha rahat ya\u015fam \u015fartlar\u0131 sa\u011flayabilmek i\u00e7in ya\u015fad\u0131\u011f\u0131 \u00e7evrede \u00f6nemli de\u011fi\u015fiklikler yap\u0131yor. D\u00fcnya \u00fczerinde yap\u0131lan bu de\u011fi\u015fiklerin b\u00fcy\u00fck bir k\u0131sm\u0131, d\u00fcnyan\u0131n do\u011fal dengesini bozuyor ve \u00e7ok say\u0131da sorunlar ortaya \u00e7\u0131kar\u0131yor.D\u00fcnya sorunlar\u0131na, \u00e7\u00f6z\u00fcm bulmak i\u00e7in \u00f6ncelikle, sorunlar\u0131 bilmek gerekiyor. Bilinmeyen bir \u015fey hakk\u0131nda, fikir y\u00fcr\u00fctmek ve \u00e7\u00f6z\u00fcm \u00f6nermek imk\u00e2ns\u0131zd\u0131r. Bu nedenle, d\u00fcnya sorunlar\u0131n \u00f6\u011frenilmesi \u00f6nemli bir ad\u0131md\u0131r. &#8220;D\u00fcnyan\u0131n en b\u00fcy\u00fck adam\u0131 \u00f6\u011frencidir D\u00fcnyan\u0131n en k\u00fc\u00e7\u00fck adam\u0131 ise \u00f6\u011frenecek bir \u015feyi kalmayand\u0131r.&#8221; E\u011fer insano\u011flunun d\u00fcnya i\u00e7in \u00f6\u011frenecek bir \u015feyi kalmam\u0131\u015fsa, d\u00fcnyan\u0131n ve insanl\u0131\u011f\u0131n sonu yak\u0131nd\u0131r. Bu kitap, d\u00fcnyan\u0131n en b\u00fcy\u00fck adam\u0131 olan \u00f6\u011frencilere y\u00f6nelik haz\u0131rlanm\u0131\u015ft\u0131r. Kitapta, d\u00fcnyam\u0131z\u0131n do\u011fal \u00e7evre ve be\u015feri \u00e7evre ile ilgili t\u00fcm sorunlar\u0131 tespit edildikten sonra, bu sorunlar ayr\u0131nt\u0131l\u0131 bir \u015fekilde incelenmi\u015f ve kal\u0131c\u0131 \u00e7\u00f6z\u00fcm yollar\u0131 \u00f6nerilmeye \u00e7al\u0131\u015f\u0131lm\u0131\u015ft\u0131r.<\/p>\n","protected":false},"excerpt":{"rendered":"<p>G\u00fcn\u00fcm\u00fcz D\u00fcnyas\u0131, ge\u00e7mi\u015finden olduk\u00e7a farkl\u0131 konumda bulunuyor. D\u00fcnyan\u0131n farkl\u0131 konumda olmas\u0131, \u00fczerinde ya\u015fayan insanlar\u0131n faaliyetlerinden kaynaklan\u0131yor, insano\u011flu, ya\u015fad\u0131\u011f\u0131 d\u00fcnya \u00fczerinde, daha rahat ya\u015fam \u015fartlar\u0131 sa\u011flayabilmek i\u00e7in<span class=\"excerpt-hellip\"> [\u2026]<\/span><\/p>\n","protected":false},"featured_media":0,"template":"","meta":{"_monsterinsights_skip_tracking":false,"_monsterinsights_sitenote_active":false,"_monsterinsights_sitenote_note":"","_monsterinsights_sitenote_category":0},"product_brand":[],"product_cat":[12573,12566],"product_tag":[],"class_list":{"0":"post-757720","1":"product","2":"type-product","3":"status-publish","5":"product_cat-akademik-kitaplar","6":"product_cat-egitim","7":"pa_cilt-ciltsiz","8":"pa_tur-kitap","9":"pa_yayinevi-aktif-yayinevi","10":"pa_yazar-ramazan-ozey","12":"first","13":"instock","14":"sale","15":"shipping-taxable","16":"purchasable","17":"product-type-simple"},"_links":{"self":[{"href":"https:\/\/roveyayinevi.com.tr\/index.php\/wp-json\/wp\/v2\/product\/757720","targetHints":{"allow":["GET"]}}],"collection":[{"href":"https:\/\/roveyayinevi.com.tr\/index.php\/wp-json\/wp\/v2\/product"}],"about":[{"href":"https:\/\/roveyayinevi.com.tr\/index.php\/wp-json\/wp\/v2\/types\/product"}],"wp:attachment":[{"href":"https:\/\/roveyayinevi.com.tr\/index.php\/wp-json\/wp\/v2\/media?parent=757720"}],"wp:term":[{"taxonomy":"product_brand","embeddable":true,"href":"https:\/\/roveyayinevi.com.tr\/index.php\/wp-json\/wp\/v2\/product_brand?post=757720"},{"taxonomy":"product_cat","embeddable":true,"href":"https:\/\/roveyayinevi.com.tr\/index.php\/wp-json\/wp\/v2\/product_cat?post=757720"},{"taxonomy":"product_tag","embeddable":true,"href":"https:\/\/roveyayinevi.com.tr\/index.php\/wp-json\/wp\/v2\/product_tag?post=757720"}],"curies":[{"name":"wp","href":"https:\/\/api.w.org\/{rel}","templated":true}]}}