{"id":757719,"date":"2025-08-28T07:44:09","date_gmt":"2025-08-28T04:44:09","guid":{"rendered":"https:\/\/roveyayinevi.com.tr\/index.php\/urun\/dogal-bolgeler-cografyasi\/"},"modified":"2026-04-16T03:10:46","modified_gmt":"2026-04-16T00:10:46","slug":"dogal-bolgeler-cografyasi","status":"publish","type":"product","link":"https:\/\/roveyayinevi.com.tr\/index.php\/urun\/dogal-bolgeler-cografyasi\/","title":{"rendered":"Do\u011fal B\u00f6lgeler Co\u011frafyas\u0131"},"content":{"rendered":"<p>B\u00f6lgeselcilik, D\u00fcnyada 1905 y\u0131llar\u0131nda ba\u015flam\u0131\u015f ve 1930lu y\u0131llarda alt\u0131n \u00e7a\u011f\u0131n\u0131 ya\u015fam\u0131\u015ft\u0131r. Ancak 1965li y\u0131llardan sonra, b\u00f6lgeselcilik \u00f6nemini tamamen yitirmi\u015ftir. T\u00fcrkiyeye b\u00f6lgeselcilik 1941 y\u0131l\u0131nda girmi\u015f, ancak yanl\u0131\u015f alg\u0131lanm\u0131\u015ft\u0131r. D\u00fcnyada b\u00f6lgeselcilik, k\u00fcresel ve k\u0131tasal bazda ele al\u0131n\u0131rken, T\u00fcrkiyede \u00fclke baz\u0131nda al\u0131nmaya \u00e7al\u0131\u015f\u0131lm\u0131\u015f ve co\u011frafi b\u00f6lge olarak alg\u0131lanm\u0131\u015ft\u0131r. O y\u0131llardan bug\u00fcne kadar \u00e7ok say\u0131da tenkit almas\u0131na ra\u011fmen, T\u00fcrkiyede Co\u011frafi B\u00f6lgeler bir t\u00fcrl\u00fc kald\u0131r\u0131lamam\u0131\u015ft\u0131r.Y\u0131llarca Orta\u00f6\u011fretim ve Y\u00fcksek\u00f6\u011fretim co\u011frafya alan\u0131nda, yanl\u0131\u015f olmas\u0131na ra\u011fmen T\u00fcrkiye Co\u011frafi B\u00f6lgeler okutulmu\u015ftur. Oysa d\u00fcnyada b\u00f6yle bir uygulama hi\u00e7bir zaman olmam\u0131\u015ft\u0131r.<\/p>\n","protected":false},"excerpt":{"rendered":"<p>B\u00f6lgeselcilik, D\u00fcnyada 1905 y\u0131llar\u0131nda ba\u015flam\u0131\u015f ve 1930lu y\u0131llarda alt\u0131n \u00e7a\u011f\u0131n\u0131 ya\u015fam\u0131\u015ft\u0131r. Ancak 1965li y\u0131llardan sonra, b\u00f6lgeselcilik \u00f6nemini tamamen yitirmi\u015ftir. T\u00fcrkiyeye b\u00f6lgeselcilik 1941 y\u0131l\u0131nda girmi\u015f, ancak yanl\u0131\u015f<span class=\"excerpt-hellip\"> [\u2026]<\/span><\/p>\n","protected":false},"featured_media":0,"template":"","meta":{"_monsterinsights_skip_tracking":false,"_monsterinsights_sitenote_active":false,"_monsterinsights_sitenote_note":"","_monsterinsights_sitenote_category":0},"product_brand":[],"product_cat":[12364],"product_tag":[],"class_list":{"0":"post-757719","1":"product","2":"type-product","3":"status-publish","5":"product_cat-genel-konular","6":"pa_cilt-ciltsiz","7":"pa_tur-kitap","8":"pa_yayinevi-aktif-yayinevi","9":"pa_yazar-ramazan-ozey","11":"first","12":"instock","13":"sale","14":"shipping-taxable","15":"purchasable","16":"product-type-simple"},"_links":{"self":[{"href":"https:\/\/roveyayinevi.com.tr\/index.php\/wp-json\/wp\/v2\/product\/757719","targetHints":{"allow":["GET"]}}],"collection":[{"href":"https:\/\/roveyayinevi.com.tr\/index.php\/wp-json\/wp\/v2\/product"}],"about":[{"href":"https:\/\/roveyayinevi.com.tr\/index.php\/wp-json\/wp\/v2\/types\/product"}],"wp:attachment":[{"href":"https:\/\/roveyayinevi.com.tr\/index.php\/wp-json\/wp\/v2\/media?parent=757719"}],"wp:term":[{"taxonomy":"product_brand","embeddable":true,"href":"https:\/\/roveyayinevi.com.tr\/index.php\/wp-json\/wp\/v2\/product_brand?post=757719"},{"taxonomy":"product_cat","embeddable":true,"href":"https:\/\/roveyayinevi.com.tr\/index.php\/wp-json\/wp\/v2\/product_cat?post=757719"},{"taxonomy":"product_tag","embeddable":true,"href":"https:\/\/roveyayinevi.com.tr\/index.php\/wp-json\/wp\/v2\/product_tag?post=757719"}],"curies":[{"name":"wp","href":"https:\/\/api.w.org\/{rel}","templated":true}]}}